{"id":11169,"date":"2021-06-09T11:18:20","date_gmt":"2021-06-09T08:18:20","guid":{"rendered":"https:\/\/provek.com.tr\/en\/?post_type=product&#038;p=11169"},"modified":"2021-10-09T13:46:00","modified_gmt":"2021-10-09T10:46:00","slug":"professional-spray","status":"publish","type":"product","link":"https:\/\/provek.com.tr\/en\/product\/professional-spray\/","title":{"rendered":"Professional Spray: Rust Remover And Lubricant Spray"},"content":{"rendered":"<p>PROFESS\u0130ONAL SPRAY: Rust Remover And Lubricant Spray<\/p>\n<p>Pas s\u00f6k\u00fcc\u00fc ve yaIt is a rust remover and lubricant, silicone-free spray that provides protection on metal surfaces with its lubricating<br \/>\nfeature by keeping water and moisture away from the surface, and has a rust remover effect.<br \/>\nWith its effective formula, it can be applied easily and penetrates well.<br \/>\nLoosens the rusted parts and creates a thin protective film layer between surfaces.<br \/>\nReduces friction, prevents noise and abrasion caused by friction.<br \/>\nIt repels water and protects surfaces against moisture and protects metal surfaces and parts from rust.<br \/>\nIt completely cleans the grease and dirt, label and glue residues on the surfaces.<br \/>\nSince it does not contain silicone, it does not create a dirt layer on the applied surface.<br \/>\nUsage: It is used directly<\/p>\n","protected":false},"excerpt":{"rendered":"<p>PROFESS\u0130ONAL SPRAY: Rust Remover And Lubricant Spray Pas s\u00f6k\u00fcc\u00fc ve yaIt is a rust remover and lubricant, silicone-free spray that<\/p>\n","protected":false},"featured_media":11243,"comment_status":"open","ping_status":"closed","template":"","meta":[],"yoast_head":"<!-- This site is optimized with the Yoast SEO plugin v17.2.1 - https:\/\/yoast.com\/wordpress\/plugins\/seo\/ -->\n<title>Professional Spray: Rust Remover And Lubricant Spray - Provek The Righteous<\/title>\n<meta name=\"robots\" content=\"index, follow, max-snippet:-1, max-image-preview:large, max-video-preview:-1\" \/>\n<link rel=\"canonical\" href=\"https:\/\/provek.com.tr\/en\/product\/professional-spray\/\" \/>\n<meta property=\"og:locale\" content=\"en_US\" \/>\n<meta property=\"og:type\" content=\"article\" \/>\n<meta property=\"og:title\" content=\"Professional Spray: Rust Remover And Lubricant Spray - Provek The Righteous\" \/>\n<meta property=\"og:description\" content=\"PROFESS\u0130ONAL SPRAY: Rust Remover And Lubricant Spray Pas s\u00f6k\u00fcc\u00fc ve yaIt is a rust remover and lubricant, silicone-free spray that\" \/>\n<meta property=\"og:url\" content=\"https:\/\/provek.com.tr\/en\/product\/professional-spray\/\" \/>\n<meta property=\"og:site_name\" content=\"Provek The Righteous\" \/>\n<meta property=\"article:modified_time\" content=\"2021-10-09T10:46:00+00:00\" \/>\n<meta property=\"og:image\" content=\"https:\/\/provek.com.tr\/en\/wp-content\/uploads\/sites\/5\/2021\/06\/PROFESSIONAL-SPRAY-2.png\" \/>\n\t<meta property=\"og:image:width\" content=\"1200\" \/>\n\t<meta property=\"og:image:height\" content=\"1201\" \/>\n<meta name=\"twitter:card\" content=\"summary_large_image\" \/>\n<meta name=\"twitter:label1\" content=\"Est. reading time\" \/>\n\t<meta name=\"twitter:data1\" content=\"1 minute\" \/>\n<script type=\"application\/ld+json\" class=\"yoast-schema-graph\">{\"@context\":\"https:\/\/schema.org\",\"@graph\":[{\"@type\":\"WebSite\",\"@id\":\"https:\/\/provek.com.tr\/en\/#website\",\"url\":\"https:\/\/provek.com.tr\/en\/\",\"name\":\"Provek The Righteous\",\"description\":\"Provek The Righteous\",\"potentialAction\":[{\"@type\":\"SearchAction\",\"target\":{\"@type\":\"EntryPoint\",\"urlTemplate\":\"https:\/\/provek.com.tr\/en\/?s={search_term_string}\"},\"query-input\":\"required name=search_term_string\"}],\"inLanguage\":\"en-US\"},{\"@type\":\"ImageObject\",\"@id\":\"https:\/\/provek.com.tr\/en\/product\/professional-spray\/#primaryimage\",\"inLanguage\":\"en-US\",\"url\":\"https:\/\/provek.com.tr\/en\/wp-content\/uploads\/sites\/5\/2021\/06\/PROFESSIONAL-SPRAY-2.png\",\"contentUrl\":\"https:\/\/provek.com.tr\/en\/wp-content\/uploads\/sites\/5\/2021\/06\/PROFESSIONAL-SPRAY-2.png\",\"width\":1200,\"height\":1201},{\"@type\":\"WebPage\",\"@id\":\"https:\/\/provek.com.tr\/en\/product\/professional-spray\/#webpage\",\"url\":\"https:\/\/provek.com.tr\/en\/product\/professional-spray\/\",\"name\":\"Professional Spray: Rust Remover And Lubricant Spray - Provek The Righteous\",\"isPartOf\":{\"@id\":\"https:\/\/provek.com.tr\/en\/#website\"},\"primaryImageOfPage\":{\"@id\":\"https:\/\/provek.com.tr\/en\/product\/professional-spray\/#primaryimage\"},\"datePublished\":\"2021-06-09T08:18:20+00:00\",\"dateModified\":\"2021-10-09T10:46:00+00:00\",\"breadcrumb\":{\"@id\":\"https:\/\/provek.com.tr\/en\/product\/professional-spray\/#breadcrumb\"},\"inLanguage\":\"en-US\",\"potentialAction\":[{\"@type\":\"ReadAction\",\"target\":[\"https:\/\/provek.com.tr\/en\/product\/professional-spray\/\"]}]},{\"@type\":\"BreadcrumbList\",\"@id\":\"https:\/\/provek.com.tr\/en\/product\/professional-spray\/#breadcrumb\",\"itemListElement\":[{\"@type\":\"ListItem\",\"position\":1,\"name\":\"Anasayfa\",\"item\":\"https:\/\/provek.com.tr\/en\/\"},{\"@type\":\"ListItem\",\"position\":2,\"name\":\"Products\",\"item\":\"https:\/\/provek.com.tr\/en\/shop\/\"},{\"@type\":\"ListItem\",\"position\":3,\"name\":\"Professional Spray: Rust Remover And Lubricant Spray\"}]}]}<\/script>\n<!-- \/ Yoast SEO plugin. -->","yoast_head_json":{"title":"Professional Spray: Rust Remover And Lubricant Spray - Provek The Righteous","robots":{"index":"index","follow":"follow","max-snippet":"max-snippet:-1","max-image-preview":"max-image-preview:large","max-video-preview":"max-video-preview:-1"},"canonical":"https:\/\/provek.com.tr\/en\/product\/professional-spray\/","og_locale":"en_US","og_type":"article","og_title":"Professional Spray: Rust Remover And Lubricant Spray - Provek The Righteous","og_description":"PROFESS\u0130ONAL SPRAY: Rust Remover And Lubricant Spray Pas s\u00f6k\u00fcc\u00fc ve yaIt is a rust remover and lubricant, silicone-free spray that","og_url":"https:\/\/provek.com.tr\/en\/product\/professional-spray\/","og_site_name":"Provek The Righteous","article_modified_time":"2021-10-09T10:46:00+00:00","og_image":[{"width":1200,"height":1201,"url":"https:\/\/provek.com.tr\/en\/wp-content\/uploads\/sites\/5\/2021\/06\/PROFESSIONAL-SPRAY-2.png","path":"\/var\/www\/vhosts\/provek.com.tr\/httpdocs\/wp-content\/uploads\/sites\/5\/2021\/06\/PROFESSIONAL-SPRAY-2.png","size":"full","id":11243,"alt":"","pixels":1441200,"type":"image\/png"}],"twitter_card":"summary_large_image","twitter_misc":{"Est. reading time":"1 minute"},"schema":{"@context":"https:\/\/schema.org","@graph":[{"@type":"WebSite","@id":"https:\/\/provek.com.tr\/en\/#website","url":"https:\/\/provek.com.tr\/en\/","name":"Provek The Righteous","description":"Provek The Righteous","potentialAction":[{"@type":"SearchAction","target":{"@type":"EntryPoint","urlTemplate":"https:\/\/provek.com.tr\/en\/?s={search_term_string}"},"query-input":"required name=search_term_string"}],"inLanguage":"en-US"},{"@type":"ImageObject","@id":"https:\/\/provek.com.tr\/en\/product\/professional-spray\/#primaryimage","inLanguage":"en-US","url":"https:\/\/provek.com.tr\/en\/wp-content\/uploads\/sites\/5\/2021\/06\/PROFESSIONAL-SPRAY-2.png","contentUrl":"https:\/\/provek.com.tr\/en\/wp-content\/uploads\/sites\/5\/2021\/06\/PROFESSIONAL-SPRAY-2.png","width":1200,"height":1201},{"@type":"WebPage","@id":"https:\/\/provek.com.tr\/en\/product\/professional-spray\/#webpage","url":"https:\/\/provek.com.tr\/en\/product\/professional-spray\/","name":"Professional Spray: Rust Remover And Lubricant Spray - Provek The Righteous","isPartOf":{"@id":"https:\/\/provek.com.tr\/en\/#website"},"primaryImageOfPage":{"@id":"https:\/\/provek.com.tr\/en\/product\/professional-spray\/#primaryimage"},"datePublished":"2021-06-09T08:18:20+00:00","dateModified":"2021-10-09T10:46:00+00:00","breadcrumb":{"@id":"https:\/\/provek.com.tr\/en\/product\/professional-spray\/#breadcrumb"},"inLanguage":"en-US","potentialAction":[{"@type":"ReadAction","target":["https:\/\/provek.com.tr\/en\/product\/professional-spray\/"]}]},{"@type":"BreadcrumbList","@id":"https:\/\/provek.com.tr\/en\/product\/professional-spray\/#breadcrumb","itemListElement":[{"@type":"ListItem","position":1,"name":"Anasayfa","item":"https:\/\/provek.com.tr\/en\/"},{"@type":"ListItem","position":2,"name":"Products","item":"https:\/\/provek.com.tr\/en\/shop\/"},{"@type":"ListItem","position":3,"name":"Professional Spray: Rust Remover And Lubricant Spray"}]}]}},"_links":{"self":[{"href":"https:\/\/provek.com.tr\/en\/wp-json\/wp\/v2\/product\/11169"}],"collection":[{"href":"https:\/\/provek.com.tr\/en\/wp-json\/wp\/v2\/product"}],"about":[{"href":"https:\/\/provek.com.tr\/en\/wp-json\/wp\/v2\/types\/product"}],"replies":[{"embeddable":true,"href":"https:\/\/provek.com.tr\/en\/wp-json\/wp\/v2\/comments?post=11169"}],"version-history":[{"count":3,"href":"https:\/\/provek.com.tr\/en\/wp-json\/wp\/v2\/product\/11169\/revisions"}],"predecessor-version":[{"id":11538,"href":"https:\/\/provek.com.tr\/en\/wp-json\/wp\/v2\/product\/11169\/revisions\/11538"}],"wp:featuredmedia":[{"embeddable":true,"href":"https:\/\/provek.com.tr\/en\/wp-json\/wp\/v2\/media\/11243"}],"wp:attachment":[{"href":"https:\/\/provek.com.tr\/en\/wp-json\/wp\/v2\/media?parent=11169"}],"curies":[{"name":"wp","href":"https:\/\/api.w.org\/{rel}","templated":true}]}}