{"id":11118,"date":"2021-06-09T10:11:54","date_gmt":"2021-06-09T07:11:54","guid":{"rendered":"https:\/\/provek.com.tr\/en\/?post_type=product&#038;p=11118"},"modified":"2021-12-16T18:02:12","modified_gmt":"2021-12-16T15:02:12","slug":"dishex-end","status":"publish","type":"product","link":"https:\/\/provek.com.tr\/en\/product\/dishex-end\/","title":{"rendered":"Dishex : L\u0131me Remover For Industr\u0131al Dishwashers"},"content":{"rendered":"<p>Dishex : L\u0131me Remover For Industr\u0131al Dishwashers<\/p>\n<p>Dishex is a lime remover for commercial dishwashers and can be used in places such as hospitals, factories, restaurants, hotels.<br \/>\nWhen used regularly, it removes the lime layers that may occur in the machine and it does not damage the metal parts of the machine.<br \/>\nDishex shines the metal parts by removing the lime on them.<br \/>\nIt is suitable for environmental health which over 80% of its composition decomposes in nature.<br \/>\n20 \u2013 30 gr is added to 1 L of water manually into the dishwasher. In cases of heavy accumulation of lime, the amount can be increased.<br \/>\nEmpty wash must be performed for 20 minutes while the rinse aid and detergent hoses are closed.<\/p>\n","protected":false},"excerpt":{"rendered":"<p>Dishex : L\u0131me Remover For Industr\u0131al Dishwashers Dishex is a lime remover for commercial dishwashers and can be used in<\/p>\n","protected":false},"featured_media":11717,"comment_status":"open","ping_status":"closed","template":"","meta":[],"yoast_head":"<!-- This site is optimized with the Yoast SEO plugin v17.2.1 - https:\/\/yoast.com\/wordpress\/plugins\/seo\/ -->\n<title>Dishex : L\u0131me Remover For Industr\u0131al Dishwashers - Provek The Righteous<\/title>\n<meta name=\"robots\" content=\"index, follow, max-snippet:-1, max-image-preview:large, max-video-preview:-1\" \/>\n<link rel=\"canonical\" href=\"https:\/\/provek.com.tr\/en\/product\/dishex-end\/\" \/>\n<meta property=\"og:locale\" content=\"en_US\" \/>\n<meta property=\"og:type\" content=\"article\" \/>\n<meta property=\"og:title\" content=\"Dishex : L\u0131me Remover For Industr\u0131al Dishwashers - Provek The Righteous\" \/>\n<meta property=\"og:description\" content=\"Dishex : L\u0131me Remover For Industr\u0131al Dishwashers Dishex is a lime remover for commercial dishwashers and can be used in\" \/>\n<meta property=\"og:url\" content=\"https:\/\/provek.com.tr\/en\/product\/dishex-end\/\" \/>\n<meta property=\"og:site_name\" content=\"Provek The Righteous\" \/>\n<meta property=\"article:modified_time\" content=\"2021-12-16T15:02:12+00:00\" \/>\n<meta property=\"og:image\" content=\"https:\/\/provek.com.tr\/en\/wp-content\/uploads\/sites\/5\/2021\/06\/DISHEX1.jpg\" \/>\n\t<meta property=\"og:image:width\" content=\"2500\" \/>\n\t<meta property=\"og:image:height\" content=\"2502\" \/>\n<meta name=\"twitter:card\" content=\"summary_large_image\" \/>\n<script type=\"application\/ld+json\" class=\"yoast-schema-graph\">{\"@context\":\"https:\/\/schema.org\",\"@graph\":[{\"@type\":\"WebSite\",\"@id\":\"https:\/\/provek.com.tr\/en\/#website\",\"url\":\"https:\/\/provek.com.tr\/en\/\",\"name\":\"Provek The Righteous\",\"description\":\"Provek The Righteous\",\"potentialAction\":[{\"@type\":\"SearchAction\",\"target\":{\"@type\":\"EntryPoint\",\"urlTemplate\":\"https:\/\/provek.com.tr\/en\/?s={search_term_string}\"},\"query-input\":\"required name=search_term_string\"}],\"inLanguage\":\"en-US\"},{\"@type\":\"ImageObject\",\"@id\":\"https:\/\/provek.com.tr\/en\/product\/dishex-end\/#primaryimage\",\"inLanguage\":\"en-US\",\"url\":\"https:\/\/provek.com.tr\/en\/wp-content\/uploads\/sites\/5\/2021\/06\/DISHEX1.jpg\",\"contentUrl\":\"https:\/\/provek.com.tr\/en\/wp-content\/uploads\/sites\/5\/2021\/06\/DISHEX1.jpg\",\"width\":2500,\"height\":2502},{\"@type\":\"WebPage\",\"@id\":\"https:\/\/provek.com.tr\/en\/product\/dishex-end\/#webpage\",\"url\":\"https:\/\/provek.com.tr\/en\/product\/dishex-end\/\",\"name\":\"Dishex : L\\u0131me Remover For Industr\\u0131al Dishwashers - Provek The Righteous\",\"isPartOf\":{\"@id\":\"https:\/\/provek.com.tr\/en\/#website\"},\"primaryImageOfPage\":{\"@id\":\"https:\/\/provek.com.tr\/en\/product\/dishex-end\/#primaryimage\"},\"datePublished\":\"2021-06-09T07:11:54+00:00\",\"dateModified\":\"2021-12-16T15:02:12+00:00\",\"breadcrumb\":{\"@id\":\"https:\/\/provek.com.tr\/en\/product\/dishex-end\/#breadcrumb\"},\"inLanguage\":\"en-US\",\"potentialAction\":[{\"@type\":\"ReadAction\",\"target\":[\"https:\/\/provek.com.tr\/en\/product\/dishex-end\/\"]}]},{\"@type\":\"BreadcrumbList\",\"@id\":\"https:\/\/provek.com.tr\/en\/product\/dishex-end\/#breadcrumb\",\"itemListElement\":[{\"@type\":\"ListItem\",\"position\":1,\"name\":\"Anasayfa\",\"item\":\"https:\/\/provek.com.tr\/en\/\"},{\"@type\":\"ListItem\",\"position\":2,\"name\":\"Products\",\"item\":\"https:\/\/provek.com.tr\/en\/shop\/\"},{\"@type\":\"ListItem\",\"position\":3,\"name\":\"Dishex : L\\u0131me Remover For Industr\\u0131al Dishwashers\"}]}]}<\/script>\n<!-- \/ Yoast SEO plugin. -->","yoast_head_json":{"title":"Dishex : L\u0131me Remover For Industr\u0131al Dishwashers - Provek The Righteous","robots":{"index":"index","follow":"follow","max-snippet":"max-snippet:-1","max-image-preview":"max-image-preview:large","max-video-preview":"max-video-preview:-1"},"canonical":"https:\/\/provek.com.tr\/en\/product\/dishex-end\/","og_locale":"en_US","og_type":"article","og_title":"Dishex : L\u0131me Remover For Industr\u0131al Dishwashers - Provek The Righteous","og_description":"Dishex : L\u0131me Remover For Industr\u0131al Dishwashers Dishex is a lime remover for commercial dishwashers and can be used in","og_url":"https:\/\/provek.com.tr\/en\/product\/dishex-end\/","og_site_name":"Provek The Righteous","article_modified_time":"2021-12-16T15:02:12+00:00","og_image":[{"width":2500,"height":2502,"url":"https:\/\/provek.com.tr\/en\/wp-content\/uploads\/sites\/5\/2021\/06\/DISHEX1.jpg","path":"\/var\/www\/vhosts\/provek.com.tr\/httpdocs\/wp-content\/uploads\/sites\/5\/2021\/06\/DISHEX1.jpg","size":"full","id":11717,"alt":"","pixels":6255000,"type":"image\/jpeg"}],"twitter_card":"summary_large_image","schema":{"@context":"https:\/\/schema.org","@graph":[{"@type":"WebSite","@id":"https:\/\/provek.com.tr\/en\/#website","url":"https:\/\/provek.com.tr\/en\/","name":"Provek The Righteous","description":"Provek The Righteous","potentialAction":[{"@type":"SearchAction","target":{"@type":"EntryPoint","urlTemplate":"https:\/\/provek.com.tr\/en\/?s={search_term_string}"},"query-input":"required name=search_term_string"}],"inLanguage":"en-US"},{"@type":"ImageObject","@id":"https:\/\/provek.com.tr\/en\/product\/dishex-end\/#primaryimage","inLanguage":"en-US","url":"https:\/\/provek.com.tr\/en\/wp-content\/uploads\/sites\/5\/2021\/06\/DISHEX1.jpg","contentUrl":"https:\/\/provek.com.tr\/en\/wp-content\/uploads\/sites\/5\/2021\/06\/DISHEX1.jpg","width":2500,"height":2502},{"@type":"WebPage","@id":"https:\/\/provek.com.tr\/en\/product\/dishex-end\/#webpage","url":"https:\/\/provek.com.tr\/en\/product\/dishex-end\/","name":"Dishex : L\u0131me Remover For Industr\u0131al Dishwashers - Provek The Righteous","isPartOf":{"@id":"https:\/\/provek.com.tr\/en\/#website"},"primaryImageOfPage":{"@id":"https:\/\/provek.com.tr\/en\/product\/dishex-end\/#primaryimage"},"datePublished":"2021-06-09T07:11:54+00:00","dateModified":"2021-12-16T15:02:12+00:00","breadcrumb":{"@id":"https:\/\/provek.com.tr\/en\/product\/dishex-end\/#breadcrumb"},"inLanguage":"en-US","potentialAction":[{"@type":"ReadAction","target":["https:\/\/provek.com.tr\/en\/product\/dishex-end\/"]}]},{"@type":"BreadcrumbList","@id":"https:\/\/provek.com.tr\/en\/product\/dishex-end\/#breadcrumb","itemListElement":[{"@type":"ListItem","position":1,"name":"Anasayfa","item":"https:\/\/provek.com.tr\/en\/"},{"@type":"ListItem","position":2,"name":"Products","item":"https:\/\/provek.com.tr\/en\/shop\/"},{"@type":"ListItem","position":3,"name":"Dishex : L\u0131me Remover For Industr\u0131al Dishwashers"}]}]}},"_links":{"self":[{"href":"https:\/\/provek.com.tr\/en\/wp-json\/wp\/v2\/product\/11118"}],"collection":[{"href":"https:\/\/provek.com.tr\/en\/wp-json\/wp\/v2\/product"}],"about":[{"href":"https:\/\/provek.com.tr\/en\/wp-json\/wp\/v2\/types\/product"}],"replies":[{"embeddable":true,"href":"https:\/\/provek.com.tr\/en\/wp-json\/wp\/v2\/comments?post=11118"}],"version-history":[{"count":5,"href":"https:\/\/provek.com.tr\/en\/wp-json\/wp\/v2\/product\/11118\/revisions"}],"predecessor-version":[{"id":11719,"href":"https:\/\/provek.com.tr\/en\/wp-json\/wp\/v2\/product\/11118\/revisions\/11719"}],"wp:featuredmedia":[{"embeddable":true,"href":"https:\/\/provek.com.tr\/en\/wp-json\/wp\/v2\/media\/11717"}],"wp:attachment":[{"href":"https:\/\/provek.com.tr\/en\/wp-json\/wp\/v2\/media?parent=11118"}],"curies":[{"name":"wp","href":"https:\/\/api.w.org\/{rel}","templated":true}]}}