{"id":11097,"date":"2021-06-08T18:07:35","date_gmt":"2021-06-08T15:07:35","guid":{"rendered":"https:\/\/provek.com.tr\/en\/?post_type=product&#038;p=11097"},"modified":"2021-12-16T17:57:38","modified_gmt":"2021-12-16T14:57:38","slug":"daily-odor","status":"publish","type":"product","link":"https:\/\/provek.com.tr\/en\/product\/daily-odor\/","title":{"rendered":"Daily Odor: General Cleaning Product With Concentrated Perfume"},"content":{"rendered":"<p>DA\u0130LY ODOR: General Clean\u0131ng Product W\u0131th Concentrated Perfume<\/p>\n<p>With its special components it prevents bad odor.<\/p>\n<p>It also has disinfectant properties. A product that used in municipal garbage trucks, garbage containers and cleaning of<br \/>\nmarket places.<\/p>\n<p>It leaves a long-lasting floral scent (Plant, flower etc).<\/p>\n<p>Does not harm plants, trees, etc.<\/p>\n<p>A product which used especially to eliminate bad odors in the drains of hotels, shopping malls and office buildings.<\/p>\n<p>Direction Of Use: 1\/10 \u2013 1\/100 dilution with water.<\/p>\n","protected":false},"excerpt":{"rendered":"<p>DA\u0130LY ODOR: General Clean\u0131ng Product W\u0131th Concentrated Perfume With its special components it prevents bad odor. It also has disinfectant<\/p>\n","protected":false},"featured_media":11708,"comment_status":"open","ping_status":"closed","template":"","meta":[],"yoast_head":"<!-- This site is optimized with the Yoast SEO plugin v17.2.1 - https:\/\/yoast.com\/wordpress\/plugins\/seo\/ -->\n<title>Daily Odor: General Cleaning Product With Concentrated Perfume - Provek The Righteous<\/title>\n<meta name=\"robots\" content=\"index, follow, max-snippet:-1, max-image-preview:large, max-video-preview:-1\" \/>\n<link rel=\"canonical\" href=\"https:\/\/provek.com.tr\/en\/product\/daily-odor\/\" \/>\n<meta property=\"og:locale\" content=\"en_US\" \/>\n<meta property=\"og:type\" content=\"article\" \/>\n<meta property=\"og:title\" content=\"Daily Odor: General Cleaning Product With Concentrated Perfume - Provek The Righteous\" \/>\n<meta property=\"og:description\" content=\"DA\u0130LY ODOR: General Clean\u0131ng Product W\u0131th Concentrated Perfume With its special components it prevents bad odor. It also has disinfectant\" \/>\n<meta property=\"og:url\" content=\"https:\/\/provek.com.tr\/en\/product\/daily-odor\/\" \/>\n<meta property=\"og:site_name\" content=\"Provek The Righteous\" \/>\n<meta property=\"article:modified_time\" content=\"2021-12-16T14:57:38+00:00\" \/>\n<meta property=\"og:image\" content=\"https:\/\/provek.com.tr\/en\/wp-content\/uploads\/sites\/5\/2021\/06\/DAILY-ODOR1.jpg\" \/>\n\t<meta property=\"og:image:width\" content=\"2500\" \/>\n\t<meta property=\"og:image:height\" content=\"2502\" \/>\n<meta name=\"twitter:card\" content=\"summary_large_image\" \/>\n<script type=\"application\/ld+json\" class=\"yoast-schema-graph\">{\"@context\":\"https:\/\/schema.org\",\"@graph\":[{\"@type\":\"WebSite\",\"@id\":\"https:\/\/provek.com.tr\/en\/#website\",\"url\":\"https:\/\/provek.com.tr\/en\/\",\"name\":\"Provek The Righteous\",\"description\":\"Provek The Righteous\",\"potentialAction\":[{\"@type\":\"SearchAction\",\"target\":{\"@type\":\"EntryPoint\",\"urlTemplate\":\"https:\/\/provek.com.tr\/en\/?s={search_term_string}\"},\"query-input\":\"required name=search_term_string\"}],\"inLanguage\":\"en-US\"},{\"@type\":\"ImageObject\",\"@id\":\"https:\/\/provek.com.tr\/en\/product\/daily-odor\/#primaryimage\",\"inLanguage\":\"en-US\",\"url\":\"https:\/\/provek.com.tr\/en\/wp-content\/uploads\/sites\/5\/2021\/06\/DAILY-ODOR1.jpg\",\"contentUrl\":\"https:\/\/provek.com.tr\/en\/wp-content\/uploads\/sites\/5\/2021\/06\/DAILY-ODOR1.jpg\",\"width\":2500,\"height\":2502},{\"@type\":\"WebPage\",\"@id\":\"https:\/\/provek.com.tr\/en\/product\/daily-odor\/#webpage\",\"url\":\"https:\/\/provek.com.tr\/en\/product\/daily-odor\/\",\"name\":\"Daily Odor: General Cleaning Product With Concentrated Perfume - Provek The Righteous\",\"isPartOf\":{\"@id\":\"https:\/\/provek.com.tr\/en\/#website\"},\"primaryImageOfPage\":{\"@id\":\"https:\/\/provek.com.tr\/en\/product\/daily-odor\/#primaryimage\"},\"datePublished\":\"2021-06-08T15:07:35+00:00\",\"dateModified\":\"2021-12-16T14:57:38+00:00\",\"breadcrumb\":{\"@id\":\"https:\/\/provek.com.tr\/en\/product\/daily-odor\/#breadcrumb\"},\"inLanguage\":\"en-US\",\"potentialAction\":[{\"@type\":\"ReadAction\",\"target\":[\"https:\/\/provek.com.tr\/en\/product\/daily-odor\/\"]}]},{\"@type\":\"BreadcrumbList\",\"@id\":\"https:\/\/provek.com.tr\/en\/product\/daily-odor\/#breadcrumb\",\"itemListElement\":[{\"@type\":\"ListItem\",\"position\":1,\"name\":\"Anasayfa\",\"item\":\"https:\/\/provek.com.tr\/en\/\"},{\"@type\":\"ListItem\",\"position\":2,\"name\":\"Products\",\"item\":\"https:\/\/provek.com.tr\/en\/shop\/\"},{\"@type\":\"ListItem\",\"position\":3,\"name\":\"Daily Odor: General Cleaning Product With Concentrated Perfume\"}]}]}<\/script>\n<!-- \/ Yoast SEO plugin. -->","yoast_head_json":{"title":"Daily Odor: General Cleaning Product With Concentrated Perfume - Provek The Righteous","robots":{"index":"index","follow":"follow","max-snippet":"max-snippet:-1","max-image-preview":"max-image-preview:large","max-video-preview":"max-video-preview:-1"},"canonical":"https:\/\/provek.com.tr\/en\/product\/daily-odor\/","og_locale":"en_US","og_type":"article","og_title":"Daily Odor: General Cleaning Product With Concentrated Perfume - Provek The Righteous","og_description":"DA\u0130LY ODOR: General Clean\u0131ng Product W\u0131th Concentrated Perfume With its special components it prevents bad odor. It also has disinfectant","og_url":"https:\/\/provek.com.tr\/en\/product\/daily-odor\/","og_site_name":"Provek The Righteous","article_modified_time":"2021-12-16T14:57:38+00:00","og_image":[{"width":2500,"height":2502,"url":"https:\/\/provek.com.tr\/en\/wp-content\/uploads\/sites\/5\/2021\/06\/DAILY-ODOR1.jpg","path":"\/var\/www\/vhosts\/provek.com.tr\/httpdocs\/wp-content\/uploads\/sites\/5\/2021\/06\/DAILY-ODOR1.jpg","size":"full","id":11708,"alt":"","pixels":6255000,"type":"image\/jpeg"}],"twitter_card":"summary_large_image","schema":{"@context":"https:\/\/schema.org","@graph":[{"@type":"WebSite","@id":"https:\/\/provek.com.tr\/en\/#website","url":"https:\/\/provek.com.tr\/en\/","name":"Provek The Righteous","description":"Provek The Righteous","potentialAction":[{"@type":"SearchAction","target":{"@type":"EntryPoint","urlTemplate":"https:\/\/provek.com.tr\/en\/?s={search_term_string}"},"query-input":"required name=search_term_string"}],"inLanguage":"en-US"},{"@type":"ImageObject","@id":"https:\/\/provek.com.tr\/en\/product\/daily-odor\/#primaryimage","inLanguage":"en-US","url":"https:\/\/provek.com.tr\/en\/wp-content\/uploads\/sites\/5\/2021\/06\/DAILY-ODOR1.jpg","contentUrl":"https:\/\/provek.com.tr\/en\/wp-content\/uploads\/sites\/5\/2021\/06\/DAILY-ODOR1.jpg","width":2500,"height":2502},{"@type":"WebPage","@id":"https:\/\/provek.com.tr\/en\/product\/daily-odor\/#webpage","url":"https:\/\/provek.com.tr\/en\/product\/daily-odor\/","name":"Daily Odor: General Cleaning Product With Concentrated Perfume - Provek The Righteous","isPartOf":{"@id":"https:\/\/provek.com.tr\/en\/#website"},"primaryImageOfPage":{"@id":"https:\/\/provek.com.tr\/en\/product\/daily-odor\/#primaryimage"},"datePublished":"2021-06-08T15:07:35+00:00","dateModified":"2021-12-16T14:57:38+00:00","breadcrumb":{"@id":"https:\/\/provek.com.tr\/en\/product\/daily-odor\/#breadcrumb"},"inLanguage":"en-US","potentialAction":[{"@type":"ReadAction","target":["https:\/\/provek.com.tr\/en\/product\/daily-odor\/"]}]},{"@type":"BreadcrumbList","@id":"https:\/\/provek.com.tr\/en\/product\/daily-odor\/#breadcrumb","itemListElement":[{"@type":"ListItem","position":1,"name":"Anasayfa","item":"https:\/\/provek.com.tr\/en\/"},{"@type":"ListItem","position":2,"name":"Products","item":"https:\/\/provek.com.tr\/en\/shop\/"},{"@type":"ListItem","position":3,"name":"Daily Odor: General Cleaning Product With Concentrated Perfume"}]}]}},"_links":{"self":[{"href":"https:\/\/provek.com.tr\/en\/wp-json\/wp\/v2\/product\/11097"}],"collection":[{"href":"https:\/\/provek.com.tr\/en\/wp-json\/wp\/v2\/product"}],"about":[{"href":"https:\/\/provek.com.tr\/en\/wp-json\/wp\/v2\/types\/product"}],"replies":[{"embeddable":true,"href":"https:\/\/provek.com.tr\/en\/wp-json\/wp\/v2\/comments?post=11097"}],"version-history":[{"count":5,"href":"https:\/\/provek.com.tr\/en\/wp-json\/wp\/v2\/product\/11097\/revisions"}],"predecessor-version":[{"id":11710,"href":"https:\/\/provek.com.tr\/en\/wp-json\/wp\/v2\/product\/11097\/revisions\/11710"}],"wp:featuredmedia":[{"embeddable":true,"href":"https:\/\/provek.com.tr\/en\/wp-json\/wp\/v2\/media\/11708"}],"wp:attachment":[{"href":"https:\/\/provek.com.tr\/en\/wp-json\/wp\/v2\/media?parent=11097"}],"curies":[{"name":"wp","href":"https:\/\/api.w.org\/{rel}","templated":true}]}}