{"id":11916,"date":"2022-02-01T16:28:14","date_gmt":"2022-02-01T13:28:14","guid":{"rendered":"https:\/\/provek.com.tr\/de\/?post_type=product&#038;p=11916"},"modified":"2022-09-15T12:31:23","modified_gmt":"2022-09-15T09:31:23","slug":"pro-shine","status":"publish","type":"product","link":"https:\/\/provek.com.tr\/de\/product\/pro-shine\/","title":{"rendered":"PRO SHINE"},"content":{"rendered":"<p>Anwendungsbereiche<\/p>\n<p>Bringt Gummireifen zum Gl\u00e4nzen, sch\u00fctzt sie und l\u00e4sst sie wie neu<br \/>\naussehen<br \/>\nAnwendbar auf alle Kunststoffoberfl\u00e4chen in Ihrem Auto:<br \/>\nFussabtreter, innere T\u00fcrabdichtungen und sonstige Kunststoffteile<br \/>\nDank antistatischer Eigenschaften zieht das Mittel keinen Schmutz<br \/>\nan<br \/>\nBei Anwendung auf Gummireifen wird h\u00f6chste Leistung erzielt<\/p>\n<p>Lagerungsbedingungen und Haltbarkeitsdauer<br \/>\nBei &gt; 2 \u00b0C bis &lt; 50 \u00b0C Haltbarkeitsdauer von 2 Jahren.<\/p>\n","protected":false},"excerpt":{"rendered":"<p>Anwendungsbereiche Bringt Gummireifen zum Gl\u00e4nzen, sch\u00fctzt sie und l\u00e4sst sie wie neu aussehen Anwendbar auf alle Kunststoffoberfl\u00e4chen in Ihrem Auto:<\/p>\n","protected":false},"featured_media":11917,"comment_status":"open","ping_status":"closed","template":"","meta":[],"yoast_head":"<!-- This site is optimized with the Yoast SEO plugin v17.2.1 - https:\/\/yoast.com\/wordpress\/plugins\/seo\/ -->\n<title>PRO SHINE - Provek De<\/title>\n<meta name=\"robots\" content=\"index, follow, max-snippet:-1, max-image-preview:large, max-video-preview:-1\" \/>\n<link rel=\"canonical\" href=\"https:\/\/provek.com.tr\/de\/product\/pro-shine\/\" \/>\n<meta property=\"og:locale\" content=\"de_DE\" \/>\n<meta property=\"og:type\" content=\"article\" \/>\n<meta property=\"og:title\" content=\"PRO SHINE - Provek De\" \/>\n<meta property=\"og:description\" content=\"Anwendungsbereiche Bringt Gummireifen zum Gl\u00e4nzen, sch\u00fctzt sie und l\u00e4sst sie wie neu aussehen Anwendbar auf alle Kunststoffoberfl\u00e4chen in Ihrem Auto:\" \/>\n<meta property=\"og:url\" content=\"https:\/\/provek.com.tr\/de\/product\/pro-shine\/\" \/>\n<meta property=\"og:site_name\" content=\"Provek De\" \/>\n<meta property=\"article:modified_time\" content=\"2022-09-15T09:31:23+00:00\" \/>\n<meta property=\"og:image\" content=\"https:\/\/provek.com.tr\/de\/wp-content\/uploads\/sites\/6\/2022\/02\/prossh.jpg\" \/>\n\t<meta property=\"og:image:width\" content=\"2500\" \/>\n\t<meta property=\"og:image:height\" content=\"2502\" \/>\n<meta name=\"twitter:card\" content=\"summary_large_image\" \/>\n<meta name=\"twitter:label1\" content=\"Gesch\u00e4tzte Lesezeit\" \/>\n\t<meta name=\"twitter:data1\" content=\"1\u00a0Minute\" \/>\n<script type=\"application\/ld+json\" class=\"yoast-schema-graph\">{\"@context\":\"https:\/\/schema.org\",\"@graph\":[{\"@type\":\"WebSite\",\"@id\":\"https:\/\/provek.com.tr\/de\/#website\",\"url\":\"https:\/\/provek.com.tr\/de\/\",\"name\":\"Provek De\",\"description\":\"En Do\\u011frusu\",\"potentialAction\":[{\"@type\":\"SearchAction\",\"target\":{\"@type\":\"EntryPoint\",\"urlTemplate\":\"https:\/\/provek.com.tr\/de\/?s={search_term_string}\"},\"query-input\":\"required name=search_term_string\"}],\"inLanguage\":\"de\"},{\"@type\":\"ImageObject\",\"@id\":\"https:\/\/provek.com.tr\/de\/product\/pro-shine\/#primaryimage\",\"inLanguage\":\"de\",\"url\":\"https:\/\/provek.com.tr\/de\/wp-content\/uploads\/sites\/6\/2022\/02\/prossh.jpg\",\"contentUrl\":\"https:\/\/provek.com.tr\/de\/wp-content\/uploads\/sites\/6\/2022\/02\/prossh.jpg\",\"width\":2500,\"height\":2502},{\"@type\":\"WebPage\",\"@id\":\"https:\/\/provek.com.tr\/de\/product\/pro-shine\/#webpage\",\"url\":\"https:\/\/provek.com.tr\/de\/product\/pro-shine\/\",\"name\":\"PRO SHINE - Provek De\",\"isPartOf\":{\"@id\":\"https:\/\/provek.com.tr\/de\/#website\"},\"primaryImageOfPage\":{\"@id\":\"https:\/\/provek.com.tr\/de\/product\/pro-shine\/#primaryimage\"},\"datePublished\":\"2022-02-01T13:28:14+00:00\",\"dateModified\":\"2022-09-15T09:31:23+00:00\",\"breadcrumb\":{\"@id\":\"https:\/\/provek.com.tr\/de\/product\/pro-shine\/#breadcrumb\"},\"inLanguage\":\"de\",\"potentialAction\":[{\"@type\":\"ReadAction\",\"target\":[\"https:\/\/provek.com.tr\/de\/product\/pro-shine\/\"]}]},{\"@type\":\"BreadcrumbList\",\"@id\":\"https:\/\/provek.com.tr\/de\/product\/pro-shine\/#breadcrumb\",\"itemListElement\":[{\"@type\":\"ListItem\",\"position\":1,\"name\":\"Anasayfa\",\"item\":\"https:\/\/provek.com.tr\/de\/\"},{\"@type\":\"ListItem\",\"position\":2,\"name\":\"Produkte\",\"item\":\"https:\/\/provek.com.tr\/de\/produkte\/\"},{\"@type\":\"ListItem\",\"position\":3,\"name\":\"PRO SHINE\"}]}]}<\/script>\n<!-- \/ Yoast SEO plugin. -->","yoast_head_json":{"title":"PRO SHINE - Provek De","robots":{"index":"index","follow":"follow","max-snippet":"max-snippet:-1","max-image-preview":"max-image-preview:large","max-video-preview":"max-video-preview:-1"},"canonical":"https:\/\/provek.com.tr\/de\/product\/pro-shine\/","og_locale":"de_DE","og_type":"article","og_title":"PRO SHINE - Provek De","og_description":"Anwendungsbereiche Bringt Gummireifen zum Gl\u00e4nzen, sch\u00fctzt sie und l\u00e4sst sie wie neu aussehen Anwendbar auf alle Kunststoffoberfl\u00e4chen in Ihrem Auto:","og_url":"https:\/\/provek.com.tr\/de\/product\/pro-shine\/","og_site_name":"Provek De","article_modified_time":"2022-09-15T09:31:23+00:00","og_image":[{"width":2500,"height":2502,"url":"https:\/\/provek.com.tr\/de\/wp-content\/uploads\/sites\/6\/2022\/02\/prossh.jpg","path":"\/var\/www\/vhosts\/provek.com.tr\/httpdocs\/wp-content\/uploads\/sites\/6\/2022\/02\/prossh.jpg","size":"full","id":11917,"alt":"","pixels":6255000,"type":"image\/jpeg"}],"twitter_card":"summary_large_image","twitter_misc":{"Gesch\u00e4tzte Lesezeit":"1\u00a0Minute"},"schema":{"@context":"https:\/\/schema.org","@graph":[{"@type":"WebSite","@id":"https:\/\/provek.com.tr\/de\/#website","url":"https:\/\/provek.com.tr\/de\/","name":"Provek De","description":"En Do\u011frusu","potentialAction":[{"@type":"SearchAction","target":{"@type":"EntryPoint","urlTemplate":"https:\/\/provek.com.tr\/de\/?s={search_term_string}"},"query-input":"required name=search_term_string"}],"inLanguage":"de"},{"@type":"ImageObject","@id":"https:\/\/provek.com.tr\/de\/product\/pro-shine\/#primaryimage","inLanguage":"de","url":"https:\/\/provek.com.tr\/de\/wp-content\/uploads\/sites\/6\/2022\/02\/prossh.jpg","contentUrl":"https:\/\/provek.com.tr\/de\/wp-content\/uploads\/sites\/6\/2022\/02\/prossh.jpg","width":2500,"height":2502},{"@type":"WebPage","@id":"https:\/\/provek.com.tr\/de\/product\/pro-shine\/#webpage","url":"https:\/\/provek.com.tr\/de\/product\/pro-shine\/","name":"PRO SHINE - Provek De","isPartOf":{"@id":"https:\/\/provek.com.tr\/de\/#website"},"primaryImageOfPage":{"@id":"https:\/\/provek.com.tr\/de\/product\/pro-shine\/#primaryimage"},"datePublished":"2022-02-01T13:28:14+00:00","dateModified":"2022-09-15T09:31:23+00:00","breadcrumb":{"@id":"https:\/\/provek.com.tr\/de\/product\/pro-shine\/#breadcrumb"},"inLanguage":"de","potentialAction":[{"@type":"ReadAction","target":["https:\/\/provek.com.tr\/de\/product\/pro-shine\/"]}]},{"@type":"BreadcrumbList","@id":"https:\/\/provek.com.tr\/de\/product\/pro-shine\/#breadcrumb","itemListElement":[{"@type":"ListItem","position":1,"name":"Anasayfa","item":"https:\/\/provek.com.tr\/de\/"},{"@type":"ListItem","position":2,"name":"Produkte","item":"https:\/\/provek.com.tr\/de\/produkte\/"},{"@type":"ListItem","position":3,"name":"PRO SHINE"}]}]}},"_links":{"self":[{"href":"https:\/\/provek.com.tr\/de\/wp-json\/wp\/v2\/product\/11916"}],"collection":[{"href":"https:\/\/provek.com.tr\/de\/wp-json\/wp\/v2\/product"}],"about":[{"href":"https:\/\/provek.com.tr\/de\/wp-json\/wp\/v2\/types\/product"}],"replies":[{"embeddable":true,"href":"https:\/\/provek.com.tr\/de\/wp-json\/wp\/v2\/comments?post=11916"}],"version-history":[{"count":2,"href":"https:\/\/provek.com.tr\/de\/wp-json\/wp\/v2\/product\/11916\/revisions"}],"predecessor-version":[{"id":12266,"href":"https:\/\/provek.com.tr\/de\/wp-json\/wp\/v2\/product\/11916\/revisions\/12266"}],"wp:featuredmedia":[{"embeddable":true,"href":"https:\/\/provek.com.tr\/de\/wp-json\/wp\/v2\/media\/11917"}],"wp:attachment":[{"href":"https:\/\/provek.com.tr\/de\/wp-json\/wp\/v2\/media?parent=11916"}],"curies":[{"name":"wp","href":"https:\/\/api.w.org\/{rel}","templated":true}]}}