{"id":11327,"date":"2021-06-14T13:31:52","date_gmt":"2021-06-14T10:31:52","guid":{"rendered":"https:\/\/provek.com.tr\/de\/?post_type=product&#038;p=11327"},"modified":"2022-03-31T17:02:01","modified_gmt":"2022-03-31T14:02:01","slug":"bleach","status":"publish","type":"product","link":"https:\/\/provek.com.tr\/de\/product\/bleach\/","title":{"rendered":"BLEACH: BLEICHMITTEL"},"content":{"rendered":"<p>BLEACH: BLEICHMITTEL<\/p>\n<p>&#8211;\tNatriumhypochloritl\u00f6sung; eignet sich hervorragend zur Beseitigung von Mikroben am Arbeitsplatz und Zuhause.<br \/>\n&#8211;\tF\u00fcr die t\u00e4gliche Reinigung geeignet.<br \/>\n&#8211;\tEs wird im privaten Bereich und in Betrieben zur Reinigung, Beseitigung von Mikroben und zum Desinfizieren verwendet.<\/p>\n","protected":false},"excerpt":{"rendered":"<p>BLEACH: BLEICHMITTEL &#8211; Natriumhypochloritl\u00f6sung; eignet sich hervorragend zur Beseitigung von Mikroben am Arbeitsplatz und Zuhause. &#8211; F\u00fcr die t\u00e4gliche Reinigung<\/p>\n","protected":false},"featured_media":11757,"comment_status":"open","ping_status":"closed","template":"","meta":[],"yoast_head":"<!-- This site is optimized with the Yoast SEO plugin v17.2.1 - https:\/\/yoast.com\/wordpress\/plugins\/seo\/ -->\n<title>BLEACH: BLEICHMITTEL - Provek De<\/title>\n<meta name=\"robots\" content=\"index, follow, max-snippet:-1, max-image-preview:large, max-video-preview:-1\" \/>\n<link rel=\"canonical\" href=\"https:\/\/provek.com.tr\/de\/product\/bleach\/\" \/>\n<meta property=\"og:locale\" content=\"de_DE\" \/>\n<meta property=\"og:type\" content=\"article\" \/>\n<meta property=\"og:title\" content=\"BLEACH: BLEICHMITTEL - Provek De\" \/>\n<meta property=\"og:description\" content=\"BLEACH: BLEICHMITTEL &#8211; Natriumhypochloritl\u00f6sung; eignet sich hervorragend zur Beseitigung von Mikroben am Arbeitsplatz und Zuhause. &#8211; F\u00fcr die t\u00e4gliche Reinigung\" \/>\n<meta property=\"og:url\" content=\"https:\/\/provek.com.tr\/de\/product\/bleach\/\" \/>\n<meta property=\"og:site_name\" content=\"Provek De\" \/>\n<meta property=\"article:modified_time\" content=\"2022-03-31T14:02:01+00:00\" \/>\n<meta property=\"og:image\" content=\"https:\/\/provek.com.tr\/de\/wp-content\/uploads\/sites\/6\/2021\/06\/BLEICHMITTEL1.jpg\" \/>\n\t<meta property=\"og:image:width\" content=\"2500\" \/>\n\t<meta property=\"og:image:height\" content=\"2502\" \/>\n<meta name=\"twitter:card\" content=\"summary_large_image\" \/>\n<script type=\"application\/ld+json\" class=\"yoast-schema-graph\">{\"@context\":\"https:\/\/schema.org\",\"@graph\":[{\"@type\":\"WebSite\",\"@id\":\"https:\/\/provek.com.tr\/de\/#website\",\"url\":\"https:\/\/provek.com.tr\/de\/\",\"name\":\"Provek De\",\"description\":\"En Do\\u011frusu\",\"potentialAction\":[{\"@type\":\"SearchAction\",\"target\":{\"@type\":\"EntryPoint\",\"urlTemplate\":\"https:\/\/provek.com.tr\/de\/?s={search_term_string}\"},\"query-input\":\"required name=search_term_string\"}],\"inLanguage\":\"de\"},{\"@type\":\"ImageObject\",\"@id\":\"https:\/\/provek.com.tr\/de\/product\/bleach\/#primaryimage\",\"inLanguage\":\"de\",\"url\":\"https:\/\/provek.com.tr\/de\/wp-content\/uploads\/sites\/6\/2021\/06\/BLEICHMITTEL1.jpg\",\"contentUrl\":\"https:\/\/provek.com.tr\/de\/wp-content\/uploads\/sites\/6\/2021\/06\/BLEICHMITTEL1.jpg\",\"width\":2500,\"height\":2502},{\"@type\":\"WebPage\",\"@id\":\"https:\/\/provek.com.tr\/de\/product\/bleach\/#webpage\",\"url\":\"https:\/\/provek.com.tr\/de\/product\/bleach\/\",\"name\":\"BLEACH: BLEICHMITTEL - Provek De\",\"isPartOf\":{\"@id\":\"https:\/\/provek.com.tr\/de\/#website\"},\"primaryImageOfPage\":{\"@id\":\"https:\/\/provek.com.tr\/de\/product\/bleach\/#primaryimage\"},\"datePublished\":\"2021-06-14T10:31:52+00:00\",\"dateModified\":\"2022-03-31T14:02:01+00:00\",\"breadcrumb\":{\"@id\":\"https:\/\/provek.com.tr\/de\/product\/bleach\/#breadcrumb\"},\"inLanguage\":\"de\",\"potentialAction\":[{\"@type\":\"ReadAction\",\"target\":[\"https:\/\/provek.com.tr\/de\/product\/bleach\/\"]}]},{\"@type\":\"BreadcrumbList\",\"@id\":\"https:\/\/provek.com.tr\/de\/product\/bleach\/#breadcrumb\",\"itemListElement\":[{\"@type\":\"ListItem\",\"position\":1,\"name\":\"Anasayfa\",\"item\":\"https:\/\/provek.com.tr\/de\/\"},{\"@type\":\"ListItem\",\"position\":2,\"name\":\"Produkte\",\"item\":\"https:\/\/provek.com.tr\/de\/produkte\/\"},{\"@type\":\"ListItem\",\"position\":3,\"name\":\"BLEACH: BLEICHMITTEL\"}]}]}<\/script>\n<!-- \/ Yoast SEO plugin. -->","yoast_head_json":{"title":"BLEACH: BLEICHMITTEL - Provek De","robots":{"index":"index","follow":"follow","max-snippet":"max-snippet:-1","max-image-preview":"max-image-preview:large","max-video-preview":"max-video-preview:-1"},"canonical":"https:\/\/provek.com.tr\/de\/product\/bleach\/","og_locale":"de_DE","og_type":"article","og_title":"BLEACH: BLEICHMITTEL - Provek De","og_description":"BLEACH: BLEICHMITTEL &#8211; Natriumhypochloritl\u00f6sung; eignet sich hervorragend zur Beseitigung von Mikroben am Arbeitsplatz und Zuhause. &#8211; F\u00fcr die t\u00e4gliche Reinigung","og_url":"https:\/\/provek.com.tr\/de\/product\/bleach\/","og_site_name":"Provek De","article_modified_time":"2022-03-31T14:02:01+00:00","og_image":[{"width":2500,"height":2502,"url":"https:\/\/provek.com.tr\/de\/wp-content\/uploads\/sites\/6\/2021\/06\/BLEICHMITTEL1.jpg","path":"\/var\/www\/vhosts\/provek.com.tr\/httpdocs\/wp-content\/uploads\/sites\/6\/2021\/06\/BLEICHMITTEL1.jpg","size":"full","id":11757,"alt":"","pixels":6255000,"type":"image\/jpeg"}],"twitter_card":"summary_large_image","schema":{"@context":"https:\/\/schema.org","@graph":[{"@type":"WebSite","@id":"https:\/\/provek.com.tr\/de\/#website","url":"https:\/\/provek.com.tr\/de\/","name":"Provek De","description":"En Do\u011frusu","potentialAction":[{"@type":"SearchAction","target":{"@type":"EntryPoint","urlTemplate":"https:\/\/provek.com.tr\/de\/?s={search_term_string}"},"query-input":"required name=search_term_string"}],"inLanguage":"de"},{"@type":"ImageObject","@id":"https:\/\/provek.com.tr\/de\/product\/bleach\/#primaryimage","inLanguage":"de","url":"https:\/\/provek.com.tr\/de\/wp-content\/uploads\/sites\/6\/2021\/06\/BLEICHMITTEL1.jpg","contentUrl":"https:\/\/provek.com.tr\/de\/wp-content\/uploads\/sites\/6\/2021\/06\/BLEICHMITTEL1.jpg","width":2500,"height":2502},{"@type":"WebPage","@id":"https:\/\/provek.com.tr\/de\/product\/bleach\/#webpage","url":"https:\/\/provek.com.tr\/de\/product\/bleach\/","name":"BLEACH: BLEICHMITTEL - Provek De","isPartOf":{"@id":"https:\/\/provek.com.tr\/de\/#website"},"primaryImageOfPage":{"@id":"https:\/\/provek.com.tr\/de\/product\/bleach\/#primaryimage"},"datePublished":"2021-06-14T10:31:52+00:00","dateModified":"2022-03-31T14:02:01+00:00","breadcrumb":{"@id":"https:\/\/provek.com.tr\/de\/product\/bleach\/#breadcrumb"},"inLanguage":"de","potentialAction":[{"@type":"ReadAction","target":["https:\/\/provek.com.tr\/de\/product\/bleach\/"]}]},{"@type":"BreadcrumbList","@id":"https:\/\/provek.com.tr\/de\/product\/bleach\/#breadcrumb","itemListElement":[{"@type":"ListItem","position":1,"name":"Anasayfa","item":"https:\/\/provek.com.tr\/de\/"},{"@type":"ListItem","position":2,"name":"Produkte","item":"https:\/\/provek.com.tr\/de\/produkte\/"},{"@type":"ListItem","position":3,"name":"BLEACH: BLEICHMITTEL"}]}]}},"_links":{"self":[{"href":"https:\/\/provek.com.tr\/de\/wp-json\/wp\/v2\/product\/11327"}],"collection":[{"href":"https:\/\/provek.com.tr\/de\/wp-json\/wp\/v2\/product"}],"about":[{"href":"https:\/\/provek.com.tr\/de\/wp-json\/wp\/v2\/types\/product"}],"replies":[{"embeddable":true,"href":"https:\/\/provek.com.tr\/de\/wp-json\/wp\/v2\/comments?post=11327"}],"version-history":[{"count":5,"href":"https:\/\/provek.com.tr\/de\/wp-json\/wp\/v2\/product\/11327\/revisions"}],"predecessor-version":[{"id":12379,"href":"https:\/\/provek.com.tr\/de\/wp-json\/wp\/v2\/product\/11327\/revisions\/12379"}],"wp:featuredmedia":[{"embeddable":true,"href":"https:\/\/provek.com.tr\/de\/wp-json\/wp\/v2\/media\/11757"}],"wp:attachment":[{"href":"https:\/\/provek.com.tr\/de\/wp-json\/wp\/v2\/media?parent=11327"}],"curies":[{"name":"wp","href":"https:\/\/api.w.org\/{rel}","templated":true}]}}