{"id":11302,"date":"2021-06-14T13:17:22","date_gmt":"2021-06-14T10:17:22","guid":{"rendered":"https:\/\/provek.com.tr\/de\/?post_type=product&#038;p=11302"},"modified":"2022-09-15T10:42:59","modified_gmt":"2022-09-15T07:42:59","slug":"wc-cleaner-d","status":"publish","type":"product","link":"https:\/\/provek.com.tr\/de\/product\/wc-cleaner-d\/","title":{"rendered":"WC CLEANER\u2013D: Toiletten und Bad Reiniger"},"content":{"rendered":"<p>Beseitigt einfach von Wasser verursachte Rost- und<\/p>\n<p>Kalkflecken in Toiletten und Sp\u00fclen Reinigt Kacheln und<\/p>\n<p>beseitigt den Schmutz aus den Fugen, ohne die Fugen zu<\/p>\n<p>besch\u00e4digen Ein sicher anwendbares Reinigungsmittel f\u00fcr<\/p>\n<p>Bad, Pissoir sowie B\u00f6den und Oberfl\u00e4chen aus Porzellan,<\/p>\n<p>Emaille, Edelstahl, Kacheln und Mosaiksteinen Sorgt f\u00fcr<\/p>\n<p>vorz\u00fcgliche Reinheit von Dusch- und Badewannen Bringt<\/p>\n<p>Duschk\u00f6pfe und Armaturen zum Gl\u00e4nzen Sorgt f\u00fcr<\/p>\n<p>dauerhafte Hygiene der gereinigten Fl\u00e4chen Desinfiziert<\/p>\n<p>Oberfl\u00e4chen Reinigt Messing- und Kupferoberfl\u00e4chen und<\/p>\n<p>verleiht ihnen Glanz Verbreitet einen lang anhaltenden<\/p>\n<p>angenehmen Geruch der gereinigten Oberfl\u00e4chen dank<\/p>\n<p>seiner vielf\u00e4ltigen dauerhaften Geruchsstoffe<\/p>\n","protected":false},"excerpt":{"rendered":"<p>Beseitigt einfach von Wasser verursachte Rost- und Kalkflecken in Toiletten und Sp\u00fclen Reinigt Kacheln und beseitigt den Schmutz aus den<\/p>\n","protected":false},"featured_media":11810,"comment_status":"open","ping_status":"closed","template":"","meta":[],"yoast_head":"<!-- This site is optimized with the Yoast SEO plugin v17.2.1 - https:\/\/yoast.com\/wordpress\/plugins\/seo\/ -->\n<title>WC CLEANER\u2013D: Toiletten und Bad Reiniger - Provek De<\/title>\n<meta name=\"robots\" content=\"index, follow, max-snippet:-1, max-image-preview:large, max-video-preview:-1\" \/>\n<link rel=\"canonical\" href=\"https:\/\/provek.com.tr\/de\/product\/wc-cleaner-d\/\" \/>\n<meta property=\"og:locale\" content=\"de_DE\" \/>\n<meta property=\"og:type\" content=\"article\" \/>\n<meta property=\"og:title\" content=\"WC CLEANER\u2013D: Toiletten und Bad Reiniger - Provek De\" \/>\n<meta property=\"og:description\" content=\"Beseitigt einfach von Wasser verursachte Rost- und Kalkflecken in Toiletten und Sp\u00fclen Reinigt Kacheln und beseitigt den Schmutz aus den\" \/>\n<meta property=\"og:url\" content=\"https:\/\/provek.com.tr\/de\/product\/wc-cleaner-d\/\" \/>\n<meta property=\"og:site_name\" content=\"Provek De\" \/>\n<meta property=\"article:modified_time\" content=\"2022-09-15T07:42:59+00:00\" \/>\n<meta property=\"og:image\" content=\"https:\/\/provek.com.tr\/de\/wp-content\/uploads\/sites\/6\/2021\/06\/WC-CLEANER-D1.jpg\" \/>\n\t<meta property=\"og:image:width\" content=\"2500\" \/>\n\t<meta property=\"og:image:height\" content=\"2502\" \/>\n<meta name=\"twitter:card\" content=\"summary_large_image\" \/>\n<meta name=\"twitter:label1\" content=\"Gesch\u00e4tzte Lesezeit\" \/>\n\t<meta name=\"twitter:data1\" content=\"1\u00a0Minute\" \/>\n<script type=\"application\/ld+json\" class=\"yoast-schema-graph\">{\"@context\":\"https:\/\/schema.org\",\"@graph\":[{\"@type\":\"WebSite\",\"@id\":\"https:\/\/provek.com.tr\/de\/#website\",\"url\":\"https:\/\/provek.com.tr\/de\/\",\"name\":\"Provek De\",\"description\":\"En Do\\u011frusu\",\"potentialAction\":[{\"@type\":\"SearchAction\",\"target\":{\"@type\":\"EntryPoint\",\"urlTemplate\":\"https:\/\/provek.com.tr\/de\/?s={search_term_string}\"},\"query-input\":\"required name=search_term_string\"}],\"inLanguage\":\"de\"},{\"@type\":\"ImageObject\",\"@id\":\"https:\/\/provek.com.tr\/de\/product\/wc-cleaner-d\/#primaryimage\",\"inLanguage\":\"de\",\"url\":\"https:\/\/provek.com.tr\/de\/wp-content\/uploads\/sites\/6\/2021\/06\/WC-CLEANER-D1.jpg\",\"contentUrl\":\"https:\/\/provek.com.tr\/de\/wp-content\/uploads\/sites\/6\/2021\/06\/WC-CLEANER-D1.jpg\",\"width\":2500,\"height\":2502},{\"@type\":\"WebPage\",\"@id\":\"https:\/\/provek.com.tr\/de\/product\/wc-cleaner-d\/#webpage\",\"url\":\"https:\/\/provek.com.tr\/de\/product\/wc-cleaner-d\/\",\"name\":\"WC CLEANER\\u2013D: Toiletten und Bad Reiniger - Provek De\",\"isPartOf\":{\"@id\":\"https:\/\/provek.com.tr\/de\/#website\"},\"primaryImageOfPage\":{\"@id\":\"https:\/\/provek.com.tr\/de\/product\/wc-cleaner-d\/#primaryimage\"},\"datePublished\":\"2021-06-14T10:17:22+00:00\",\"dateModified\":\"2022-09-15T07:42:59+00:00\",\"breadcrumb\":{\"@id\":\"https:\/\/provek.com.tr\/de\/product\/wc-cleaner-d\/#breadcrumb\"},\"inLanguage\":\"de\",\"potentialAction\":[{\"@type\":\"ReadAction\",\"target\":[\"https:\/\/provek.com.tr\/de\/product\/wc-cleaner-d\/\"]}]},{\"@type\":\"BreadcrumbList\",\"@id\":\"https:\/\/provek.com.tr\/de\/product\/wc-cleaner-d\/#breadcrumb\",\"itemListElement\":[{\"@type\":\"ListItem\",\"position\":1,\"name\":\"Anasayfa\",\"item\":\"https:\/\/provek.com.tr\/de\/\"},{\"@type\":\"ListItem\",\"position\":2,\"name\":\"Produkte\",\"item\":\"https:\/\/provek.com.tr\/de\/produkte\/\"},{\"@type\":\"ListItem\",\"position\":3,\"name\":\"WC CLEANER\\u2013D: Toiletten und Bad Reiniger\"}]}]}<\/script>\n<!-- \/ Yoast SEO plugin. -->","yoast_head_json":{"title":"WC CLEANER\u2013D: Toiletten und Bad Reiniger - Provek De","robots":{"index":"index","follow":"follow","max-snippet":"max-snippet:-1","max-image-preview":"max-image-preview:large","max-video-preview":"max-video-preview:-1"},"canonical":"https:\/\/provek.com.tr\/de\/product\/wc-cleaner-d\/","og_locale":"de_DE","og_type":"article","og_title":"WC CLEANER\u2013D: Toiletten und Bad Reiniger - Provek De","og_description":"Beseitigt einfach von Wasser verursachte Rost- und Kalkflecken in Toiletten und Sp\u00fclen Reinigt Kacheln und beseitigt den Schmutz aus den","og_url":"https:\/\/provek.com.tr\/de\/product\/wc-cleaner-d\/","og_site_name":"Provek De","article_modified_time":"2022-09-15T07:42:59+00:00","og_image":[{"width":2500,"height":2502,"url":"https:\/\/provek.com.tr\/de\/wp-content\/uploads\/sites\/6\/2021\/06\/WC-CLEANER-D1.jpg","path":"\/var\/www\/vhosts\/provek.com.tr\/httpdocs\/wp-content\/uploads\/sites\/6\/2021\/06\/WC-CLEANER-D1.jpg","size":"full","id":11810,"alt":"","pixels":6255000,"type":"image\/jpeg"}],"twitter_card":"summary_large_image","twitter_misc":{"Gesch\u00e4tzte Lesezeit":"1\u00a0Minute"},"schema":{"@context":"https:\/\/schema.org","@graph":[{"@type":"WebSite","@id":"https:\/\/provek.com.tr\/de\/#website","url":"https:\/\/provek.com.tr\/de\/","name":"Provek De","description":"En Do\u011frusu","potentialAction":[{"@type":"SearchAction","target":{"@type":"EntryPoint","urlTemplate":"https:\/\/provek.com.tr\/de\/?s={search_term_string}"},"query-input":"required name=search_term_string"}],"inLanguage":"de"},{"@type":"ImageObject","@id":"https:\/\/provek.com.tr\/de\/product\/wc-cleaner-d\/#primaryimage","inLanguage":"de","url":"https:\/\/provek.com.tr\/de\/wp-content\/uploads\/sites\/6\/2021\/06\/WC-CLEANER-D1.jpg","contentUrl":"https:\/\/provek.com.tr\/de\/wp-content\/uploads\/sites\/6\/2021\/06\/WC-CLEANER-D1.jpg","width":2500,"height":2502},{"@type":"WebPage","@id":"https:\/\/provek.com.tr\/de\/product\/wc-cleaner-d\/#webpage","url":"https:\/\/provek.com.tr\/de\/product\/wc-cleaner-d\/","name":"WC CLEANER\u2013D: Toiletten und Bad Reiniger - Provek De","isPartOf":{"@id":"https:\/\/provek.com.tr\/de\/#website"},"primaryImageOfPage":{"@id":"https:\/\/provek.com.tr\/de\/product\/wc-cleaner-d\/#primaryimage"},"datePublished":"2021-06-14T10:17:22+00:00","dateModified":"2022-09-15T07:42:59+00:00","breadcrumb":{"@id":"https:\/\/provek.com.tr\/de\/product\/wc-cleaner-d\/#breadcrumb"},"inLanguage":"de","potentialAction":[{"@type":"ReadAction","target":["https:\/\/provek.com.tr\/de\/product\/wc-cleaner-d\/"]}]},{"@type":"BreadcrumbList","@id":"https:\/\/provek.com.tr\/de\/product\/wc-cleaner-d\/#breadcrumb","itemListElement":[{"@type":"ListItem","position":1,"name":"Anasayfa","item":"https:\/\/provek.com.tr\/de\/"},{"@type":"ListItem","position":2,"name":"Produkte","item":"https:\/\/provek.com.tr\/de\/produkte\/"},{"@type":"ListItem","position":3,"name":"WC CLEANER\u2013D: Toiletten und Bad Reiniger"}]}]}},"_links":{"self":[{"href":"https:\/\/provek.com.tr\/de\/wp-json\/wp\/v2\/product\/11302"}],"collection":[{"href":"https:\/\/provek.com.tr\/de\/wp-json\/wp\/v2\/product"}],"about":[{"href":"https:\/\/provek.com.tr\/de\/wp-json\/wp\/v2\/types\/product"}],"replies":[{"embeddable":true,"href":"https:\/\/provek.com.tr\/de\/wp-json\/wp\/v2\/comments?post=11302"}],"version-history":[{"count":5,"href":"https:\/\/provek.com.tr\/de\/wp-json\/wp\/v2\/product\/11302\/revisions"}],"predecessor-version":[{"id":11857,"href":"https:\/\/provek.com.tr\/de\/wp-json\/wp\/v2\/product\/11302\/revisions\/11857"}],"wp:featuredmedia":[{"embeddable":true,"href":"https:\/\/provek.com.tr\/de\/wp-json\/wp\/v2\/media\/11810"}],"wp:attachment":[{"href":"https:\/\/provek.com.tr\/de\/wp-json\/wp\/v2\/media?parent=11302"}],"curies":[{"name":"wp","href":"https:\/\/api.w.org\/{rel}","templated":true}]}}