{"id":11279,"date":"2021-06-14T13:01:43","date_gmt":"2021-06-14T10:01:43","guid":{"rendered":"https:\/\/provek.com.tr\/de\/?post_type=product&#038;p=11279"},"modified":"2022-09-06T05:26:22","modified_gmt":"2022-09-06T02:26:22","slug":"prosol-d","status":"publish","type":"product","link":"https:\/\/provek.com.tr\/de\/product\/prosol-d\/","title":{"rendered":"PROSOL-D: INDUSTRIELLER \u00d6LENTFERNER"},"content":{"rendered":"<p>PROSOL-D: INDUSTRIELLER \u00d6LENTFERNER<\/p>\n<p>&#8211;\tEin sehr wirksamer Fettl\u00f6ser; sorgt f\u00fcr rasche und wirksame Reinigung.<br \/>\n&#8211;\tEntfernt eingetrocknetes und verteertes \u00d6l\/Fett.<br \/>\n&#8211;\t Biologisch abbaubar.<br \/>\n&#8211;\tSichere Anwendung auf Werksb\u00f6den und bei Wartung und Reinigung von Maschinen und mechanischen Teilen. <\/p>\n","protected":false},"excerpt":{"rendered":"<p>PROSOL-D: INDUSTRIELLER \u00d6LENTFERNER &#8211; Ein sehr wirksamer Fettl\u00f6ser; sorgt f\u00fcr rasche und wirksame Reinigung. &#8211; Entfernt eingetrocknetes und verteertes \u00d6l\/Fett.<\/p>\n","protected":false},"featured_media":11776,"comment_status":"open","ping_status":"closed","template":"","meta":[],"yoast_head":"<!-- This site is optimized with the Yoast SEO plugin v17.2.1 - https:\/\/yoast.com\/wordpress\/plugins\/seo\/ -->\n<title>PROSOL-D: INDUSTRIELLER \u00d6LENTFERNER - Provek De<\/title>\n<meta name=\"robots\" content=\"index, follow, max-snippet:-1, max-image-preview:large, max-video-preview:-1\" \/>\n<link rel=\"canonical\" href=\"https:\/\/provek.com.tr\/de\/product\/prosol-d\/\" \/>\n<meta property=\"og:locale\" content=\"de_DE\" \/>\n<meta property=\"og:type\" content=\"article\" \/>\n<meta property=\"og:title\" content=\"PROSOL-D: INDUSTRIELLER \u00d6LENTFERNER - Provek De\" \/>\n<meta property=\"og:description\" content=\"PROSOL-D: INDUSTRIELLER \u00d6LENTFERNER &#8211; Ein sehr wirksamer Fettl\u00f6ser; sorgt f\u00fcr rasche und wirksame Reinigung. &#8211; Entfernt eingetrocknetes und verteertes \u00d6l\/Fett.\" \/>\n<meta property=\"og:url\" content=\"https:\/\/provek.com.tr\/de\/product\/prosol-d\/\" \/>\n<meta property=\"og:site_name\" content=\"Provek De\" \/>\n<meta property=\"article:modified_time\" content=\"2022-09-06T02:26:22+00:00\" \/>\n<meta property=\"og:image\" content=\"https:\/\/provek.com.tr\/de\/wp-content\/uploads\/sites\/6\/2021\/06\/PROSOL-D1.jpg\" \/>\n\t<meta property=\"og:image:width\" content=\"2500\" \/>\n\t<meta property=\"og:image:height\" content=\"2502\" \/>\n<meta name=\"twitter:card\" content=\"summary_large_image\" \/>\n<script type=\"application\/ld+json\" class=\"yoast-schema-graph\">{\"@context\":\"https:\/\/schema.org\",\"@graph\":[{\"@type\":\"WebSite\",\"@id\":\"https:\/\/provek.com.tr\/de\/#website\",\"url\":\"https:\/\/provek.com.tr\/de\/\",\"name\":\"Provek De\",\"description\":\"En Do\\u011frusu\",\"potentialAction\":[{\"@type\":\"SearchAction\",\"target\":{\"@type\":\"EntryPoint\",\"urlTemplate\":\"https:\/\/provek.com.tr\/de\/?s={search_term_string}\"},\"query-input\":\"required name=search_term_string\"}],\"inLanguage\":\"de\"},{\"@type\":\"ImageObject\",\"@id\":\"https:\/\/provek.com.tr\/de\/product\/prosol-d\/#primaryimage\",\"inLanguage\":\"de\",\"url\":\"https:\/\/provek.com.tr\/de\/wp-content\/uploads\/sites\/6\/2021\/06\/PROSOL-D1.jpg\",\"contentUrl\":\"https:\/\/provek.com.tr\/de\/wp-content\/uploads\/sites\/6\/2021\/06\/PROSOL-D1.jpg\",\"width\":2500,\"height\":2502},{\"@type\":\"WebPage\",\"@id\":\"https:\/\/provek.com.tr\/de\/product\/prosol-d\/#webpage\",\"url\":\"https:\/\/provek.com.tr\/de\/product\/prosol-d\/\",\"name\":\"PROSOL-D: INDUSTRIELLER \\u00d6LENTFERNER - Provek De\",\"isPartOf\":{\"@id\":\"https:\/\/provek.com.tr\/de\/#website\"},\"primaryImageOfPage\":{\"@id\":\"https:\/\/provek.com.tr\/de\/product\/prosol-d\/#primaryimage\"},\"datePublished\":\"2021-06-14T10:01:43+00:00\",\"dateModified\":\"2022-09-06T02:26:22+00:00\",\"breadcrumb\":{\"@id\":\"https:\/\/provek.com.tr\/de\/product\/prosol-d\/#breadcrumb\"},\"inLanguage\":\"de\",\"potentialAction\":[{\"@type\":\"ReadAction\",\"target\":[\"https:\/\/provek.com.tr\/de\/product\/prosol-d\/\"]}]},{\"@type\":\"BreadcrumbList\",\"@id\":\"https:\/\/provek.com.tr\/de\/product\/prosol-d\/#breadcrumb\",\"itemListElement\":[{\"@type\":\"ListItem\",\"position\":1,\"name\":\"Anasayfa\",\"item\":\"https:\/\/provek.com.tr\/de\/\"},{\"@type\":\"ListItem\",\"position\":2,\"name\":\"Produkte\",\"item\":\"https:\/\/provek.com.tr\/de\/produkte\/\"},{\"@type\":\"ListItem\",\"position\":3,\"name\":\"PROSOL-D: INDUSTRIELLER \\u00d6LENTFERNER\"}]}]}<\/script>\n<!-- \/ Yoast SEO plugin. -->","yoast_head_json":{"title":"PROSOL-D: INDUSTRIELLER \u00d6LENTFERNER - Provek De","robots":{"index":"index","follow":"follow","max-snippet":"max-snippet:-1","max-image-preview":"max-image-preview:large","max-video-preview":"max-video-preview:-1"},"canonical":"https:\/\/provek.com.tr\/de\/product\/prosol-d\/","og_locale":"de_DE","og_type":"article","og_title":"PROSOL-D: INDUSTRIELLER \u00d6LENTFERNER - Provek De","og_description":"PROSOL-D: INDUSTRIELLER \u00d6LENTFERNER &#8211; Ein sehr wirksamer Fettl\u00f6ser; sorgt f\u00fcr rasche und wirksame Reinigung. &#8211; Entfernt eingetrocknetes und verteertes \u00d6l\/Fett.","og_url":"https:\/\/provek.com.tr\/de\/product\/prosol-d\/","og_site_name":"Provek De","article_modified_time":"2022-09-06T02:26:22+00:00","og_image":[{"width":2500,"height":2502,"url":"https:\/\/provek.com.tr\/de\/wp-content\/uploads\/sites\/6\/2021\/06\/PROSOL-D1.jpg","path":"\/var\/www\/vhosts\/provek.com.tr\/httpdocs\/wp-content\/uploads\/sites\/6\/2021\/06\/PROSOL-D1.jpg","size":"full","id":11776,"alt":"","pixels":6255000,"type":"image\/jpeg"}],"twitter_card":"summary_large_image","schema":{"@context":"https:\/\/schema.org","@graph":[{"@type":"WebSite","@id":"https:\/\/provek.com.tr\/de\/#website","url":"https:\/\/provek.com.tr\/de\/","name":"Provek De","description":"En Do\u011frusu","potentialAction":[{"@type":"SearchAction","target":{"@type":"EntryPoint","urlTemplate":"https:\/\/provek.com.tr\/de\/?s={search_term_string}"},"query-input":"required name=search_term_string"}],"inLanguage":"de"},{"@type":"ImageObject","@id":"https:\/\/provek.com.tr\/de\/product\/prosol-d\/#primaryimage","inLanguage":"de","url":"https:\/\/provek.com.tr\/de\/wp-content\/uploads\/sites\/6\/2021\/06\/PROSOL-D1.jpg","contentUrl":"https:\/\/provek.com.tr\/de\/wp-content\/uploads\/sites\/6\/2021\/06\/PROSOL-D1.jpg","width":2500,"height":2502},{"@type":"WebPage","@id":"https:\/\/provek.com.tr\/de\/product\/prosol-d\/#webpage","url":"https:\/\/provek.com.tr\/de\/product\/prosol-d\/","name":"PROSOL-D: INDUSTRIELLER \u00d6LENTFERNER - Provek De","isPartOf":{"@id":"https:\/\/provek.com.tr\/de\/#website"},"primaryImageOfPage":{"@id":"https:\/\/provek.com.tr\/de\/product\/prosol-d\/#primaryimage"},"datePublished":"2021-06-14T10:01:43+00:00","dateModified":"2022-09-06T02:26:22+00:00","breadcrumb":{"@id":"https:\/\/provek.com.tr\/de\/product\/prosol-d\/#breadcrumb"},"inLanguage":"de","potentialAction":[{"@type":"ReadAction","target":["https:\/\/provek.com.tr\/de\/product\/prosol-d\/"]}]},{"@type":"BreadcrumbList","@id":"https:\/\/provek.com.tr\/de\/product\/prosol-d\/#breadcrumb","itemListElement":[{"@type":"ListItem","position":1,"name":"Anasayfa","item":"https:\/\/provek.com.tr\/de\/"},{"@type":"ListItem","position":2,"name":"Produkte","item":"https:\/\/provek.com.tr\/de\/produkte\/"},{"@type":"ListItem","position":3,"name":"PROSOL-D: INDUSTRIELLER \u00d6LENTFERNER"}]}]}},"_links":{"self":[{"href":"https:\/\/provek.com.tr\/de\/wp-json\/wp\/v2\/product\/11279"}],"collection":[{"href":"https:\/\/provek.com.tr\/de\/wp-json\/wp\/v2\/product"}],"about":[{"href":"https:\/\/provek.com.tr\/de\/wp-json\/wp\/v2\/types\/product"}],"replies":[{"embeddable":true,"href":"https:\/\/provek.com.tr\/de\/wp-json\/wp\/v2\/comments?post=11279"}],"version-history":[{"count":6,"href":"https:\/\/provek.com.tr\/de\/wp-json\/wp\/v2\/product\/11279\/revisions"}],"predecessor-version":[{"id":12371,"href":"https:\/\/provek.com.tr\/de\/wp-json\/wp\/v2\/product\/11279\/revisions\/12371"}],"wp:featuredmedia":[{"embeddable":true,"href":"https:\/\/provek.com.tr\/de\/wp-json\/wp\/v2\/media\/11776"}],"wp:attachment":[{"href":"https:\/\/provek.com.tr\/de\/wp-json\/wp\/v2\/media?parent=11279"}],"curies":[{"name":"wp","href":"https:\/\/api.w.org\/{rel}","templated":true}]}}