{"id":11264,"date":"2021-06-14T12:25:09","date_gmt":"2021-06-14T09:25:09","guid":{"rendered":"https:\/\/provek.com.tr\/de\/?post_type=product&#038;p=11264"},"modified":"2022-03-31T17:24:24","modified_gmt":"2022-03-31T14:24:24","slug":"cheiro","status":"publish","type":"product","link":"https:\/\/provek.com.tr\/de\/product\/cheiro\/","title":{"rendered":"CHE\u0130RO: RAUMPARF\u00dcM"},"content":{"rendered":"<p>Ein Duftstoffkonzentrat mit nachhaltiger Parf\u00fcmwirkung<\/p>\n<p>Dank der deodorierend wirkenden Inhaltsstoffe in seiner<\/p>\n<p>Zusammensetzung hinterl\u00e4sst das Mittel einen<\/p>\n<p>angenehmen und<\/p>\n<p>bleibenden Geruch<\/p>\n<p>Wirtschaftlich in der Anwendung<\/p>\n","protected":false},"excerpt":{"rendered":"<p>Ein Duftstoffkonzentrat mit nachhaltiger Parf\u00fcmwirkung Dank der deodorierend wirkenden Inhaltsstoffe in seiner Zusammensetzung hinterl\u00e4sst das Mittel einen angenehmen und bleibenden<\/p>\n","protected":false},"featured_media":11666,"comment_status":"open","ping_status":"closed","template":"","meta":[],"yoast_head":"<!-- This site is optimized with the Yoast SEO plugin v17.2.1 - https:\/\/yoast.com\/wordpress\/plugins\/seo\/ -->\n<title>CHE\u0130RO: RAUMPARF\u00dcM - Provek De<\/title>\n<meta name=\"robots\" content=\"index, follow, max-snippet:-1, max-image-preview:large, max-video-preview:-1\" \/>\n<link rel=\"canonical\" href=\"https:\/\/provek.com.tr\/de\/product\/cheiro\/\" \/>\n<meta property=\"og:locale\" content=\"de_DE\" \/>\n<meta property=\"og:type\" content=\"article\" \/>\n<meta property=\"og:title\" content=\"CHE\u0130RO: RAUMPARF\u00dcM - Provek De\" \/>\n<meta property=\"og:description\" content=\"Ein Duftstoffkonzentrat mit nachhaltiger Parf\u00fcmwirkung Dank der deodorierend wirkenden Inhaltsstoffe in seiner Zusammensetzung hinterl\u00e4sst das Mittel einen angenehmen und bleibenden\" \/>\n<meta property=\"og:url\" content=\"https:\/\/provek.com.tr\/de\/product\/cheiro\/\" \/>\n<meta property=\"og:site_name\" content=\"Provek De\" \/>\n<meta property=\"article:modified_time\" content=\"2022-03-31T14:24:24+00:00\" \/>\n<meta property=\"og:image\" content=\"https:\/\/provek.com.tr\/de\/wp-content\/uploads\/sites\/6\/2021\/06\/CHERIO1.jpg\" \/>\n\t<meta property=\"og:image:width\" content=\"2500\" \/>\n\t<meta property=\"og:image:height\" content=\"2502\" \/>\n<meta name=\"twitter:card\" content=\"summary_large_image\" \/>\n<script type=\"application\/ld+json\" class=\"yoast-schema-graph\">{\"@context\":\"https:\/\/schema.org\",\"@graph\":[{\"@type\":\"WebSite\",\"@id\":\"https:\/\/provek.com.tr\/de\/#website\",\"url\":\"https:\/\/provek.com.tr\/de\/\",\"name\":\"Provek De\",\"description\":\"En Do\\u011frusu\",\"potentialAction\":[{\"@type\":\"SearchAction\",\"target\":{\"@type\":\"EntryPoint\",\"urlTemplate\":\"https:\/\/provek.com.tr\/de\/?s={search_term_string}\"},\"query-input\":\"required name=search_term_string\"}],\"inLanguage\":\"de\"},{\"@type\":\"ImageObject\",\"@id\":\"https:\/\/provek.com.tr\/de\/product\/cheiro\/#primaryimage\",\"inLanguage\":\"de\",\"url\":\"https:\/\/provek.com.tr\/de\/wp-content\/uploads\/sites\/6\/2021\/06\/CHERIO1.jpg\",\"contentUrl\":\"https:\/\/provek.com.tr\/de\/wp-content\/uploads\/sites\/6\/2021\/06\/CHERIO1.jpg\",\"width\":2500,\"height\":2502},{\"@type\":\"WebPage\",\"@id\":\"https:\/\/provek.com.tr\/de\/product\/cheiro\/#webpage\",\"url\":\"https:\/\/provek.com.tr\/de\/product\/cheiro\/\",\"name\":\"CHE\\u0130RO: RAUMPARF\\u00dcM - Provek De\",\"isPartOf\":{\"@id\":\"https:\/\/provek.com.tr\/de\/#website\"},\"primaryImageOfPage\":{\"@id\":\"https:\/\/provek.com.tr\/de\/product\/cheiro\/#primaryimage\"},\"datePublished\":\"2021-06-14T09:25:09+00:00\",\"dateModified\":\"2022-03-31T14:24:24+00:00\",\"breadcrumb\":{\"@id\":\"https:\/\/provek.com.tr\/de\/product\/cheiro\/#breadcrumb\"},\"inLanguage\":\"de\",\"potentialAction\":[{\"@type\":\"ReadAction\",\"target\":[\"https:\/\/provek.com.tr\/de\/product\/cheiro\/\"]}]},{\"@type\":\"BreadcrumbList\",\"@id\":\"https:\/\/provek.com.tr\/de\/product\/cheiro\/#breadcrumb\",\"itemListElement\":[{\"@type\":\"ListItem\",\"position\":1,\"name\":\"Anasayfa\",\"item\":\"https:\/\/provek.com.tr\/de\/\"},{\"@type\":\"ListItem\",\"position\":2,\"name\":\"Produkte\",\"item\":\"https:\/\/provek.com.tr\/de\/produkte\/\"},{\"@type\":\"ListItem\",\"position\":3,\"name\":\"CHE\\u0130RO: RAUMPARF\\u00dcM\"}]}]}<\/script>\n<!-- \/ Yoast SEO plugin. -->","yoast_head_json":{"title":"CHE\u0130RO: RAUMPARF\u00dcM - Provek De","robots":{"index":"index","follow":"follow","max-snippet":"max-snippet:-1","max-image-preview":"max-image-preview:large","max-video-preview":"max-video-preview:-1"},"canonical":"https:\/\/provek.com.tr\/de\/product\/cheiro\/","og_locale":"de_DE","og_type":"article","og_title":"CHE\u0130RO: RAUMPARF\u00dcM - Provek De","og_description":"Ein Duftstoffkonzentrat mit nachhaltiger Parf\u00fcmwirkung Dank der deodorierend wirkenden Inhaltsstoffe in seiner Zusammensetzung hinterl\u00e4sst das Mittel einen angenehmen und bleibenden","og_url":"https:\/\/provek.com.tr\/de\/product\/cheiro\/","og_site_name":"Provek De","article_modified_time":"2022-03-31T14:24:24+00:00","og_image":[{"width":2500,"height":2502,"url":"https:\/\/provek.com.tr\/de\/wp-content\/uploads\/sites\/6\/2021\/06\/CHERIO1.jpg","path":"\/var\/www\/vhosts\/provek.com.tr\/httpdocs\/wp-content\/uploads\/sites\/6\/2021\/06\/CHERIO1.jpg","size":"full","id":11666,"alt":"","pixels":6255000,"type":"image\/jpeg"}],"twitter_card":"summary_large_image","schema":{"@context":"https:\/\/schema.org","@graph":[{"@type":"WebSite","@id":"https:\/\/provek.com.tr\/de\/#website","url":"https:\/\/provek.com.tr\/de\/","name":"Provek De","description":"En Do\u011frusu","potentialAction":[{"@type":"SearchAction","target":{"@type":"EntryPoint","urlTemplate":"https:\/\/provek.com.tr\/de\/?s={search_term_string}"},"query-input":"required name=search_term_string"}],"inLanguage":"de"},{"@type":"ImageObject","@id":"https:\/\/provek.com.tr\/de\/product\/cheiro\/#primaryimage","inLanguage":"de","url":"https:\/\/provek.com.tr\/de\/wp-content\/uploads\/sites\/6\/2021\/06\/CHERIO1.jpg","contentUrl":"https:\/\/provek.com.tr\/de\/wp-content\/uploads\/sites\/6\/2021\/06\/CHERIO1.jpg","width":2500,"height":2502},{"@type":"WebPage","@id":"https:\/\/provek.com.tr\/de\/product\/cheiro\/#webpage","url":"https:\/\/provek.com.tr\/de\/product\/cheiro\/","name":"CHE\u0130RO: RAUMPARF\u00dcM - Provek De","isPartOf":{"@id":"https:\/\/provek.com.tr\/de\/#website"},"primaryImageOfPage":{"@id":"https:\/\/provek.com.tr\/de\/product\/cheiro\/#primaryimage"},"datePublished":"2021-06-14T09:25:09+00:00","dateModified":"2022-03-31T14:24:24+00:00","breadcrumb":{"@id":"https:\/\/provek.com.tr\/de\/product\/cheiro\/#breadcrumb"},"inLanguage":"de","potentialAction":[{"@type":"ReadAction","target":["https:\/\/provek.com.tr\/de\/product\/cheiro\/"]}]},{"@type":"BreadcrumbList","@id":"https:\/\/provek.com.tr\/de\/product\/cheiro\/#breadcrumb","itemListElement":[{"@type":"ListItem","position":1,"name":"Anasayfa","item":"https:\/\/provek.com.tr\/de\/"},{"@type":"ListItem","position":2,"name":"Produkte","item":"https:\/\/provek.com.tr\/de\/produkte\/"},{"@type":"ListItem","position":3,"name":"CHE\u0130RO: RAUMPARF\u00dcM"}]}]}},"_links":{"self":[{"href":"https:\/\/provek.com.tr\/de\/wp-json\/wp\/v2\/product\/11264"}],"collection":[{"href":"https:\/\/provek.com.tr\/de\/wp-json\/wp\/v2\/product"}],"about":[{"href":"https:\/\/provek.com.tr\/de\/wp-json\/wp\/v2\/types\/product"}],"replies":[{"embeddable":true,"href":"https:\/\/provek.com.tr\/de\/wp-json\/wp\/v2\/comments?post=11264"}],"version-history":[{"count":6,"href":"https:\/\/provek.com.tr\/de\/wp-json\/wp\/v2\/product\/11264\/revisions"}],"predecessor-version":[{"id":12384,"href":"https:\/\/provek.com.tr\/de\/wp-json\/wp\/v2\/product\/11264\/revisions\/12384"}],"wp:featuredmedia":[{"embeddable":true,"href":"https:\/\/provek.com.tr\/de\/wp-json\/wp\/v2\/media\/11666"}],"wp:attachment":[{"href":"https:\/\/provek.com.tr\/de\/wp-json\/wp\/v2\/media?parent=11264"}],"curies":[{"name":"wp","href":"https:\/\/api.w.org\/{rel}","templated":true}]}}