{"id":11225,"date":"2021-06-14T11:47:09","date_gmt":"2021-06-14T08:47:09","guid":{"rendered":"https:\/\/provek.com.tr\/de\/?post_type=product&#038;p=11225"},"modified":"2022-03-31T17:22:46","modified_gmt":"2022-03-31T14:22:46","slug":"poli-kessel","status":"publish","type":"product","link":"https:\/\/provek.com.tr\/de\/product\/poli-kessel\/","title":{"rendered":"POLI KESSEL"},"content":{"rendered":"<p>POLI KESSEL<\/p>\n<p>&#8211;\tEin spezielles Mittel als Verkrustungsinhibitor f\u00fcr Dampfkessel.<br \/>\n&#8211;\tEine Chemikalie der neuen Generation zur Anwendung in Dampfkesseln.<br \/>\n&#8211;\tKonzentriert, schaumunterdr\u00fcckend, mit organischem Katalysator; eine Kombination auf der Basis von Polyphosphat.<br \/>\n&#8211;\tErh\u00e4lt seine chemische Struktur und wirkt nicht auf den Kessel ein; reagiert nur in Gegenwart von Substanzen, die die Wasserh\u00e4rte verursachen.<br \/>\n&#8211;\tSeine polymeren und dispergierenden Inhaltsstoffe verhindern ein Absetzen der Schadstoffe, die \u00fcber die oberen und unteren Ausl\u00e4sse aus dem System entfernt werden k\u00f6nnen.<br \/>\n&#8211;\tAnfangsdosierung: 100 g \/ Tonne Wasser.<br \/>\n&#8211;\tLaufende Dosierung: Sicherstellung von 3-5 ppm Phosphat im System.<\/p>\n","protected":false},"excerpt":{"rendered":"<p>POLI KESSEL &#8211; Ein spezielles Mittel als Verkrustungsinhibitor f\u00fcr Dampfkessel. &#8211; Eine Chemikalie der neuen Generation zur Anwendung in Dampfkesseln.<\/p>\n","protected":false},"featured_media":12383,"comment_status":"open","ping_status":"closed","template":"","meta":[],"yoast_head":"<!-- This site is optimized with the Yoast SEO plugin v17.2.1 - https:\/\/yoast.com\/wordpress\/plugins\/seo\/ -->\n<title>POLI KESSEL - Provek De<\/title>\n<meta name=\"robots\" content=\"index, follow, max-snippet:-1, max-image-preview:large, max-video-preview:-1\" \/>\n<link rel=\"canonical\" href=\"https:\/\/provek.com.tr\/de\/product\/poli-kessel\/\" \/>\n<meta property=\"og:locale\" content=\"de_DE\" \/>\n<meta property=\"og:type\" content=\"article\" \/>\n<meta property=\"og:title\" content=\"POLI KESSEL - Provek De\" \/>\n<meta property=\"og:description\" content=\"POLI KESSEL &#8211; Ein spezielles Mittel als Verkrustungsinhibitor f\u00fcr Dampfkessel. &#8211; Eine Chemikalie der neuen Generation zur Anwendung in Dampfkesseln.\" \/>\n<meta property=\"og:url\" content=\"https:\/\/provek.com.tr\/de\/product\/poli-kessel\/\" \/>\n<meta property=\"og:site_name\" content=\"Provek De\" \/>\n<meta property=\"article:modified_time\" content=\"2022-03-31T14:22:46+00:00\" \/>\n<meta property=\"og:image\" content=\"https:\/\/provek.com.tr\/de\/wp-content\/uploads\/sites\/6\/2021\/06\/POLI-KESSEL.jpg\" \/>\n\t<meta property=\"og:image:width\" content=\"2500\" \/>\n\t<meta property=\"og:image:height\" content=\"2502\" \/>\n<meta name=\"twitter:card\" content=\"summary_large_image\" \/>\n<meta name=\"twitter:label1\" content=\"Gesch\u00e4tzte Lesezeit\" \/>\n\t<meta name=\"twitter:data1\" content=\"1\u00a0Minute\" \/>\n<script type=\"application\/ld+json\" class=\"yoast-schema-graph\">{\"@context\":\"https:\/\/schema.org\",\"@graph\":[{\"@type\":\"WebSite\",\"@id\":\"https:\/\/provek.com.tr\/de\/#website\",\"url\":\"https:\/\/provek.com.tr\/de\/\",\"name\":\"Provek De\",\"description\":\"En Do\\u011frusu\",\"potentialAction\":[{\"@type\":\"SearchAction\",\"target\":{\"@type\":\"EntryPoint\",\"urlTemplate\":\"https:\/\/provek.com.tr\/de\/?s={search_term_string}\"},\"query-input\":\"required name=search_term_string\"}],\"inLanguage\":\"de\"},{\"@type\":\"ImageObject\",\"@id\":\"https:\/\/provek.com.tr\/de\/product\/poli-kessel\/#primaryimage\",\"inLanguage\":\"de\",\"url\":\"https:\/\/provek.com.tr\/de\/wp-content\/uploads\/sites\/6\/2021\/06\/POLI-KESSEL.jpg\",\"contentUrl\":\"https:\/\/provek.com.tr\/de\/wp-content\/uploads\/sites\/6\/2021\/06\/POLI-KESSEL.jpg\",\"width\":2500,\"height\":2502},{\"@type\":\"WebPage\",\"@id\":\"https:\/\/provek.com.tr\/de\/product\/poli-kessel\/#webpage\",\"url\":\"https:\/\/provek.com.tr\/de\/product\/poli-kessel\/\",\"name\":\"POLI KESSEL - Provek De\",\"isPartOf\":{\"@id\":\"https:\/\/provek.com.tr\/de\/#website\"},\"primaryImageOfPage\":{\"@id\":\"https:\/\/provek.com.tr\/de\/product\/poli-kessel\/#primaryimage\"},\"datePublished\":\"2021-06-14T08:47:09+00:00\",\"dateModified\":\"2022-03-31T14:22:46+00:00\",\"breadcrumb\":{\"@id\":\"https:\/\/provek.com.tr\/de\/product\/poli-kessel\/#breadcrumb\"},\"inLanguage\":\"de\",\"potentialAction\":[{\"@type\":\"ReadAction\",\"target\":[\"https:\/\/provek.com.tr\/de\/product\/poli-kessel\/\"]}]},{\"@type\":\"BreadcrumbList\",\"@id\":\"https:\/\/provek.com.tr\/de\/product\/poli-kessel\/#breadcrumb\",\"itemListElement\":[{\"@type\":\"ListItem\",\"position\":1,\"name\":\"Anasayfa\",\"item\":\"https:\/\/provek.com.tr\/de\/\"},{\"@type\":\"ListItem\",\"position\":2,\"name\":\"Produkte\",\"item\":\"https:\/\/provek.com.tr\/de\/produkte\/\"},{\"@type\":\"ListItem\",\"position\":3,\"name\":\"POLI KESSEL\"}]}]}<\/script>\n<!-- \/ Yoast SEO plugin. -->","yoast_head_json":{"title":"POLI KESSEL - Provek De","robots":{"index":"index","follow":"follow","max-snippet":"max-snippet:-1","max-image-preview":"max-image-preview:large","max-video-preview":"max-video-preview:-1"},"canonical":"https:\/\/provek.com.tr\/de\/product\/poli-kessel\/","og_locale":"de_DE","og_type":"article","og_title":"POLI KESSEL - Provek De","og_description":"POLI KESSEL &#8211; Ein spezielles Mittel als Verkrustungsinhibitor f\u00fcr Dampfkessel. &#8211; Eine Chemikalie der neuen Generation zur Anwendung in Dampfkesseln.","og_url":"https:\/\/provek.com.tr\/de\/product\/poli-kessel\/","og_site_name":"Provek De","article_modified_time":"2022-03-31T14:22:46+00:00","og_image":[{"width":2500,"height":2502,"url":"https:\/\/provek.com.tr\/de\/wp-content\/uploads\/sites\/6\/2021\/06\/POLI-KESSEL.jpg","path":"\/var\/www\/vhosts\/provek.com.tr\/httpdocs\/wp-content\/uploads\/sites\/6\/2021\/06\/POLI-KESSEL.jpg","size":"full","id":12383,"alt":"","pixels":6255000,"type":"image\/jpeg"}],"twitter_card":"summary_large_image","twitter_misc":{"Gesch\u00e4tzte Lesezeit":"1\u00a0Minute"},"schema":{"@context":"https:\/\/schema.org","@graph":[{"@type":"WebSite","@id":"https:\/\/provek.com.tr\/de\/#website","url":"https:\/\/provek.com.tr\/de\/","name":"Provek De","description":"En Do\u011frusu","potentialAction":[{"@type":"SearchAction","target":{"@type":"EntryPoint","urlTemplate":"https:\/\/provek.com.tr\/de\/?s={search_term_string}"},"query-input":"required name=search_term_string"}],"inLanguage":"de"},{"@type":"ImageObject","@id":"https:\/\/provek.com.tr\/de\/product\/poli-kessel\/#primaryimage","inLanguage":"de","url":"https:\/\/provek.com.tr\/de\/wp-content\/uploads\/sites\/6\/2021\/06\/POLI-KESSEL.jpg","contentUrl":"https:\/\/provek.com.tr\/de\/wp-content\/uploads\/sites\/6\/2021\/06\/POLI-KESSEL.jpg","width":2500,"height":2502},{"@type":"WebPage","@id":"https:\/\/provek.com.tr\/de\/product\/poli-kessel\/#webpage","url":"https:\/\/provek.com.tr\/de\/product\/poli-kessel\/","name":"POLI KESSEL - Provek De","isPartOf":{"@id":"https:\/\/provek.com.tr\/de\/#website"},"primaryImageOfPage":{"@id":"https:\/\/provek.com.tr\/de\/product\/poli-kessel\/#primaryimage"},"datePublished":"2021-06-14T08:47:09+00:00","dateModified":"2022-03-31T14:22:46+00:00","breadcrumb":{"@id":"https:\/\/provek.com.tr\/de\/product\/poli-kessel\/#breadcrumb"},"inLanguage":"de","potentialAction":[{"@type":"ReadAction","target":["https:\/\/provek.com.tr\/de\/product\/poli-kessel\/"]}]},{"@type":"BreadcrumbList","@id":"https:\/\/provek.com.tr\/de\/product\/poli-kessel\/#breadcrumb","itemListElement":[{"@type":"ListItem","position":1,"name":"Anasayfa","item":"https:\/\/provek.com.tr\/de\/"},{"@type":"ListItem","position":2,"name":"Produkte","item":"https:\/\/provek.com.tr\/de\/produkte\/"},{"@type":"ListItem","position":3,"name":"POLI KESSEL"}]}]}},"_links":{"self":[{"href":"https:\/\/provek.com.tr\/de\/wp-json\/wp\/v2\/product\/11225"}],"collection":[{"href":"https:\/\/provek.com.tr\/de\/wp-json\/wp\/v2\/product"}],"about":[{"href":"https:\/\/provek.com.tr\/de\/wp-json\/wp\/v2\/types\/product"}],"replies":[{"embeddable":true,"href":"https:\/\/provek.com.tr\/de\/wp-json\/wp\/v2\/comments?post=11225"}],"version-history":[{"count":8,"href":"https:\/\/provek.com.tr\/de\/wp-json\/wp\/v2\/product\/11225\/revisions"}],"predecessor-version":[{"id":12363,"href":"https:\/\/provek.com.tr\/de\/wp-json\/wp\/v2\/product\/11225\/revisions\/12363"}],"wp:featuredmedia":[{"embeddable":true,"href":"https:\/\/provek.com.tr\/de\/wp-json\/wp\/v2\/media\/12383"}],"wp:attachment":[{"href":"https:\/\/provek.com.tr\/de\/wp-json\/wp\/v2\/media?parent=11225"}],"curies":[{"name":"wp","href":"https:\/\/api.w.org\/{rel}","templated":true}]}}