{"id":11133,"date":"2021-06-09T10:16:21","date_gmt":"2021-06-09T07:16:21","guid":{"rendered":"https:\/\/provek.com.tr\/de\/?post_type=product&#038;p=11133"},"modified":"2022-08-02T15:56:20","modified_gmt":"2022-08-02T12:56:20","slug":"burnn","status":"publish","type":"product","link":"https:\/\/provek.com.tr\/de\/product\/burnn\/","title":{"rendered":"BURNN: ENTFERNER F\u00dcR VERBRANNTES UND VERKOHLENES \u00d6L"},"content":{"rendered":"<p>BURNN: ENTFERNER F\u00dcR VERBRANNTES UND VERKOHLENES \u00d6L<\/p>\n<p>&#8211; Speziell f\u00fcr die Lebensmittelbranche entwickeltes Produkt; zur Reinigung von \u00d6fen, Backblechen, Abzugshaube und zur Entfernung von \u00d6l-, Teer-, Russ- und Abzugsr\u00fcckst\u00e4nden.<br \/>\n&#8211; Ein nicht brennbares Produkt auf Wasserbasis, mit dem selbst heisse \u00d6fen rasch von R\u00fcckst\u00e4nden gereinigt werden k\u00f6nnen.<br \/>\n&#8211; Hochkonzentriert; Verd\u00fcnnung mit heissem Wasser erh\u00f6ht die Produktwirksamkeit.<br \/>\n&#8211; Sicher in der Anwendung, hinterl\u00e4sst keine \u00d6lr\u00fcckst\u00e4nde.<br \/>\n&#8211; R\u00fcckstands- und geruchsfrei, beseitigt \u00fcble Ger\u00fcche und deren Quellen, gew\u00e4hrleistet ein gesundes Umfeld.<br \/>\n&#8211; Anwendung durch Verspr\u00fchen und Verarbeitung mit B\u00fcrste oder durch Eintauchen; nach der Anwendung sp\u00fclen, um die gel\u00f6sten R\u00fcckst\u00e4nde zu entfernen.<\/p>\n","protected":false},"excerpt":{"rendered":"<p>BURNN: ENTFERNER F\u00dcR VERBRANNTES UND VERKOHLENES \u00d6L &#8211; Speziell f\u00fcr die Lebensmittelbranche entwickeltes Produkt; zur Reinigung von \u00d6fen, Backblechen, Abzugshaube<\/p>\n","protected":false},"featured_media":11655,"comment_status":"open","ping_status":"closed","template":"","meta":[],"yoast_head":"<!-- This site is optimized with the Yoast SEO plugin v17.2.1 - https:\/\/yoast.com\/wordpress\/plugins\/seo\/ -->\n<title>BURNN: ENTFERNER F\u00dcR VERBRANNTES UND VERKOHLENES \u00d6L - Provek De<\/title>\n<meta name=\"robots\" content=\"index, follow, max-snippet:-1, max-image-preview:large, max-video-preview:-1\" \/>\n<link rel=\"canonical\" href=\"https:\/\/provek.com.tr\/de\/product\/burnn\/\" \/>\n<meta property=\"og:locale\" content=\"de_DE\" \/>\n<meta property=\"og:type\" content=\"article\" \/>\n<meta property=\"og:title\" content=\"BURNN: ENTFERNER F\u00dcR VERBRANNTES UND VERKOHLENES \u00d6L - Provek De\" \/>\n<meta property=\"og:description\" content=\"BURNN: ENTFERNER F\u00dcR VERBRANNTES UND VERKOHLENES \u00d6L &#8211; Speziell f\u00fcr die Lebensmittelbranche entwickeltes Produkt; zur Reinigung von \u00d6fen, Backblechen, Abzugshaube\" \/>\n<meta property=\"og:url\" content=\"https:\/\/provek.com.tr\/de\/product\/burnn\/\" \/>\n<meta property=\"og:site_name\" content=\"Provek De\" \/>\n<meta property=\"article:modified_time\" content=\"2022-08-02T12:56:20+00:00\" \/>\n<meta property=\"og:image\" content=\"https:\/\/provek.com.tr\/de\/wp-content\/uploads\/sites\/6\/2021\/06\/BURNN1.jpg\" \/>\n\t<meta property=\"og:image:width\" content=\"2500\" \/>\n\t<meta property=\"og:image:height\" content=\"2502\" \/>\n<meta name=\"twitter:card\" content=\"summary_large_image\" \/>\n<meta name=\"twitter:label1\" content=\"Gesch\u00e4tzte Lesezeit\" \/>\n\t<meta name=\"twitter:data1\" content=\"1\u00a0Minute\" \/>\n<script type=\"application\/ld+json\" class=\"yoast-schema-graph\">{\"@context\":\"https:\/\/schema.org\",\"@graph\":[{\"@type\":\"WebSite\",\"@id\":\"https:\/\/provek.com.tr\/de\/#website\",\"url\":\"https:\/\/provek.com.tr\/de\/\",\"name\":\"Provek De\",\"description\":\"En Do\\u011frusu\",\"potentialAction\":[{\"@type\":\"SearchAction\",\"target\":{\"@type\":\"EntryPoint\",\"urlTemplate\":\"https:\/\/provek.com.tr\/de\/?s={search_term_string}\"},\"query-input\":\"required name=search_term_string\"}],\"inLanguage\":\"de\"},{\"@type\":\"ImageObject\",\"@id\":\"https:\/\/provek.com.tr\/de\/product\/burnn\/#primaryimage\",\"inLanguage\":\"de\",\"url\":\"https:\/\/provek.com.tr\/de\/wp-content\/uploads\/sites\/6\/2021\/06\/BURNN1.jpg\",\"contentUrl\":\"https:\/\/provek.com.tr\/de\/wp-content\/uploads\/sites\/6\/2021\/06\/BURNN1.jpg\",\"width\":2500,\"height\":2502},{\"@type\":\"WebPage\",\"@id\":\"https:\/\/provek.com.tr\/de\/product\/burnn\/#webpage\",\"url\":\"https:\/\/provek.com.tr\/de\/product\/burnn\/\",\"name\":\"BURNN: ENTFERNER F\\u00dcR VERBRANNTES UND VERKOHLENES \\u00d6L - Provek De\",\"isPartOf\":{\"@id\":\"https:\/\/provek.com.tr\/de\/#website\"},\"primaryImageOfPage\":{\"@id\":\"https:\/\/provek.com.tr\/de\/product\/burnn\/#primaryimage\"},\"datePublished\":\"2021-06-09T07:16:21+00:00\",\"dateModified\":\"2022-08-02T12:56:20+00:00\",\"breadcrumb\":{\"@id\":\"https:\/\/provek.com.tr\/de\/product\/burnn\/#breadcrumb\"},\"inLanguage\":\"de\",\"potentialAction\":[{\"@type\":\"ReadAction\",\"target\":[\"https:\/\/provek.com.tr\/de\/product\/burnn\/\"]}]},{\"@type\":\"BreadcrumbList\",\"@id\":\"https:\/\/provek.com.tr\/de\/product\/burnn\/#breadcrumb\",\"itemListElement\":[{\"@type\":\"ListItem\",\"position\":1,\"name\":\"Anasayfa\",\"item\":\"https:\/\/provek.com.tr\/de\/\"},{\"@type\":\"ListItem\",\"position\":2,\"name\":\"Produkte\",\"item\":\"https:\/\/provek.com.tr\/de\/produkte\/\"},{\"@type\":\"ListItem\",\"position\":3,\"name\":\"BURNN: ENTFERNER F\\u00dcR VERBRANNTES UND VERKOHLENES \\u00d6L\"}]}]}<\/script>\n<!-- \/ Yoast SEO plugin. -->","yoast_head_json":{"title":"BURNN: ENTFERNER F\u00dcR VERBRANNTES UND VERKOHLENES \u00d6L - Provek De","robots":{"index":"index","follow":"follow","max-snippet":"max-snippet:-1","max-image-preview":"max-image-preview:large","max-video-preview":"max-video-preview:-1"},"canonical":"https:\/\/provek.com.tr\/de\/product\/burnn\/","og_locale":"de_DE","og_type":"article","og_title":"BURNN: ENTFERNER F\u00dcR VERBRANNTES UND VERKOHLENES \u00d6L - Provek De","og_description":"BURNN: ENTFERNER F\u00dcR VERBRANNTES UND VERKOHLENES \u00d6L &#8211; Speziell f\u00fcr die Lebensmittelbranche entwickeltes Produkt; zur Reinigung von \u00d6fen, Backblechen, Abzugshaube","og_url":"https:\/\/provek.com.tr\/de\/product\/burnn\/","og_site_name":"Provek De","article_modified_time":"2022-08-02T12:56:20+00:00","og_image":[{"width":2500,"height":2502,"url":"https:\/\/provek.com.tr\/de\/wp-content\/uploads\/sites\/6\/2021\/06\/BURNN1.jpg","path":"\/var\/www\/vhosts\/provek.com.tr\/httpdocs\/wp-content\/uploads\/sites\/6\/2021\/06\/BURNN1.jpg","size":"full","id":11655,"alt":"","pixels":6255000,"type":"image\/jpeg"}],"twitter_card":"summary_large_image","twitter_misc":{"Gesch\u00e4tzte Lesezeit":"1\u00a0Minute"},"schema":{"@context":"https:\/\/schema.org","@graph":[{"@type":"WebSite","@id":"https:\/\/provek.com.tr\/de\/#website","url":"https:\/\/provek.com.tr\/de\/","name":"Provek De","description":"En Do\u011frusu","potentialAction":[{"@type":"SearchAction","target":{"@type":"EntryPoint","urlTemplate":"https:\/\/provek.com.tr\/de\/?s={search_term_string}"},"query-input":"required name=search_term_string"}],"inLanguage":"de"},{"@type":"ImageObject","@id":"https:\/\/provek.com.tr\/de\/product\/burnn\/#primaryimage","inLanguage":"de","url":"https:\/\/provek.com.tr\/de\/wp-content\/uploads\/sites\/6\/2021\/06\/BURNN1.jpg","contentUrl":"https:\/\/provek.com.tr\/de\/wp-content\/uploads\/sites\/6\/2021\/06\/BURNN1.jpg","width":2500,"height":2502},{"@type":"WebPage","@id":"https:\/\/provek.com.tr\/de\/product\/burnn\/#webpage","url":"https:\/\/provek.com.tr\/de\/product\/burnn\/","name":"BURNN: ENTFERNER F\u00dcR VERBRANNTES UND VERKOHLENES \u00d6L - Provek De","isPartOf":{"@id":"https:\/\/provek.com.tr\/de\/#website"},"primaryImageOfPage":{"@id":"https:\/\/provek.com.tr\/de\/product\/burnn\/#primaryimage"},"datePublished":"2021-06-09T07:16:21+00:00","dateModified":"2022-08-02T12:56:20+00:00","breadcrumb":{"@id":"https:\/\/provek.com.tr\/de\/product\/burnn\/#breadcrumb"},"inLanguage":"de","potentialAction":[{"@type":"ReadAction","target":["https:\/\/provek.com.tr\/de\/product\/burnn\/"]}]},{"@type":"BreadcrumbList","@id":"https:\/\/provek.com.tr\/de\/product\/burnn\/#breadcrumb","itemListElement":[{"@type":"ListItem","position":1,"name":"Anasayfa","item":"https:\/\/provek.com.tr\/de\/"},{"@type":"ListItem","position":2,"name":"Produkte","item":"https:\/\/provek.com.tr\/de\/produkte\/"},{"@type":"ListItem","position":3,"name":"BURNN: ENTFERNER F\u00dcR VERBRANNTES UND VERKOHLENES \u00d6L"}]}]}},"_links":{"self":[{"href":"https:\/\/provek.com.tr\/de\/wp-json\/wp\/v2\/product\/11133"}],"collection":[{"href":"https:\/\/provek.com.tr\/de\/wp-json\/wp\/v2\/product"}],"about":[{"href":"https:\/\/provek.com.tr\/de\/wp-json\/wp\/v2\/types\/product"}],"replies":[{"embeddable":true,"href":"https:\/\/provek.com.tr\/de\/wp-json\/wp\/v2\/comments?post=11133"}],"version-history":[{"count":7,"href":"https:\/\/provek.com.tr\/de\/wp-json\/wp\/v2\/product\/11133\/revisions"}],"predecessor-version":[{"id":12411,"href":"https:\/\/provek.com.tr\/de\/wp-json\/wp\/v2\/product\/11133\/revisions\/12411"}],"wp:featuredmedia":[{"embeddable":true,"href":"https:\/\/provek.com.tr\/de\/wp-json\/wp\/v2\/media\/11655"}],"wp:attachment":[{"href":"https:\/\/provek.com.tr\/de\/wp-json\/wp\/v2\/media?parent=11133"}],"curies":[{"name":"wp","href":"https:\/\/api.w.org\/{rel}","templated":true}]}}