{"id":11124,"date":"2021-06-09T10:13:48","date_gmt":"2021-06-09T07:13:48","guid":{"rendered":"https:\/\/provek.com.tr\/de\/?post_type=product&#038;p=11124"},"modified":"2022-08-02T15:57:23","modified_gmt":"2022-08-02T12:57:23","slug":"brighness","status":"publish","type":"product","link":"https:\/\/provek.com.tr\/de\/product\/brighness\/","title":{"rendered":"BRIGHTNESS: POLIERER F\u00dcR METALLOBERFL\u00c4CHEN"},"content":{"rendered":"<p>BRIGHTNESS: POLIERER F\u00dcR METALLOBERFL\u00c4CHEN<\/p>\n<p>&#8211; Ein speziell entwickeltes Reinigungs- und Glanzmittel.<br \/>\n&#8211; Zur sicheren Anwendung auf Edelstahloberfl\u00e4chen in der Fertigungsindustrie, sowie in Hotels und Restaurants.<br \/>\n&#8211; L\u00f6st leicht Schmutzflecken und Rost, die durch Umgebungsschmutz oder Feuchtigkeit verursacht wurden.<br \/>\n&#8211; Beseitigt Fingerabdr\u00fccke.<br \/>\n&#8211; Anwendbar in der Fertigung von Edelstahlkesseln und -maschinen, zur Reinigung von K\u00fcchenger\u00e4ten und \u00fcberall dort, wo eine gl\u00e4nzende Oberfl\u00e4che gefragt ist.<\/p>\n","protected":false},"excerpt":{"rendered":"<p>BRIGHTNESS: POLIERER F\u00dcR METALLOBERFL\u00c4CHEN &#8211; Ein speziell entwickeltes Reinigungs- und Glanzmittel. &#8211; Zur sicheren Anwendung auf Edelstahloberfl\u00e4chen in der Fertigungsindustrie,<\/p>\n","protected":false},"featured_media":11652,"comment_status":"open","ping_status":"closed","template":"","meta":[],"yoast_head":"<!-- This site is optimized with the Yoast SEO plugin v17.2.1 - https:\/\/yoast.com\/wordpress\/plugins\/seo\/ -->\n<title>BRIGHTNESS: POLIERER F\u00dcR METALLOBERFL\u00c4CHEN - Provek De<\/title>\n<meta name=\"robots\" content=\"index, follow, max-snippet:-1, max-image-preview:large, max-video-preview:-1\" \/>\n<link rel=\"canonical\" href=\"https:\/\/provek.com.tr\/de\/product\/brighness\/\" \/>\n<meta property=\"og:locale\" content=\"de_DE\" \/>\n<meta property=\"og:type\" content=\"article\" \/>\n<meta property=\"og:title\" content=\"BRIGHTNESS: POLIERER F\u00dcR METALLOBERFL\u00c4CHEN - Provek De\" \/>\n<meta property=\"og:description\" content=\"BRIGHTNESS: POLIERER F\u00dcR METALLOBERFL\u00c4CHEN &#8211; Ein speziell entwickeltes Reinigungs- und Glanzmittel. &#8211; Zur sicheren Anwendung auf Edelstahloberfl\u00e4chen in der Fertigungsindustrie,\" \/>\n<meta property=\"og:url\" content=\"https:\/\/provek.com.tr\/de\/product\/brighness\/\" \/>\n<meta property=\"og:site_name\" content=\"Provek De\" \/>\n<meta property=\"article:modified_time\" content=\"2022-08-02T12:57:23+00:00\" \/>\n<meta property=\"og:image\" content=\"https:\/\/provek.com.tr\/de\/wp-content\/uploads\/sites\/6\/2021\/06\/BRIGHTNESS1.jpg\" \/>\n\t<meta property=\"og:image:width\" content=\"2500\" \/>\n\t<meta property=\"og:image:height\" content=\"2502\" \/>\n<meta name=\"twitter:card\" content=\"summary_large_image\" \/>\n<meta name=\"twitter:label1\" content=\"Gesch\u00e4tzte Lesezeit\" \/>\n\t<meta name=\"twitter:data1\" content=\"1\u00a0Minute\" \/>\n<script type=\"application\/ld+json\" class=\"yoast-schema-graph\">{\"@context\":\"https:\/\/schema.org\",\"@graph\":[{\"@type\":\"WebSite\",\"@id\":\"https:\/\/provek.com.tr\/de\/#website\",\"url\":\"https:\/\/provek.com.tr\/de\/\",\"name\":\"Provek De\",\"description\":\"En Do\\u011frusu\",\"potentialAction\":[{\"@type\":\"SearchAction\",\"target\":{\"@type\":\"EntryPoint\",\"urlTemplate\":\"https:\/\/provek.com.tr\/de\/?s={search_term_string}\"},\"query-input\":\"required name=search_term_string\"}],\"inLanguage\":\"de\"},{\"@type\":\"ImageObject\",\"@id\":\"https:\/\/provek.com.tr\/de\/product\/brighness\/#primaryimage\",\"inLanguage\":\"de\",\"url\":\"https:\/\/provek.com.tr\/de\/wp-content\/uploads\/sites\/6\/2021\/06\/BRIGHTNESS1.jpg\",\"contentUrl\":\"https:\/\/provek.com.tr\/de\/wp-content\/uploads\/sites\/6\/2021\/06\/BRIGHTNESS1.jpg\",\"width\":2500,\"height\":2502},{\"@type\":\"WebPage\",\"@id\":\"https:\/\/provek.com.tr\/de\/product\/brighness\/#webpage\",\"url\":\"https:\/\/provek.com.tr\/de\/product\/brighness\/\",\"name\":\"BRIGHTNESS: POLIERER F\\u00dcR METALLOBERFL\\u00c4CHEN - Provek De\",\"isPartOf\":{\"@id\":\"https:\/\/provek.com.tr\/de\/#website\"},\"primaryImageOfPage\":{\"@id\":\"https:\/\/provek.com.tr\/de\/product\/brighness\/#primaryimage\"},\"datePublished\":\"2021-06-09T07:13:48+00:00\",\"dateModified\":\"2022-08-02T12:57:23+00:00\",\"breadcrumb\":{\"@id\":\"https:\/\/provek.com.tr\/de\/product\/brighness\/#breadcrumb\"},\"inLanguage\":\"de\",\"potentialAction\":[{\"@type\":\"ReadAction\",\"target\":[\"https:\/\/provek.com.tr\/de\/product\/brighness\/\"]}]},{\"@type\":\"BreadcrumbList\",\"@id\":\"https:\/\/provek.com.tr\/de\/product\/brighness\/#breadcrumb\",\"itemListElement\":[{\"@type\":\"ListItem\",\"position\":1,\"name\":\"Anasayfa\",\"item\":\"https:\/\/provek.com.tr\/de\/\"},{\"@type\":\"ListItem\",\"position\":2,\"name\":\"Produkte\",\"item\":\"https:\/\/provek.com.tr\/de\/produkte\/\"},{\"@type\":\"ListItem\",\"position\":3,\"name\":\"BRIGHTNESS: POLIERER F\\u00dcR METALLOBERFL\\u00c4CHEN\"}]}]}<\/script>\n<!-- \/ Yoast SEO plugin. -->","yoast_head_json":{"title":"BRIGHTNESS: POLIERER F\u00dcR METALLOBERFL\u00c4CHEN - Provek De","robots":{"index":"index","follow":"follow","max-snippet":"max-snippet:-1","max-image-preview":"max-image-preview:large","max-video-preview":"max-video-preview:-1"},"canonical":"https:\/\/provek.com.tr\/de\/product\/brighness\/","og_locale":"de_DE","og_type":"article","og_title":"BRIGHTNESS: POLIERER F\u00dcR METALLOBERFL\u00c4CHEN - Provek De","og_description":"BRIGHTNESS: POLIERER F\u00dcR METALLOBERFL\u00c4CHEN &#8211; Ein speziell entwickeltes Reinigungs- und Glanzmittel. &#8211; Zur sicheren Anwendung auf Edelstahloberfl\u00e4chen in der Fertigungsindustrie,","og_url":"https:\/\/provek.com.tr\/de\/product\/brighness\/","og_site_name":"Provek De","article_modified_time":"2022-08-02T12:57:23+00:00","og_image":[{"width":2500,"height":2502,"url":"https:\/\/provek.com.tr\/de\/wp-content\/uploads\/sites\/6\/2021\/06\/BRIGHTNESS1.jpg","path":"\/var\/www\/vhosts\/provek.com.tr\/httpdocs\/wp-content\/uploads\/sites\/6\/2021\/06\/BRIGHTNESS1.jpg","size":"full","id":11652,"alt":"","pixels":6255000,"type":"image\/jpeg"}],"twitter_card":"summary_large_image","twitter_misc":{"Gesch\u00e4tzte Lesezeit":"1\u00a0Minute"},"schema":{"@context":"https:\/\/schema.org","@graph":[{"@type":"WebSite","@id":"https:\/\/provek.com.tr\/de\/#website","url":"https:\/\/provek.com.tr\/de\/","name":"Provek De","description":"En Do\u011frusu","potentialAction":[{"@type":"SearchAction","target":{"@type":"EntryPoint","urlTemplate":"https:\/\/provek.com.tr\/de\/?s={search_term_string}"},"query-input":"required name=search_term_string"}],"inLanguage":"de"},{"@type":"ImageObject","@id":"https:\/\/provek.com.tr\/de\/product\/brighness\/#primaryimage","inLanguage":"de","url":"https:\/\/provek.com.tr\/de\/wp-content\/uploads\/sites\/6\/2021\/06\/BRIGHTNESS1.jpg","contentUrl":"https:\/\/provek.com.tr\/de\/wp-content\/uploads\/sites\/6\/2021\/06\/BRIGHTNESS1.jpg","width":2500,"height":2502},{"@type":"WebPage","@id":"https:\/\/provek.com.tr\/de\/product\/brighness\/#webpage","url":"https:\/\/provek.com.tr\/de\/product\/brighness\/","name":"BRIGHTNESS: POLIERER F\u00dcR METALLOBERFL\u00c4CHEN - Provek De","isPartOf":{"@id":"https:\/\/provek.com.tr\/de\/#website"},"primaryImageOfPage":{"@id":"https:\/\/provek.com.tr\/de\/product\/brighness\/#primaryimage"},"datePublished":"2021-06-09T07:13:48+00:00","dateModified":"2022-08-02T12:57:23+00:00","breadcrumb":{"@id":"https:\/\/provek.com.tr\/de\/product\/brighness\/#breadcrumb"},"inLanguage":"de","potentialAction":[{"@type":"ReadAction","target":["https:\/\/provek.com.tr\/de\/product\/brighness\/"]}]},{"@type":"BreadcrumbList","@id":"https:\/\/provek.com.tr\/de\/product\/brighness\/#breadcrumb","itemListElement":[{"@type":"ListItem","position":1,"name":"Anasayfa","item":"https:\/\/provek.com.tr\/de\/"},{"@type":"ListItem","position":2,"name":"Produkte","item":"https:\/\/provek.com.tr\/de\/produkte\/"},{"@type":"ListItem","position":3,"name":"BRIGHTNESS: POLIERER F\u00dcR METALLOBERFL\u00c4CHEN"}]}]}},"_links":{"self":[{"href":"https:\/\/provek.com.tr\/de\/wp-json\/wp\/v2\/product\/11124"}],"collection":[{"href":"https:\/\/provek.com.tr\/de\/wp-json\/wp\/v2\/product"}],"about":[{"href":"https:\/\/provek.com.tr\/de\/wp-json\/wp\/v2\/types\/product"}],"replies":[{"embeddable":true,"href":"https:\/\/provek.com.tr\/de\/wp-json\/wp\/v2\/comments?post=11124"}],"version-history":[{"count":7,"href":"https:\/\/provek.com.tr\/de\/wp-json\/wp\/v2\/product\/11124\/revisions"}],"predecessor-version":[{"id":12412,"href":"https:\/\/provek.com.tr\/de\/wp-json\/wp\/v2\/product\/11124\/revisions\/12412"}],"wp:featuredmedia":[{"embeddable":true,"href":"https:\/\/provek.com.tr\/de\/wp-json\/wp\/v2\/media\/11652"}],"wp:attachment":[{"href":"https:\/\/provek.com.tr\/de\/wp-json\/wp\/v2\/media?parent=11124"}],"curies":[{"name":"wp","href":"https:\/\/api.w.org\/{rel}","templated":true}]}}