{"id":11115,"date":"2021-06-08T18:12:26","date_gmt":"2021-06-08T15:12:26","guid":{"rendered":"https:\/\/provek.com.tr\/de\/?post_type=product&#038;p=11115"},"modified":"2022-09-15T14:01:17","modified_gmt":"2022-09-15T11:01:17","slug":"disher-bright","status":"publish","type":"product","link":"https:\/\/provek.com.tr\/de\/product\/disher-bright\/","title":{"rendered":"DISHER BRIGHT: POLIERER F\u00dcR INDUSTRIELLE GESCHIRRSP\u00dcLER"},"content":{"rendered":"<p>DISHER BRIGHT: POLIERER F\u00dcR INDUSTRIELLE GESCHIRRSP\u00dcLER<\/p>\n<p>&#8211;\tWirksam bei allen Wasserh\u00e4rten.<br \/>\n&#8211;\tErh\u00e4lt den Glanz von Geschirr aus Porzellan, Metall und Glas, indem der Verkalkung vorgebeugt wird.<br \/>\n&#8211;\tVerhindert Wasserflecken und l\u00e4sst das Sp\u00fclgut rasch trocknen.<br \/>\n&#8211;\tSicher in der Anwendung, sch\u00e4digt nicht die Metallteile von Sp\u00fclmaschinen.<br \/>\n&#8211;\tVerhindert Schaumbildung und Sp\u00fclmittelr\u00fcckst\u00e4nde auf dem Sp\u00fclgut.<br \/>\n&#8211;\tBiologisch abbaubar.<br \/>\n&#8211;\tWird in Industriegeschirrsp\u00fclern mit Dosiereinheiten im Glanzmittelfach zugegeben.<br \/>\n&#8211;\tAnwendung 0,1 g pro Liter.<br \/>\n&#8211;\tDie Temperatur des Sp\u00fclwasser muss zwischen 70 \u00b0C und 90 \u00b0C Grad liegen.<\/p>\n","protected":false},"excerpt":{"rendered":"<p>DISHER BRIGHT: POLIERER F\u00dcR INDUSTRIELLE GESCHIRRSP\u00dcLER &#8211; Wirksam bei allen Wasserh\u00e4rten. &#8211; Erh\u00e4lt den Glanz von Geschirr aus Porzellan, Metall<\/p>\n","protected":false},"featured_media":11904,"comment_status":"open","ping_status":"closed","template":"","meta":[],"yoast_head":"<!-- This site is optimized with the Yoast SEO plugin v17.2.1 - https:\/\/yoast.com\/wordpress\/plugins\/seo\/ -->\n<title>DISHER BRIGHT: POLIERER F\u00dcR INDUSTRIELLE GESCHIRRSP\u00dcLER - Provek De<\/title>\n<meta name=\"robots\" content=\"index, follow, max-snippet:-1, max-image-preview:large, max-video-preview:-1\" \/>\n<link rel=\"canonical\" href=\"https:\/\/provek.com.tr\/de\/product\/disher-bright\/\" \/>\n<meta property=\"og:locale\" content=\"de_DE\" \/>\n<meta property=\"og:type\" content=\"article\" \/>\n<meta property=\"og:title\" content=\"DISHER BRIGHT: POLIERER F\u00dcR INDUSTRIELLE GESCHIRRSP\u00dcLER - Provek De\" \/>\n<meta property=\"og:description\" content=\"DISHER BRIGHT: POLIERER F\u00dcR INDUSTRIELLE GESCHIRRSP\u00dcLER &#8211; Wirksam bei allen Wasserh\u00e4rten. &#8211; Erh\u00e4lt den Glanz von Geschirr aus Porzellan, Metall\" \/>\n<meta property=\"og:url\" content=\"https:\/\/provek.com.tr\/de\/product\/disher-bright\/\" \/>\n<meta property=\"og:site_name\" content=\"Provek De\" \/>\n<meta property=\"article:modified_time\" content=\"2022-09-15T11:01:17+00:00\" \/>\n<meta property=\"og:image\" content=\"https:\/\/provek.com.tr\/de\/wp-content\/uploads\/sites\/6\/2021\/06\/DISHERB.jpg\" \/>\n\t<meta property=\"og:image:width\" content=\"2500\" \/>\n\t<meta property=\"og:image:height\" content=\"2502\" \/>\n<meta name=\"twitter:card\" content=\"summary_large_image\" \/>\n<meta name=\"twitter:label1\" content=\"Gesch\u00e4tzte Lesezeit\" \/>\n\t<meta name=\"twitter:data1\" content=\"1\u00a0Minute\" \/>\n<script type=\"application\/ld+json\" class=\"yoast-schema-graph\">{\"@context\":\"https:\/\/schema.org\",\"@graph\":[{\"@type\":\"WebSite\",\"@id\":\"https:\/\/provek.com.tr\/de\/#website\",\"url\":\"https:\/\/provek.com.tr\/de\/\",\"name\":\"Provek De\",\"description\":\"En Do\\u011frusu\",\"potentialAction\":[{\"@type\":\"SearchAction\",\"target\":{\"@type\":\"EntryPoint\",\"urlTemplate\":\"https:\/\/provek.com.tr\/de\/?s={search_term_string}\"},\"query-input\":\"required name=search_term_string\"}],\"inLanguage\":\"de\"},{\"@type\":\"ImageObject\",\"@id\":\"https:\/\/provek.com.tr\/de\/product\/disher-bright\/#primaryimage\",\"inLanguage\":\"de\",\"url\":\"https:\/\/provek.com.tr\/de\/wp-content\/uploads\/sites\/6\/2021\/06\/DISHERB.jpg\",\"contentUrl\":\"https:\/\/provek.com.tr\/de\/wp-content\/uploads\/sites\/6\/2021\/06\/DISHERB.jpg\",\"width\":2500,\"height\":2502},{\"@type\":\"WebPage\",\"@id\":\"https:\/\/provek.com.tr\/de\/product\/disher-bright\/#webpage\",\"url\":\"https:\/\/provek.com.tr\/de\/product\/disher-bright\/\",\"name\":\"DISHER BRIGHT: POLIERER F\\u00dcR INDUSTRIELLE GESCHIRRSP\\u00dcLER - Provek De\",\"isPartOf\":{\"@id\":\"https:\/\/provek.com.tr\/de\/#website\"},\"primaryImageOfPage\":{\"@id\":\"https:\/\/provek.com.tr\/de\/product\/disher-bright\/#primaryimage\"},\"datePublished\":\"2021-06-08T15:12:26+00:00\",\"dateModified\":\"2022-09-15T11:01:17+00:00\",\"breadcrumb\":{\"@id\":\"https:\/\/provek.com.tr\/de\/product\/disher-bright\/#breadcrumb\"},\"inLanguage\":\"de\",\"potentialAction\":[{\"@type\":\"ReadAction\",\"target\":[\"https:\/\/provek.com.tr\/de\/product\/disher-bright\/\"]}]},{\"@type\":\"BreadcrumbList\",\"@id\":\"https:\/\/provek.com.tr\/de\/product\/disher-bright\/#breadcrumb\",\"itemListElement\":[{\"@type\":\"ListItem\",\"position\":1,\"name\":\"Anasayfa\",\"item\":\"https:\/\/provek.com.tr\/de\/\"},{\"@type\":\"ListItem\",\"position\":2,\"name\":\"Produkte\",\"item\":\"https:\/\/provek.com.tr\/de\/produkte\/\"},{\"@type\":\"ListItem\",\"position\":3,\"name\":\"DISHER BRIGHT: POLIERER F\\u00dcR INDUSTRIELLE GESCHIRRSP\\u00dcLER\"}]}]}<\/script>\n<!-- \/ Yoast SEO plugin. -->","yoast_head_json":{"title":"DISHER BRIGHT: POLIERER F\u00dcR INDUSTRIELLE GESCHIRRSP\u00dcLER - Provek De","robots":{"index":"index","follow":"follow","max-snippet":"max-snippet:-1","max-image-preview":"max-image-preview:large","max-video-preview":"max-video-preview:-1"},"canonical":"https:\/\/provek.com.tr\/de\/product\/disher-bright\/","og_locale":"de_DE","og_type":"article","og_title":"DISHER BRIGHT: POLIERER F\u00dcR INDUSTRIELLE GESCHIRRSP\u00dcLER - Provek De","og_description":"DISHER BRIGHT: POLIERER F\u00dcR INDUSTRIELLE GESCHIRRSP\u00dcLER &#8211; Wirksam bei allen Wasserh\u00e4rten. &#8211; Erh\u00e4lt den Glanz von Geschirr aus Porzellan, Metall","og_url":"https:\/\/provek.com.tr\/de\/product\/disher-bright\/","og_site_name":"Provek De","article_modified_time":"2022-09-15T11:01:17+00:00","og_image":[{"width":2500,"height":2502,"url":"https:\/\/provek.com.tr\/de\/wp-content\/uploads\/sites\/6\/2021\/06\/DISHERB.jpg","path":"\/var\/www\/vhosts\/provek.com.tr\/httpdocs\/wp-content\/uploads\/sites\/6\/2021\/06\/DISHERB.jpg","size":"full","id":11904,"alt":"","pixels":6255000,"type":"image\/jpeg"}],"twitter_card":"summary_large_image","twitter_misc":{"Gesch\u00e4tzte Lesezeit":"1\u00a0Minute"},"schema":{"@context":"https:\/\/schema.org","@graph":[{"@type":"WebSite","@id":"https:\/\/provek.com.tr\/de\/#website","url":"https:\/\/provek.com.tr\/de\/","name":"Provek De","description":"En Do\u011frusu","potentialAction":[{"@type":"SearchAction","target":{"@type":"EntryPoint","urlTemplate":"https:\/\/provek.com.tr\/de\/?s={search_term_string}"},"query-input":"required name=search_term_string"}],"inLanguage":"de"},{"@type":"ImageObject","@id":"https:\/\/provek.com.tr\/de\/product\/disher-bright\/#primaryimage","inLanguage":"de","url":"https:\/\/provek.com.tr\/de\/wp-content\/uploads\/sites\/6\/2021\/06\/DISHERB.jpg","contentUrl":"https:\/\/provek.com.tr\/de\/wp-content\/uploads\/sites\/6\/2021\/06\/DISHERB.jpg","width":2500,"height":2502},{"@type":"WebPage","@id":"https:\/\/provek.com.tr\/de\/product\/disher-bright\/#webpage","url":"https:\/\/provek.com.tr\/de\/product\/disher-bright\/","name":"DISHER BRIGHT: POLIERER F\u00dcR INDUSTRIELLE GESCHIRRSP\u00dcLER - Provek De","isPartOf":{"@id":"https:\/\/provek.com.tr\/de\/#website"},"primaryImageOfPage":{"@id":"https:\/\/provek.com.tr\/de\/product\/disher-bright\/#primaryimage"},"datePublished":"2021-06-08T15:12:26+00:00","dateModified":"2022-09-15T11:01:17+00:00","breadcrumb":{"@id":"https:\/\/provek.com.tr\/de\/product\/disher-bright\/#breadcrumb"},"inLanguage":"de","potentialAction":[{"@type":"ReadAction","target":["https:\/\/provek.com.tr\/de\/product\/disher-bright\/"]}]},{"@type":"BreadcrumbList","@id":"https:\/\/provek.com.tr\/de\/product\/disher-bright\/#breadcrumb","itemListElement":[{"@type":"ListItem","position":1,"name":"Anasayfa","item":"https:\/\/provek.com.tr\/de\/"},{"@type":"ListItem","position":2,"name":"Produkte","item":"https:\/\/provek.com.tr\/de\/produkte\/"},{"@type":"ListItem","position":3,"name":"DISHER BRIGHT: POLIERER F\u00dcR INDUSTRIELLE GESCHIRRSP\u00dcLER"}]}]}},"_links":{"self":[{"href":"https:\/\/provek.com.tr\/de\/wp-json\/wp\/v2\/product\/11115"}],"collection":[{"href":"https:\/\/provek.com.tr\/de\/wp-json\/wp\/v2\/product"}],"about":[{"href":"https:\/\/provek.com.tr\/de\/wp-json\/wp\/v2\/types\/product"}],"replies":[{"embeddable":true,"href":"https:\/\/provek.com.tr\/de\/wp-json\/wp\/v2\/comments?post=11115"}],"version-history":[{"count":5,"href":"https:\/\/provek.com.tr\/de\/wp-json\/wp\/v2\/product\/11115\/revisions"}],"predecessor-version":[{"id":12311,"href":"https:\/\/provek.com.tr\/de\/wp-json\/wp\/v2\/product\/11115\/revisions\/12311"}],"wp:featuredmedia":[{"embeddable":true,"href":"https:\/\/provek.com.tr\/de\/wp-json\/wp\/v2\/media\/11904"}],"wp:attachment":[{"href":"https:\/\/provek.com.tr\/de\/wp-json\/wp\/v2\/media?parent=11115"}],"curies":[{"name":"wp","href":"https:\/\/api.w.org\/{rel}","templated":true}]}}