{"id":11112,"date":"2021-06-08T18:11:31","date_gmt":"2021-06-08T15:11:31","guid":{"rendered":"https:\/\/provek.com.tr\/de\/?post_type=product&#038;p=11112"},"modified":"2022-09-15T10:12:45","modified_gmt":"2022-09-15T07:12:45","slug":"disher","status":"publish","type":"product","link":"https:\/\/provek.com.tr\/de\/product\/disher\/","title":{"rendered":"DISHER: INDUSTRIELLER GESCHIRRSP\u00dcLMASCHINENMITTEL"},"content":{"rendered":"<p>DISHER: INDUSTRIELLER GESCHIRRSP\u00dcLMASCHINENMITTEL<\/p>\n<p>&#8211;\tEntwickelt f\u00fcr exzellente Ergebnisse insbesondere mit Wasser von unterschiedlicher H\u00e4rte.<br \/>\n&#8211;\tVerursacht keinen Abrieb, keine Schw\u00e4rzung und kein Mattwerden von Porzellan oder Metallen.<br \/>\n&#8211;\tDringt leicht in Schmutz und \u00d6l ein, l\u00f6st sie auf und entfernt sie rasch.<br \/>\n&#8211;\tBeseitigt starke Ger\u00fcche.<br \/>\n&#8211;\tEnth\u00e4lt Zusatzstoffe, die ein Verkalken verhindern.<br \/>\n&#8211;\tBiologisch abbaubar.<br \/>\n&#8211;\tWird in Industriegeschirrsp\u00fclern mit Dosiereinheiten verwendet.<br \/>\n&#8211;\tBei hartem Wasser (30 und mehr franz. H\u00e4rteskala): 3,5 g pro Liter<br \/>\n&#8211;\tBei weichem Wasser: 1,5 g pro Liter.<\/p>\n","protected":false},"excerpt":{"rendered":"<p>DISHER: INDUSTRIELLER GESCHIRRSP\u00dcLMASCHINENMITTEL &#8211; Entwickelt f\u00fcr exzellente Ergebnisse insbesondere mit Wasser von unterschiedlicher H\u00e4rte. &#8211; Verursacht keinen Abrieb, keine Schw\u00e4rzung<\/p>\n","protected":false},"featured_media":11902,"comment_status":"open","ping_status":"closed","template":"","meta":[],"yoast_head":"<!-- This site is optimized with the Yoast SEO plugin v17.2.1 - https:\/\/yoast.com\/wordpress\/plugins\/seo\/ -->\n<title>DISHER: INDUSTRIELLER GESCHIRRSP\u00dcLMASCHINENMITTEL - Provek De<\/title>\n<meta name=\"robots\" content=\"index, follow, max-snippet:-1, max-image-preview:large, max-video-preview:-1\" \/>\n<link rel=\"canonical\" href=\"https:\/\/provek.com.tr\/de\/product\/disher\/\" \/>\n<meta property=\"og:locale\" content=\"de_DE\" \/>\n<meta property=\"og:type\" content=\"article\" \/>\n<meta property=\"og:title\" content=\"DISHER: INDUSTRIELLER GESCHIRRSP\u00dcLMASCHINENMITTEL - Provek De\" \/>\n<meta property=\"og:description\" content=\"DISHER: INDUSTRIELLER GESCHIRRSP\u00dcLMASCHINENMITTEL &#8211; Entwickelt f\u00fcr exzellente Ergebnisse insbesondere mit Wasser von unterschiedlicher H\u00e4rte. &#8211; Verursacht keinen Abrieb, keine Schw\u00e4rzung\" \/>\n<meta property=\"og:url\" content=\"https:\/\/provek.com.tr\/de\/product\/disher\/\" \/>\n<meta property=\"og:site_name\" content=\"Provek De\" \/>\n<meta property=\"article:modified_time\" content=\"2022-09-15T07:12:45+00:00\" \/>\n<meta property=\"og:image\" content=\"https:\/\/provek.com.tr\/de\/wp-content\/uploads\/sites\/6\/2021\/06\/DISHER.jpg\" \/>\n\t<meta property=\"og:image:width\" content=\"2500\" \/>\n\t<meta property=\"og:image:height\" content=\"2502\" \/>\n<meta name=\"twitter:card\" content=\"summary_large_image\" \/>\n<meta name=\"twitter:label1\" content=\"Gesch\u00e4tzte Lesezeit\" \/>\n\t<meta name=\"twitter:data1\" content=\"1\u00a0Minute\" \/>\n<script type=\"application\/ld+json\" class=\"yoast-schema-graph\">{\"@context\":\"https:\/\/schema.org\",\"@graph\":[{\"@type\":\"WebSite\",\"@id\":\"https:\/\/provek.com.tr\/de\/#website\",\"url\":\"https:\/\/provek.com.tr\/de\/\",\"name\":\"Provek De\",\"description\":\"En Do\\u011frusu\",\"potentialAction\":[{\"@type\":\"SearchAction\",\"target\":{\"@type\":\"EntryPoint\",\"urlTemplate\":\"https:\/\/provek.com.tr\/de\/?s={search_term_string}\"},\"query-input\":\"required name=search_term_string\"}],\"inLanguage\":\"de\"},{\"@type\":\"ImageObject\",\"@id\":\"https:\/\/provek.com.tr\/de\/product\/disher\/#primaryimage\",\"inLanguage\":\"de\",\"url\":\"https:\/\/provek.com.tr\/de\/wp-content\/uploads\/sites\/6\/2021\/06\/DISHER.jpg\",\"contentUrl\":\"https:\/\/provek.com.tr\/de\/wp-content\/uploads\/sites\/6\/2021\/06\/DISHER.jpg\",\"width\":2500,\"height\":2502},{\"@type\":\"WebPage\",\"@id\":\"https:\/\/provek.com.tr\/de\/product\/disher\/#webpage\",\"url\":\"https:\/\/provek.com.tr\/de\/product\/disher\/\",\"name\":\"DISHER: INDUSTRIELLER GESCHIRRSP\\u00dcLMASCHINENMITTEL - Provek De\",\"isPartOf\":{\"@id\":\"https:\/\/provek.com.tr\/de\/#website\"},\"primaryImageOfPage\":{\"@id\":\"https:\/\/provek.com.tr\/de\/product\/disher\/#primaryimage\"},\"datePublished\":\"2021-06-08T15:11:31+00:00\",\"dateModified\":\"2022-09-15T07:12:45+00:00\",\"breadcrumb\":{\"@id\":\"https:\/\/provek.com.tr\/de\/product\/disher\/#breadcrumb\"},\"inLanguage\":\"de\",\"potentialAction\":[{\"@type\":\"ReadAction\",\"target\":[\"https:\/\/provek.com.tr\/de\/product\/disher\/\"]}]},{\"@type\":\"BreadcrumbList\",\"@id\":\"https:\/\/provek.com.tr\/de\/product\/disher\/#breadcrumb\",\"itemListElement\":[{\"@type\":\"ListItem\",\"position\":1,\"name\":\"Anasayfa\",\"item\":\"https:\/\/provek.com.tr\/de\/\"},{\"@type\":\"ListItem\",\"position\":2,\"name\":\"Produkte\",\"item\":\"https:\/\/provek.com.tr\/de\/produkte\/\"},{\"@type\":\"ListItem\",\"position\":3,\"name\":\"DISHER: INDUSTRIELLER GESCHIRRSP\\u00dcLMASCHINENMITTEL\"}]}]}<\/script>\n<!-- \/ Yoast SEO plugin. -->","yoast_head_json":{"title":"DISHER: INDUSTRIELLER GESCHIRRSP\u00dcLMASCHINENMITTEL - Provek De","robots":{"index":"index","follow":"follow","max-snippet":"max-snippet:-1","max-image-preview":"max-image-preview:large","max-video-preview":"max-video-preview:-1"},"canonical":"https:\/\/provek.com.tr\/de\/product\/disher\/","og_locale":"de_DE","og_type":"article","og_title":"DISHER: INDUSTRIELLER GESCHIRRSP\u00dcLMASCHINENMITTEL - Provek De","og_description":"DISHER: INDUSTRIELLER GESCHIRRSP\u00dcLMASCHINENMITTEL &#8211; Entwickelt f\u00fcr exzellente Ergebnisse insbesondere mit Wasser von unterschiedlicher H\u00e4rte. &#8211; Verursacht keinen Abrieb, keine Schw\u00e4rzung","og_url":"https:\/\/provek.com.tr\/de\/product\/disher\/","og_site_name":"Provek De","article_modified_time":"2022-09-15T07:12:45+00:00","og_image":[{"width":2500,"height":2502,"url":"https:\/\/provek.com.tr\/de\/wp-content\/uploads\/sites\/6\/2021\/06\/DISHER.jpg","path":"\/var\/www\/vhosts\/provek.com.tr\/httpdocs\/wp-content\/uploads\/sites\/6\/2021\/06\/DISHER.jpg","size":"full","id":11902,"alt":"","pixels":6255000,"type":"image\/jpeg"}],"twitter_card":"summary_large_image","twitter_misc":{"Gesch\u00e4tzte Lesezeit":"1\u00a0Minute"},"schema":{"@context":"https:\/\/schema.org","@graph":[{"@type":"WebSite","@id":"https:\/\/provek.com.tr\/de\/#website","url":"https:\/\/provek.com.tr\/de\/","name":"Provek De","description":"En Do\u011frusu","potentialAction":[{"@type":"SearchAction","target":{"@type":"EntryPoint","urlTemplate":"https:\/\/provek.com.tr\/de\/?s={search_term_string}"},"query-input":"required name=search_term_string"}],"inLanguage":"de"},{"@type":"ImageObject","@id":"https:\/\/provek.com.tr\/de\/product\/disher\/#primaryimage","inLanguage":"de","url":"https:\/\/provek.com.tr\/de\/wp-content\/uploads\/sites\/6\/2021\/06\/DISHER.jpg","contentUrl":"https:\/\/provek.com.tr\/de\/wp-content\/uploads\/sites\/6\/2021\/06\/DISHER.jpg","width":2500,"height":2502},{"@type":"WebPage","@id":"https:\/\/provek.com.tr\/de\/product\/disher\/#webpage","url":"https:\/\/provek.com.tr\/de\/product\/disher\/","name":"DISHER: INDUSTRIELLER GESCHIRRSP\u00dcLMASCHINENMITTEL - Provek De","isPartOf":{"@id":"https:\/\/provek.com.tr\/de\/#website"},"primaryImageOfPage":{"@id":"https:\/\/provek.com.tr\/de\/product\/disher\/#primaryimage"},"datePublished":"2021-06-08T15:11:31+00:00","dateModified":"2022-09-15T07:12:45+00:00","breadcrumb":{"@id":"https:\/\/provek.com.tr\/de\/product\/disher\/#breadcrumb"},"inLanguage":"de","potentialAction":[{"@type":"ReadAction","target":["https:\/\/provek.com.tr\/de\/product\/disher\/"]}]},{"@type":"BreadcrumbList","@id":"https:\/\/provek.com.tr\/de\/product\/disher\/#breadcrumb","itemListElement":[{"@type":"ListItem","position":1,"name":"Anasayfa","item":"https:\/\/provek.com.tr\/de\/"},{"@type":"ListItem","position":2,"name":"Produkte","item":"https:\/\/provek.com.tr\/de\/produkte\/"},{"@type":"ListItem","position":3,"name":"DISHER: INDUSTRIELLER GESCHIRRSP\u00dcLMASCHINENMITTEL"}]}]}},"_links":{"self":[{"href":"https:\/\/provek.com.tr\/de\/wp-json\/wp\/v2\/product\/11112"}],"collection":[{"href":"https:\/\/provek.com.tr\/de\/wp-json\/wp\/v2\/product"}],"about":[{"href":"https:\/\/provek.com.tr\/de\/wp-json\/wp\/v2\/types\/product"}],"replies":[{"embeddable":true,"href":"https:\/\/provek.com.tr\/de\/wp-json\/wp\/v2\/comments?post=11112"}],"version-history":[{"count":6,"href":"https:\/\/provek.com.tr\/de\/wp-json\/wp\/v2\/product\/11112\/revisions"}],"predecessor-version":[{"id":12310,"href":"https:\/\/provek.com.tr\/de\/wp-json\/wp\/v2\/product\/11112\/revisions\/12310"}],"wp:featuredmedia":[{"embeddable":true,"href":"https:\/\/provek.com.tr\/de\/wp-json\/wp\/v2\/media\/11902"}],"wp:attachment":[{"href":"https:\/\/provek.com.tr\/de\/wp-json\/wp\/v2\/media?parent=11112"}],"curies":[{"name":"wp","href":"https:\/\/api.w.org\/{rel}","templated":true}]}}