{"id":11103,"date":"2021-06-08T18:09:10","date_gmt":"2021-06-08T15:09:10","guid":{"rendered":"https:\/\/provek.com.tr\/de\/?post_type=product&#038;p=11103"},"modified":"2022-03-28T19:02:14","modified_gmt":"2022-03-28T16:02:14","slug":"wc-cleaner","status":"publish","type":"product","link":"https:\/\/provek.com.tr\/de\/product\/wc-cleaner\/","title":{"rendered":"WC CLEANER: KONZENTRIERTER TOILETTEN- UND BADEZIMMERREINIGER"},"content":{"rendered":"<p>WC CLEANER: KONZENTRIERTER TOILETTEN- UND BADEZIMMERREINIGER<\/p>\n<p>&#8211;\tBeseitigt einfach von Wasser verursachte Rost- und Kalkflecken in Toiletten und Sp\u00fclen.<br \/>\n&#8211;\tDesinfiziert Oberfl\u00e4chen.<br \/>\n&#8211;\tReinigt Kacheln und beseitigt den Schmutz aus den Fugen, ohne die Fugen zu besch\u00e4digen.<br \/>\n&#8211;\tEin sicher anwendbares Reinigungsmittel f\u00fcr Bad, Pissoir sowie B\u00f6den und Oberfl\u00e4chen aus Porzellan, Emaille, Edelstahl, Kacheln und Mosaiksteinen. Sorgt f\u00fcr vorz\u00fcgliche Reinheit von Dusch und Badewannen. Bringt Duschk\u00f6pfe und Armaturen zum Gl\u00e4nzen.<br \/>\n&#8211;\tSorgt f\u00fcr dauerhafte Hygiene der gereinigten Fl\u00e4chen.<br \/>\n&#8211;\tReinigt Messing- und Kupferoberfl\u00e4chen und verleiht ihnen Glanz.<br \/>\n&#8211;\tVerbreitet einen langanhaltenden angenehmen Geruch der gereinigten Oberfl\u00e4chen dank seiner vielf\u00e4ltigen dauerhaften Geruchsstoffe.<\/p>\n","protected":false},"excerpt":{"rendered":"<p>WC CLEANER: KONZENTRIERTER TOILETTEN- UND BADEZIMMERREINIGER &#8211; Beseitigt einfach von Wasser verursachte Rost- und Kalkflecken in Toiletten und Sp\u00fclen. &#8211;<\/p>\n","protected":false},"featured_media":11807,"comment_status":"open","ping_status":"closed","template":"","meta":[],"yoast_head":"<!-- This site is optimized with the Yoast SEO plugin v17.2.1 - https:\/\/yoast.com\/wordpress\/plugins\/seo\/ -->\n<title>WC CLEANER: KONZENTRIERTER TOILETTEN- UND BADEZIMMERREINIGER - Provek De<\/title>\n<meta name=\"robots\" content=\"index, follow, max-snippet:-1, max-image-preview:large, max-video-preview:-1\" \/>\n<link rel=\"canonical\" href=\"https:\/\/provek.com.tr\/de\/product\/wc-cleaner\/\" \/>\n<meta property=\"og:locale\" content=\"de_DE\" \/>\n<meta property=\"og:type\" content=\"article\" \/>\n<meta property=\"og:title\" content=\"WC CLEANER: KONZENTRIERTER TOILETTEN- UND BADEZIMMERREINIGER - Provek De\" \/>\n<meta property=\"og:description\" content=\"WC CLEANER: KONZENTRIERTER TOILETTEN- UND BADEZIMMERREINIGER &#8211; Beseitigt einfach von Wasser verursachte Rost- und Kalkflecken in Toiletten und Sp\u00fclen. &#8211;\" \/>\n<meta property=\"og:url\" content=\"https:\/\/provek.com.tr\/de\/product\/wc-cleaner\/\" \/>\n<meta property=\"og:site_name\" content=\"Provek De\" \/>\n<meta property=\"article:modified_time\" content=\"2022-03-28T16:02:14+00:00\" \/>\n<meta property=\"og:image\" content=\"https:\/\/provek.com.tr\/de\/wp-content\/uploads\/sites\/6\/2021\/06\/WC-CLEANER1.jpg\" \/>\n\t<meta property=\"og:image:width\" content=\"2500\" \/>\n\t<meta property=\"og:image:height\" content=\"2502\" \/>\n<meta name=\"twitter:card\" content=\"summary_large_image\" \/>\n<meta name=\"twitter:label1\" content=\"Gesch\u00e4tzte Lesezeit\" \/>\n\t<meta name=\"twitter:data1\" content=\"1\u00a0Minute\" \/>\n<script type=\"application\/ld+json\" class=\"yoast-schema-graph\">{\"@context\":\"https:\/\/schema.org\",\"@graph\":[{\"@type\":\"WebSite\",\"@id\":\"https:\/\/provek.com.tr\/de\/#website\",\"url\":\"https:\/\/provek.com.tr\/de\/\",\"name\":\"Provek De\",\"description\":\"En Do\\u011frusu\",\"potentialAction\":[{\"@type\":\"SearchAction\",\"target\":{\"@type\":\"EntryPoint\",\"urlTemplate\":\"https:\/\/provek.com.tr\/de\/?s={search_term_string}\"},\"query-input\":\"required name=search_term_string\"}],\"inLanguage\":\"de\"},{\"@type\":\"ImageObject\",\"@id\":\"https:\/\/provek.com.tr\/de\/product\/wc-cleaner\/#primaryimage\",\"inLanguage\":\"de\",\"url\":\"https:\/\/provek.com.tr\/de\/wp-content\/uploads\/sites\/6\/2021\/06\/WC-CLEANER1.jpg\",\"contentUrl\":\"https:\/\/provek.com.tr\/de\/wp-content\/uploads\/sites\/6\/2021\/06\/WC-CLEANER1.jpg\",\"width\":2500,\"height\":2502},{\"@type\":\"WebPage\",\"@id\":\"https:\/\/provek.com.tr\/de\/product\/wc-cleaner\/#webpage\",\"url\":\"https:\/\/provek.com.tr\/de\/product\/wc-cleaner\/\",\"name\":\"WC CLEANER: KONZENTRIERTER TOILETTEN- UND BADEZIMMERREINIGER - Provek De\",\"isPartOf\":{\"@id\":\"https:\/\/provek.com.tr\/de\/#website\"},\"primaryImageOfPage\":{\"@id\":\"https:\/\/provek.com.tr\/de\/product\/wc-cleaner\/#primaryimage\"},\"datePublished\":\"2021-06-08T15:09:10+00:00\",\"dateModified\":\"2022-03-28T16:02:14+00:00\",\"breadcrumb\":{\"@id\":\"https:\/\/provek.com.tr\/de\/product\/wc-cleaner\/#breadcrumb\"},\"inLanguage\":\"de\",\"potentialAction\":[{\"@type\":\"ReadAction\",\"target\":[\"https:\/\/provek.com.tr\/de\/product\/wc-cleaner\/\"]}]},{\"@type\":\"BreadcrumbList\",\"@id\":\"https:\/\/provek.com.tr\/de\/product\/wc-cleaner\/#breadcrumb\",\"itemListElement\":[{\"@type\":\"ListItem\",\"position\":1,\"name\":\"Anasayfa\",\"item\":\"https:\/\/provek.com.tr\/de\/\"},{\"@type\":\"ListItem\",\"position\":2,\"name\":\"Produkte\",\"item\":\"https:\/\/provek.com.tr\/de\/produkte\/\"},{\"@type\":\"ListItem\",\"position\":3,\"name\":\"WC CLEANER: KONZENTRIERTER TOILETTEN- UND BADEZIMMERREINIGER\"}]}]}<\/script>\n<!-- \/ Yoast SEO plugin. -->","yoast_head_json":{"title":"WC CLEANER: KONZENTRIERTER TOILETTEN- UND BADEZIMMERREINIGER - Provek De","robots":{"index":"index","follow":"follow","max-snippet":"max-snippet:-1","max-image-preview":"max-image-preview:large","max-video-preview":"max-video-preview:-1"},"canonical":"https:\/\/provek.com.tr\/de\/product\/wc-cleaner\/","og_locale":"de_DE","og_type":"article","og_title":"WC CLEANER: KONZENTRIERTER TOILETTEN- UND BADEZIMMERREINIGER - Provek De","og_description":"WC CLEANER: KONZENTRIERTER TOILETTEN- UND BADEZIMMERREINIGER &#8211; Beseitigt einfach von Wasser verursachte Rost- und Kalkflecken in Toiletten und Sp\u00fclen. &#8211;","og_url":"https:\/\/provek.com.tr\/de\/product\/wc-cleaner\/","og_site_name":"Provek De","article_modified_time":"2022-03-28T16:02:14+00:00","og_image":[{"width":2500,"height":2502,"url":"https:\/\/provek.com.tr\/de\/wp-content\/uploads\/sites\/6\/2021\/06\/WC-CLEANER1.jpg","path":"\/var\/www\/vhosts\/provek.com.tr\/httpdocs\/wp-content\/uploads\/sites\/6\/2021\/06\/WC-CLEANER1.jpg","size":"full","id":11807,"alt":"","pixels":6255000,"type":"image\/jpeg"}],"twitter_card":"summary_large_image","twitter_misc":{"Gesch\u00e4tzte Lesezeit":"1\u00a0Minute"},"schema":{"@context":"https:\/\/schema.org","@graph":[{"@type":"WebSite","@id":"https:\/\/provek.com.tr\/de\/#website","url":"https:\/\/provek.com.tr\/de\/","name":"Provek De","description":"En Do\u011frusu","potentialAction":[{"@type":"SearchAction","target":{"@type":"EntryPoint","urlTemplate":"https:\/\/provek.com.tr\/de\/?s={search_term_string}"},"query-input":"required name=search_term_string"}],"inLanguage":"de"},{"@type":"ImageObject","@id":"https:\/\/provek.com.tr\/de\/product\/wc-cleaner\/#primaryimage","inLanguage":"de","url":"https:\/\/provek.com.tr\/de\/wp-content\/uploads\/sites\/6\/2021\/06\/WC-CLEANER1.jpg","contentUrl":"https:\/\/provek.com.tr\/de\/wp-content\/uploads\/sites\/6\/2021\/06\/WC-CLEANER1.jpg","width":2500,"height":2502},{"@type":"WebPage","@id":"https:\/\/provek.com.tr\/de\/product\/wc-cleaner\/#webpage","url":"https:\/\/provek.com.tr\/de\/product\/wc-cleaner\/","name":"WC CLEANER: KONZENTRIERTER TOILETTEN- UND BADEZIMMERREINIGER - Provek De","isPartOf":{"@id":"https:\/\/provek.com.tr\/de\/#website"},"primaryImageOfPage":{"@id":"https:\/\/provek.com.tr\/de\/product\/wc-cleaner\/#primaryimage"},"datePublished":"2021-06-08T15:09:10+00:00","dateModified":"2022-03-28T16:02:14+00:00","breadcrumb":{"@id":"https:\/\/provek.com.tr\/de\/product\/wc-cleaner\/#breadcrumb"},"inLanguage":"de","potentialAction":[{"@type":"ReadAction","target":["https:\/\/provek.com.tr\/de\/product\/wc-cleaner\/"]}]},{"@type":"BreadcrumbList","@id":"https:\/\/provek.com.tr\/de\/product\/wc-cleaner\/#breadcrumb","itemListElement":[{"@type":"ListItem","position":1,"name":"Anasayfa","item":"https:\/\/provek.com.tr\/de\/"},{"@type":"ListItem","position":2,"name":"Produkte","item":"https:\/\/provek.com.tr\/de\/produkte\/"},{"@type":"ListItem","position":3,"name":"WC CLEANER: KONZENTRIERTER TOILETTEN- UND BADEZIMMERREINIGER"}]}]}},"_links":{"self":[{"href":"https:\/\/provek.com.tr\/de\/wp-json\/wp\/v2\/product\/11103"}],"collection":[{"href":"https:\/\/provek.com.tr\/de\/wp-json\/wp\/v2\/product"}],"about":[{"href":"https:\/\/provek.com.tr\/de\/wp-json\/wp\/v2\/types\/product"}],"replies":[{"embeddable":true,"href":"https:\/\/provek.com.tr\/de\/wp-json\/wp\/v2\/comments?post=11103"}],"version-history":[{"count":7,"href":"https:\/\/provek.com.tr\/de\/wp-json\/wp\/v2\/product\/11103\/revisions"}],"predecessor-version":[{"id":12304,"href":"https:\/\/provek.com.tr\/de\/wp-json\/wp\/v2\/product\/11103\/revisions\/12304"}],"wp:featuredmedia":[{"embeddable":true,"href":"https:\/\/provek.com.tr\/de\/wp-json\/wp\/v2\/media\/11807"}],"wp:attachment":[{"href":"https:\/\/provek.com.tr\/de\/wp-json\/wp\/v2\/media?parent=11103"}],"curies":[{"name":"wp","href":"https:\/\/api.w.org\/{rel}","templated":true}]}}