{"id":11100,"date":"2021-06-08T18:08:24","date_gmt":"2021-06-08T15:08:24","guid":{"rendered":"https:\/\/provek.com.tr\/de\/?post_type=product&#038;p=11100"},"modified":"2022-09-15T14:02:09","modified_gmt":"2022-09-15T11:02:09","slug":"clean-rock","status":"publish","type":"product","link":"https:\/\/provek.com.tr\/de\/product\/clean-rock\/","title":{"rendered":"CLEAN ROCK: NATURSTEINREINIGER"},"content":{"rendered":"<p>CLEAN ROCK: NATURSTEINREINIGER<\/p>\n<p>&#8211;\tEntfernt Schmutz, \u00d6l, Rost und Flecken aus den Fugen von Granit-, Keramik-, Porzellan-, Quaderstein- und Marmorfussb\u00f6den und sorgt f\u00fcr Bodenreinigung.<br \/>\n&#8211;\tStellt das urspr\u00fcngliche Aussehen der Fugen wieder her und sorgt f\u00fcr ein gesundes Umfeld.<br \/>\n&#8211;\tDank besonderer Inhibitoren in der Zusammensetzung verhindert das Mittel das Schwarz- oder Matt-werden.<br \/>\n&#8211;\tSicher in der Anwendung, hat weder korrodierende noch deformierende Wirkungen auf Metallteile.<\/p>\n","protected":false},"excerpt":{"rendered":"<p>CLEAN ROCK: NATURSTEINREINIGER &#8211; Entfernt Schmutz, \u00d6l, Rost und Flecken aus den Fugen von Granit-, Keramik-, Porzellan-, Quaderstein- und Marmorfussb\u00f6den<\/p>\n","protected":false},"featured_media":11669,"comment_status":"open","ping_status":"closed","template":"","meta":[],"yoast_head":"<!-- This site is optimized with the Yoast SEO plugin v17.2.1 - https:\/\/yoast.com\/wordpress\/plugins\/seo\/ -->\n<title>CLEAN ROCK: NATURSTEINREINIGER - Provek De<\/title>\n<meta name=\"robots\" content=\"index, follow, max-snippet:-1, max-image-preview:large, max-video-preview:-1\" \/>\n<link rel=\"canonical\" href=\"https:\/\/provek.com.tr\/de\/product\/clean-rock\/\" \/>\n<meta property=\"og:locale\" content=\"de_DE\" \/>\n<meta property=\"og:type\" content=\"article\" \/>\n<meta property=\"og:title\" content=\"CLEAN ROCK: NATURSTEINREINIGER - Provek De\" \/>\n<meta property=\"og:description\" content=\"CLEAN ROCK: NATURSTEINREINIGER &#8211; Entfernt Schmutz, \u00d6l, Rost und Flecken aus den Fugen von Granit-, Keramik-, Porzellan-, Quaderstein- und Marmorfussb\u00f6den\" \/>\n<meta property=\"og:url\" content=\"https:\/\/provek.com.tr\/de\/product\/clean-rock\/\" \/>\n<meta property=\"og:site_name\" content=\"Provek De\" \/>\n<meta property=\"article:modified_time\" content=\"2022-09-15T11:02:09+00:00\" \/>\n<meta property=\"og:image\" content=\"https:\/\/provek.com.tr\/de\/wp-content\/uploads\/sites\/6\/2021\/06\/CLEAN-ROCK1.jpg\" \/>\n\t<meta property=\"og:image:width\" content=\"2500\" \/>\n\t<meta property=\"og:image:height\" content=\"2502\" \/>\n<meta name=\"twitter:card\" content=\"summary_large_image\" \/>\n<script type=\"application\/ld+json\" class=\"yoast-schema-graph\">{\"@context\":\"https:\/\/schema.org\",\"@graph\":[{\"@type\":\"WebSite\",\"@id\":\"https:\/\/provek.com.tr\/de\/#website\",\"url\":\"https:\/\/provek.com.tr\/de\/\",\"name\":\"Provek De\",\"description\":\"En Do\\u011frusu\",\"potentialAction\":[{\"@type\":\"SearchAction\",\"target\":{\"@type\":\"EntryPoint\",\"urlTemplate\":\"https:\/\/provek.com.tr\/de\/?s={search_term_string}\"},\"query-input\":\"required name=search_term_string\"}],\"inLanguage\":\"de\"},{\"@type\":\"ImageObject\",\"@id\":\"https:\/\/provek.com.tr\/de\/product\/clean-rock\/#primaryimage\",\"inLanguage\":\"de\",\"url\":\"https:\/\/provek.com.tr\/de\/wp-content\/uploads\/sites\/6\/2021\/06\/CLEAN-ROCK1.jpg\",\"contentUrl\":\"https:\/\/provek.com.tr\/de\/wp-content\/uploads\/sites\/6\/2021\/06\/CLEAN-ROCK1.jpg\",\"width\":2500,\"height\":2502},{\"@type\":\"WebPage\",\"@id\":\"https:\/\/provek.com.tr\/de\/product\/clean-rock\/#webpage\",\"url\":\"https:\/\/provek.com.tr\/de\/product\/clean-rock\/\",\"name\":\"CLEAN ROCK: NATURSTEINREINIGER - Provek De\",\"isPartOf\":{\"@id\":\"https:\/\/provek.com.tr\/de\/#website\"},\"primaryImageOfPage\":{\"@id\":\"https:\/\/provek.com.tr\/de\/product\/clean-rock\/#primaryimage\"},\"datePublished\":\"2021-06-08T15:08:24+00:00\",\"dateModified\":\"2022-09-15T11:02:09+00:00\",\"breadcrumb\":{\"@id\":\"https:\/\/provek.com.tr\/de\/product\/clean-rock\/#breadcrumb\"},\"inLanguage\":\"de\",\"potentialAction\":[{\"@type\":\"ReadAction\",\"target\":[\"https:\/\/provek.com.tr\/de\/product\/clean-rock\/\"]}]},{\"@type\":\"BreadcrumbList\",\"@id\":\"https:\/\/provek.com.tr\/de\/product\/clean-rock\/#breadcrumb\",\"itemListElement\":[{\"@type\":\"ListItem\",\"position\":1,\"name\":\"Anasayfa\",\"item\":\"https:\/\/provek.com.tr\/de\/\"},{\"@type\":\"ListItem\",\"position\":2,\"name\":\"Produkte\",\"item\":\"https:\/\/provek.com.tr\/de\/produkte\/\"},{\"@type\":\"ListItem\",\"position\":3,\"name\":\"CLEAN ROCK: NATURSTEINREINIGER\"}]}]}<\/script>\n<!-- \/ Yoast SEO plugin. -->","yoast_head_json":{"title":"CLEAN ROCK: NATURSTEINREINIGER - Provek De","robots":{"index":"index","follow":"follow","max-snippet":"max-snippet:-1","max-image-preview":"max-image-preview:large","max-video-preview":"max-video-preview:-1"},"canonical":"https:\/\/provek.com.tr\/de\/product\/clean-rock\/","og_locale":"de_DE","og_type":"article","og_title":"CLEAN ROCK: NATURSTEINREINIGER - Provek De","og_description":"CLEAN ROCK: NATURSTEINREINIGER &#8211; Entfernt Schmutz, \u00d6l, Rost und Flecken aus den Fugen von Granit-, Keramik-, Porzellan-, Quaderstein- und Marmorfussb\u00f6den","og_url":"https:\/\/provek.com.tr\/de\/product\/clean-rock\/","og_site_name":"Provek De","article_modified_time":"2022-09-15T11:02:09+00:00","og_image":[{"width":2500,"height":2502,"url":"https:\/\/provek.com.tr\/de\/wp-content\/uploads\/sites\/6\/2021\/06\/CLEAN-ROCK1.jpg","path":"\/var\/www\/vhosts\/provek.com.tr\/httpdocs\/wp-content\/uploads\/sites\/6\/2021\/06\/CLEAN-ROCK1.jpg","size":"full","id":11669,"alt":"","pixels":6255000,"type":"image\/jpeg"}],"twitter_card":"summary_large_image","schema":{"@context":"https:\/\/schema.org","@graph":[{"@type":"WebSite","@id":"https:\/\/provek.com.tr\/de\/#website","url":"https:\/\/provek.com.tr\/de\/","name":"Provek De","description":"En Do\u011frusu","potentialAction":[{"@type":"SearchAction","target":{"@type":"EntryPoint","urlTemplate":"https:\/\/provek.com.tr\/de\/?s={search_term_string}"},"query-input":"required name=search_term_string"}],"inLanguage":"de"},{"@type":"ImageObject","@id":"https:\/\/provek.com.tr\/de\/product\/clean-rock\/#primaryimage","inLanguage":"de","url":"https:\/\/provek.com.tr\/de\/wp-content\/uploads\/sites\/6\/2021\/06\/CLEAN-ROCK1.jpg","contentUrl":"https:\/\/provek.com.tr\/de\/wp-content\/uploads\/sites\/6\/2021\/06\/CLEAN-ROCK1.jpg","width":2500,"height":2502},{"@type":"WebPage","@id":"https:\/\/provek.com.tr\/de\/product\/clean-rock\/#webpage","url":"https:\/\/provek.com.tr\/de\/product\/clean-rock\/","name":"CLEAN ROCK: NATURSTEINREINIGER - Provek De","isPartOf":{"@id":"https:\/\/provek.com.tr\/de\/#website"},"primaryImageOfPage":{"@id":"https:\/\/provek.com.tr\/de\/product\/clean-rock\/#primaryimage"},"datePublished":"2021-06-08T15:08:24+00:00","dateModified":"2022-09-15T11:02:09+00:00","breadcrumb":{"@id":"https:\/\/provek.com.tr\/de\/product\/clean-rock\/#breadcrumb"},"inLanguage":"de","potentialAction":[{"@type":"ReadAction","target":["https:\/\/provek.com.tr\/de\/product\/clean-rock\/"]}]},{"@type":"BreadcrumbList","@id":"https:\/\/provek.com.tr\/de\/product\/clean-rock\/#breadcrumb","itemListElement":[{"@type":"ListItem","position":1,"name":"Anasayfa","item":"https:\/\/provek.com.tr\/de\/"},{"@type":"ListItem","position":2,"name":"Produkte","item":"https:\/\/provek.com.tr\/de\/produkte\/"},{"@type":"ListItem","position":3,"name":"CLEAN ROCK: NATURSTEINREINIGER"}]}]}},"_links":{"self":[{"href":"https:\/\/provek.com.tr\/de\/wp-json\/wp\/v2\/product\/11100"}],"collection":[{"href":"https:\/\/provek.com.tr\/de\/wp-json\/wp\/v2\/product"}],"about":[{"href":"https:\/\/provek.com.tr\/de\/wp-json\/wp\/v2\/types\/product"}],"replies":[{"embeddable":true,"href":"https:\/\/provek.com.tr\/de\/wp-json\/wp\/v2\/comments?post=11100"}],"version-history":[{"count":6,"href":"https:\/\/provek.com.tr\/de\/wp-json\/wp\/v2\/product\/11100\/revisions"}],"predecessor-version":[{"id":12308,"href":"https:\/\/provek.com.tr\/de\/wp-json\/wp\/v2\/product\/11100\/revisions\/12308"}],"wp:featuredmedia":[{"embeddable":true,"href":"https:\/\/provek.com.tr\/de\/wp-json\/wp\/v2\/media\/11669"}],"wp:attachment":[{"href":"https:\/\/provek.com.tr\/de\/wp-json\/wp\/v2\/media?parent=11100"}],"curies":[{"name":"wp","href":"https:\/\/api.w.org\/{rel}","templated":true}]}}