{"id":11094,"date":"2021-06-08T18:06:44","date_gmt":"2021-06-08T15:06:44","guid":{"rendered":"https:\/\/provek.com.tr\/de\/?post_type=product&#038;p=11094"},"modified":"2022-03-31T17:24:48","modified_gmt":"2022-03-31T14:24:48","slug":"daily-clean-matic","status":"publish","type":"product","link":"https:\/\/provek.com.tr\/de\/product\/daily-clean-matic\/","title":{"rendered":"DA\u0130LY CLEAN MAT\u0130C: ALLGEME\u0130NES RE\u0130N\u0130GUNGSPRODUKT F\u00dcR RE\u0130N\u0130GUNGSMASCH\u0130ENEN"},"content":{"rendered":"<p>Ein wirksames Reinigungsprodukt f\u00fcr allgemeine Zwecke, das allein<\/p>\n<p>f\u00fcr sich das schafft, was sonst nur viele Mittel<\/p>\n<p>zusammen erreichen. Daily Clean Matic kann sicher auf allen<\/p>\n<p>Oberfl\u00e4chen eingesetzt werden, die nicht mit Wasser<\/p>\n<p>in Ber\u00fchrung kommen. Reinigt spurlos durch Seifenreste und<\/p>\n<p>kalkhaltiges Wasser verursachte Flecken und verleiht<\/p>\n<p>den Fl\u00e4chen Glanz Kein Nachsp\u00fclen erforderlich Gesunde Reinheit<\/p>\n<p>der behandelten Fl\u00e4chen, verbreitet einen<\/p>\n<p>angenehmen und nachhaltigen Duft und beseitigt hartn\u00e4ckige<\/p>\n<p>Ger\u00fcche mit Parf\u00fcm Anwendbar zur regelm\u00e4ssigen Reinigung von<\/p>\n<p>Vinyl-, Marley-,<\/p>\n<p>Kautschuk und Kunststoffbodenbel\u00e4gen, von Leder, Stoff und<\/p>\n<p>sonstige Gegenst\u00e4nde, die nicht durch Wasser besch\u00e4digt sind, von<\/p>\n<p>Metallen mit und ohne Anstrich, von M\u00f6beln und sonstigen harten<\/p>\n<p>Unterlagen<\/p>\n","protected":false},"excerpt":{"rendered":"<p>Ein wirksames Reinigungsprodukt f\u00fcr allgemeine Zwecke, das allein f\u00fcr sich das schafft, was sonst nur viele Mittel zusammen erreichen. Daily<\/p>\n","protected":false},"featured_media":11679,"comment_status":"open","ping_status":"closed","template":"","meta":[],"yoast_head":"<!-- This site is optimized with the Yoast SEO plugin v17.2.1 - https:\/\/yoast.com\/wordpress\/plugins\/seo\/ -->\n<title>DA\u0130LY CLEAN MAT\u0130C: ALLGEME\u0130NES RE\u0130N\u0130GUNGSPRODUKT F\u00dcR RE\u0130N\u0130GUNGSMASCH\u0130ENEN - Provek De<\/title>\n<meta name=\"robots\" content=\"index, follow, max-snippet:-1, max-image-preview:large, max-video-preview:-1\" \/>\n<link rel=\"canonical\" href=\"https:\/\/provek.com.tr\/de\/product\/daily-clean-matic\/\" \/>\n<meta property=\"og:locale\" content=\"de_DE\" \/>\n<meta property=\"og:type\" content=\"article\" \/>\n<meta property=\"og:title\" content=\"DA\u0130LY CLEAN MAT\u0130C: ALLGEME\u0130NES RE\u0130N\u0130GUNGSPRODUKT F\u00dcR RE\u0130N\u0130GUNGSMASCH\u0130ENEN - Provek De\" \/>\n<meta property=\"og:description\" content=\"Ein wirksames Reinigungsprodukt f\u00fcr allgemeine Zwecke, das allein f\u00fcr sich das schafft, was sonst nur viele Mittel zusammen erreichen. Daily\" \/>\n<meta property=\"og:url\" content=\"https:\/\/provek.com.tr\/de\/product\/daily-clean-matic\/\" \/>\n<meta property=\"og:site_name\" content=\"Provek De\" \/>\n<meta property=\"article:modified_time\" content=\"2022-03-31T14:24:48+00:00\" \/>\n<meta property=\"og:image\" content=\"https:\/\/provek.com.tr\/de\/wp-content\/uploads\/sites\/6\/2021\/06\/DAILY-CLEAN-MATIC1.jpg\" \/>\n\t<meta property=\"og:image:width\" content=\"2500\" \/>\n\t<meta property=\"og:image:height\" content=\"2502\" \/>\n<meta name=\"twitter:card\" content=\"summary_large_image\" \/>\n<meta name=\"twitter:label1\" content=\"Gesch\u00e4tzte Lesezeit\" \/>\n\t<meta name=\"twitter:data1\" content=\"1\u00a0Minute\" \/>\n<script type=\"application\/ld+json\" class=\"yoast-schema-graph\">{\"@context\":\"https:\/\/schema.org\",\"@graph\":[{\"@type\":\"WebSite\",\"@id\":\"https:\/\/provek.com.tr\/de\/#website\",\"url\":\"https:\/\/provek.com.tr\/de\/\",\"name\":\"Provek De\",\"description\":\"En Do\\u011frusu\",\"potentialAction\":[{\"@type\":\"SearchAction\",\"target\":{\"@type\":\"EntryPoint\",\"urlTemplate\":\"https:\/\/provek.com.tr\/de\/?s={search_term_string}\"},\"query-input\":\"required name=search_term_string\"}],\"inLanguage\":\"de\"},{\"@type\":\"ImageObject\",\"@id\":\"https:\/\/provek.com.tr\/de\/product\/daily-clean-matic\/#primaryimage\",\"inLanguage\":\"de\",\"url\":\"https:\/\/provek.com.tr\/de\/wp-content\/uploads\/sites\/6\/2021\/06\/DAILY-CLEAN-MATIC1.jpg\",\"contentUrl\":\"https:\/\/provek.com.tr\/de\/wp-content\/uploads\/sites\/6\/2021\/06\/DAILY-CLEAN-MATIC1.jpg\",\"width\":2500,\"height\":2502},{\"@type\":\"WebPage\",\"@id\":\"https:\/\/provek.com.tr\/de\/product\/daily-clean-matic\/#webpage\",\"url\":\"https:\/\/provek.com.tr\/de\/product\/daily-clean-matic\/\",\"name\":\"DA\\u0130LY CLEAN MAT\\u0130C: ALLGEME\\u0130NES RE\\u0130N\\u0130GUNGSPRODUKT F\\u00dcR RE\\u0130N\\u0130GUNGSMASCH\\u0130ENEN - Provek De\",\"isPartOf\":{\"@id\":\"https:\/\/provek.com.tr\/de\/#website\"},\"primaryImageOfPage\":{\"@id\":\"https:\/\/provek.com.tr\/de\/product\/daily-clean-matic\/#primaryimage\"},\"datePublished\":\"2021-06-08T15:06:44+00:00\",\"dateModified\":\"2022-03-31T14:24:48+00:00\",\"breadcrumb\":{\"@id\":\"https:\/\/provek.com.tr\/de\/product\/daily-clean-matic\/#breadcrumb\"},\"inLanguage\":\"de\",\"potentialAction\":[{\"@type\":\"ReadAction\",\"target\":[\"https:\/\/provek.com.tr\/de\/product\/daily-clean-matic\/\"]}]},{\"@type\":\"BreadcrumbList\",\"@id\":\"https:\/\/provek.com.tr\/de\/product\/daily-clean-matic\/#breadcrumb\",\"itemListElement\":[{\"@type\":\"ListItem\",\"position\":1,\"name\":\"Anasayfa\",\"item\":\"https:\/\/provek.com.tr\/de\/\"},{\"@type\":\"ListItem\",\"position\":2,\"name\":\"Produkte\",\"item\":\"https:\/\/provek.com.tr\/de\/produkte\/\"},{\"@type\":\"ListItem\",\"position\":3,\"name\":\"DA\\u0130LY CLEAN MAT\\u0130C: ALLGEME\\u0130NES RE\\u0130N\\u0130GUNGSPRODUKT F\\u00dcR RE\\u0130N\\u0130GUNGSMASCH\\u0130ENEN\"}]}]}<\/script>\n<!-- \/ Yoast SEO plugin. -->","yoast_head_json":{"title":"DA\u0130LY CLEAN MAT\u0130C: ALLGEME\u0130NES RE\u0130N\u0130GUNGSPRODUKT F\u00dcR RE\u0130N\u0130GUNGSMASCH\u0130ENEN - Provek De","robots":{"index":"index","follow":"follow","max-snippet":"max-snippet:-1","max-image-preview":"max-image-preview:large","max-video-preview":"max-video-preview:-1"},"canonical":"https:\/\/provek.com.tr\/de\/product\/daily-clean-matic\/","og_locale":"de_DE","og_type":"article","og_title":"DA\u0130LY CLEAN MAT\u0130C: ALLGEME\u0130NES RE\u0130N\u0130GUNGSPRODUKT F\u00dcR RE\u0130N\u0130GUNGSMASCH\u0130ENEN - Provek De","og_description":"Ein wirksames Reinigungsprodukt f\u00fcr allgemeine Zwecke, das allein f\u00fcr sich das schafft, was sonst nur viele Mittel zusammen erreichen. Daily","og_url":"https:\/\/provek.com.tr\/de\/product\/daily-clean-matic\/","og_site_name":"Provek De","article_modified_time":"2022-03-31T14:24:48+00:00","og_image":[{"width":2500,"height":2502,"url":"https:\/\/provek.com.tr\/de\/wp-content\/uploads\/sites\/6\/2021\/06\/DAILY-CLEAN-MATIC1.jpg","path":"\/var\/www\/vhosts\/provek.com.tr\/httpdocs\/wp-content\/uploads\/sites\/6\/2021\/06\/DAILY-CLEAN-MATIC1.jpg","size":"full","id":11679,"alt":"","pixels":6255000,"type":"image\/jpeg"}],"twitter_card":"summary_large_image","twitter_misc":{"Gesch\u00e4tzte Lesezeit":"1\u00a0Minute"},"schema":{"@context":"https:\/\/schema.org","@graph":[{"@type":"WebSite","@id":"https:\/\/provek.com.tr\/de\/#website","url":"https:\/\/provek.com.tr\/de\/","name":"Provek De","description":"En Do\u011frusu","potentialAction":[{"@type":"SearchAction","target":{"@type":"EntryPoint","urlTemplate":"https:\/\/provek.com.tr\/de\/?s={search_term_string}"},"query-input":"required name=search_term_string"}],"inLanguage":"de"},{"@type":"ImageObject","@id":"https:\/\/provek.com.tr\/de\/product\/daily-clean-matic\/#primaryimage","inLanguage":"de","url":"https:\/\/provek.com.tr\/de\/wp-content\/uploads\/sites\/6\/2021\/06\/DAILY-CLEAN-MATIC1.jpg","contentUrl":"https:\/\/provek.com.tr\/de\/wp-content\/uploads\/sites\/6\/2021\/06\/DAILY-CLEAN-MATIC1.jpg","width":2500,"height":2502},{"@type":"WebPage","@id":"https:\/\/provek.com.tr\/de\/product\/daily-clean-matic\/#webpage","url":"https:\/\/provek.com.tr\/de\/product\/daily-clean-matic\/","name":"DA\u0130LY CLEAN MAT\u0130C: ALLGEME\u0130NES RE\u0130N\u0130GUNGSPRODUKT F\u00dcR RE\u0130N\u0130GUNGSMASCH\u0130ENEN - Provek De","isPartOf":{"@id":"https:\/\/provek.com.tr\/de\/#website"},"primaryImageOfPage":{"@id":"https:\/\/provek.com.tr\/de\/product\/daily-clean-matic\/#primaryimage"},"datePublished":"2021-06-08T15:06:44+00:00","dateModified":"2022-03-31T14:24:48+00:00","breadcrumb":{"@id":"https:\/\/provek.com.tr\/de\/product\/daily-clean-matic\/#breadcrumb"},"inLanguage":"de","potentialAction":[{"@type":"ReadAction","target":["https:\/\/provek.com.tr\/de\/product\/daily-clean-matic\/"]}]},{"@type":"BreadcrumbList","@id":"https:\/\/provek.com.tr\/de\/product\/daily-clean-matic\/#breadcrumb","itemListElement":[{"@type":"ListItem","position":1,"name":"Anasayfa","item":"https:\/\/provek.com.tr\/de\/"},{"@type":"ListItem","position":2,"name":"Produkte","item":"https:\/\/provek.com.tr\/de\/produkte\/"},{"@type":"ListItem","position":3,"name":"DA\u0130LY CLEAN MAT\u0130C: ALLGEME\u0130NES RE\u0130N\u0130GUNGSPRODUKT F\u00dcR RE\u0130N\u0130GUNGSMASCH\u0130ENEN"}]}]}},"_links":{"self":[{"href":"https:\/\/provek.com.tr\/de\/wp-json\/wp\/v2\/product\/11094"}],"collection":[{"href":"https:\/\/provek.com.tr\/de\/wp-json\/wp\/v2\/product"}],"about":[{"href":"https:\/\/provek.com.tr\/de\/wp-json\/wp\/v2\/types\/product"}],"replies":[{"embeddable":true,"href":"https:\/\/provek.com.tr\/de\/wp-json\/wp\/v2\/comments?post=11094"}],"version-history":[{"count":7,"href":"https:\/\/provek.com.tr\/de\/wp-json\/wp\/v2\/product\/11094\/revisions"}],"predecessor-version":[{"id":12385,"href":"https:\/\/provek.com.tr\/de\/wp-json\/wp\/v2\/product\/11094\/revisions\/12385"}],"wp:featuredmedia":[{"embeddable":true,"href":"https:\/\/provek.com.tr\/de\/wp-json\/wp\/v2\/media\/11679"}],"wp:attachment":[{"href":"https:\/\/provek.com.tr\/de\/wp-json\/wp\/v2\/media?parent=11094"}],"curies":[{"name":"wp","href":"https:\/\/api.w.org\/{rel}","templated":true}]}}