{"id":11079,"date":"2021-06-08T17:53:01","date_gmt":"2021-06-08T14:53:01","guid":{"rendered":"https:\/\/provek.com.tr\/de\/?post_type=product&#038;p=11079"},"modified":"2022-09-15T11:40:59","modified_gmt":"2022-09-15T08:40:59","slug":"new-ground","status":"publish","type":"product","link":"https:\/\/provek.com.tr\/de\/product\/new-ground\/","title":{"rendered":"NEW GROUND: POLITUR- UND LACKENTFERNER"},"content":{"rendered":"<p>NEW GROUND: POLITUR- UND LACKENTFERNER<\/p>\n<p>&#8211;\tEin Schmutz- und Politurl\u00f6ser zur Reinigung von stark verschmutzten Oberfl\u00e4chen.<br \/>\n&#8211;\tBesonders geeignet f\u00fcr die Vorbereitung von Oberfl\u00e4chen vor dem Neuauftrag von Politur.<br \/>\n&#8211;\tDie aktiven Substanzen des Mittels sind biologisch abbaubar.<br \/>\n&#8211;\tGeeignet f\u00fcr die Anwendung auf allen harten B\u00f6den einschliesslich Polyurethan- und Epoxybel\u00e4gen.<br \/>\n&#8211;\tSpezielle Zusammensetzung f\u00fcr den manuellen Auftrag mit dem Mopp oder mit einer Politurmaschine.<\/p>\n","protected":false},"excerpt":{"rendered":"<p>NEW GROUND: POLITUR- UND LACKENTFERNER &#8211; Ein Schmutz- und Politurl\u00f6ser zur Reinigung von stark verschmutzten Oberfl\u00e4chen. &#8211; Besonders geeignet f\u00fcr<\/p>\n","protected":false},"featured_media":11732,"comment_status":"open","ping_status":"closed","template":"","meta":[],"yoast_head":"<!-- This site is optimized with the Yoast SEO plugin v17.2.1 - https:\/\/yoast.com\/wordpress\/plugins\/seo\/ -->\n<title>NEW GROUND: POLITUR- UND LACKENTFERNER - Provek De<\/title>\n<meta name=\"robots\" content=\"index, follow, max-snippet:-1, max-image-preview:large, max-video-preview:-1\" \/>\n<link rel=\"canonical\" href=\"https:\/\/provek.com.tr\/de\/product\/new-ground\/\" \/>\n<meta property=\"og:locale\" content=\"de_DE\" \/>\n<meta property=\"og:type\" content=\"article\" \/>\n<meta property=\"og:title\" content=\"NEW GROUND: POLITUR- UND LACKENTFERNER - Provek De\" \/>\n<meta property=\"og:description\" content=\"NEW GROUND: POLITUR- UND LACKENTFERNER &#8211; Ein Schmutz- und Politurl\u00f6ser zur Reinigung von stark verschmutzten Oberfl\u00e4chen. &#8211; Besonders geeignet f\u00fcr\" \/>\n<meta property=\"og:url\" content=\"https:\/\/provek.com.tr\/de\/product\/new-ground\/\" \/>\n<meta property=\"og:site_name\" content=\"Provek De\" \/>\n<meta property=\"article:modified_time\" content=\"2022-09-15T08:40:59+00:00\" \/>\n<meta property=\"og:image\" content=\"https:\/\/provek.com.tr\/de\/wp-content\/uploads\/sites\/6\/2021\/06\/NEW-GROUND1.jpg\" \/>\n\t<meta property=\"og:image:width\" content=\"2500\" \/>\n\t<meta property=\"og:image:height\" content=\"2502\" \/>\n<meta name=\"twitter:card\" content=\"summary_large_image\" \/>\n<meta name=\"twitter:label1\" content=\"Gesch\u00e4tzte Lesezeit\" \/>\n\t<meta name=\"twitter:data1\" content=\"1\u00a0Minute\" \/>\n<script type=\"application\/ld+json\" class=\"yoast-schema-graph\">{\"@context\":\"https:\/\/schema.org\",\"@graph\":[{\"@type\":\"WebSite\",\"@id\":\"https:\/\/provek.com.tr\/de\/#website\",\"url\":\"https:\/\/provek.com.tr\/de\/\",\"name\":\"Provek De\",\"description\":\"En Do\\u011frusu\",\"potentialAction\":[{\"@type\":\"SearchAction\",\"target\":{\"@type\":\"EntryPoint\",\"urlTemplate\":\"https:\/\/provek.com.tr\/de\/?s={search_term_string}\"},\"query-input\":\"required name=search_term_string\"}],\"inLanguage\":\"de\"},{\"@type\":\"ImageObject\",\"@id\":\"https:\/\/provek.com.tr\/de\/product\/new-ground\/#primaryimage\",\"inLanguage\":\"de\",\"url\":\"https:\/\/provek.com.tr\/de\/wp-content\/uploads\/sites\/6\/2021\/06\/NEW-GROUND1.jpg\",\"contentUrl\":\"https:\/\/provek.com.tr\/de\/wp-content\/uploads\/sites\/6\/2021\/06\/NEW-GROUND1.jpg\",\"width\":2500,\"height\":2502},{\"@type\":\"WebPage\",\"@id\":\"https:\/\/provek.com.tr\/de\/product\/new-ground\/#webpage\",\"url\":\"https:\/\/provek.com.tr\/de\/product\/new-ground\/\",\"name\":\"NEW GROUND: POLITUR- UND LACKENTFERNER - Provek De\",\"isPartOf\":{\"@id\":\"https:\/\/provek.com.tr\/de\/#website\"},\"primaryImageOfPage\":{\"@id\":\"https:\/\/provek.com.tr\/de\/product\/new-ground\/#primaryimage\"},\"datePublished\":\"2021-06-08T14:53:01+00:00\",\"dateModified\":\"2022-09-15T08:40:59+00:00\",\"breadcrumb\":{\"@id\":\"https:\/\/provek.com.tr\/de\/product\/new-ground\/#breadcrumb\"},\"inLanguage\":\"de\",\"potentialAction\":[{\"@type\":\"ReadAction\",\"target\":[\"https:\/\/provek.com.tr\/de\/product\/new-ground\/\"]}]},{\"@type\":\"BreadcrumbList\",\"@id\":\"https:\/\/provek.com.tr\/de\/product\/new-ground\/#breadcrumb\",\"itemListElement\":[{\"@type\":\"ListItem\",\"position\":1,\"name\":\"Anasayfa\",\"item\":\"https:\/\/provek.com.tr\/de\/\"},{\"@type\":\"ListItem\",\"position\":2,\"name\":\"Produkte\",\"item\":\"https:\/\/provek.com.tr\/de\/produkte\/\"},{\"@type\":\"ListItem\",\"position\":3,\"name\":\"NEW GROUND: POLITUR- UND LACKENTFERNER\"}]}]}<\/script>\n<!-- \/ Yoast SEO plugin. -->","yoast_head_json":{"title":"NEW GROUND: POLITUR- UND LACKENTFERNER - Provek De","robots":{"index":"index","follow":"follow","max-snippet":"max-snippet:-1","max-image-preview":"max-image-preview:large","max-video-preview":"max-video-preview:-1"},"canonical":"https:\/\/provek.com.tr\/de\/product\/new-ground\/","og_locale":"de_DE","og_type":"article","og_title":"NEW GROUND: POLITUR- UND LACKENTFERNER - Provek De","og_description":"NEW GROUND: POLITUR- UND LACKENTFERNER &#8211; Ein Schmutz- und Politurl\u00f6ser zur Reinigung von stark verschmutzten Oberfl\u00e4chen. &#8211; Besonders geeignet f\u00fcr","og_url":"https:\/\/provek.com.tr\/de\/product\/new-ground\/","og_site_name":"Provek De","article_modified_time":"2022-09-15T08:40:59+00:00","og_image":[{"width":2500,"height":2502,"url":"https:\/\/provek.com.tr\/de\/wp-content\/uploads\/sites\/6\/2021\/06\/NEW-GROUND1.jpg","path":"\/var\/www\/vhosts\/provek.com.tr\/httpdocs\/wp-content\/uploads\/sites\/6\/2021\/06\/NEW-GROUND1.jpg","size":"full","id":11732,"alt":"","pixels":6255000,"type":"image\/jpeg"}],"twitter_card":"summary_large_image","twitter_misc":{"Gesch\u00e4tzte Lesezeit":"1\u00a0Minute"},"schema":{"@context":"https:\/\/schema.org","@graph":[{"@type":"WebSite","@id":"https:\/\/provek.com.tr\/de\/#website","url":"https:\/\/provek.com.tr\/de\/","name":"Provek De","description":"En Do\u011frusu","potentialAction":[{"@type":"SearchAction","target":{"@type":"EntryPoint","urlTemplate":"https:\/\/provek.com.tr\/de\/?s={search_term_string}"},"query-input":"required name=search_term_string"}],"inLanguage":"de"},{"@type":"ImageObject","@id":"https:\/\/provek.com.tr\/de\/product\/new-ground\/#primaryimage","inLanguage":"de","url":"https:\/\/provek.com.tr\/de\/wp-content\/uploads\/sites\/6\/2021\/06\/NEW-GROUND1.jpg","contentUrl":"https:\/\/provek.com.tr\/de\/wp-content\/uploads\/sites\/6\/2021\/06\/NEW-GROUND1.jpg","width":2500,"height":2502},{"@type":"WebPage","@id":"https:\/\/provek.com.tr\/de\/product\/new-ground\/#webpage","url":"https:\/\/provek.com.tr\/de\/product\/new-ground\/","name":"NEW GROUND: POLITUR- UND LACKENTFERNER - Provek De","isPartOf":{"@id":"https:\/\/provek.com.tr\/de\/#website"},"primaryImageOfPage":{"@id":"https:\/\/provek.com.tr\/de\/product\/new-ground\/#primaryimage"},"datePublished":"2021-06-08T14:53:01+00:00","dateModified":"2022-09-15T08:40:59+00:00","breadcrumb":{"@id":"https:\/\/provek.com.tr\/de\/product\/new-ground\/#breadcrumb"},"inLanguage":"de","potentialAction":[{"@type":"ReadAction","target":["https:\/\/provek.com.tr\/de\/product\/new-ground\/"]}]},{"@type":"BreadcrumbList","@id":"https:\/\/provek.com.tr\/de\/product\/new-ground\/#breadcrumb","itemListElement":[{"@type":"ListItem","position":1,"name":"Anasayfa","item":"https:\/\/provek.com.tr\/de\/"},{"@type":"ListItem","position":2,"name":"Produkte","item":"https:\/\/provek.com.tr\/de\/produkte\/"},{"@type":"ListItem","position":3,"name":"NEW GROUND: POLITUR- UND LACKENTFERNER"}]}]}},"_links":{"self":[{"href":"https:\/\/provek.com.tr\/de\/wp-json\/wp\/v2\/product\/11079"}],"collection":[{"href":"https:\/\/provek.com.tr\/de\/wp-json\/wp\/v2\/product"}],"about":[{"href":"https:\/\/provek.com.tr\/de\/wp-json\/wp\/v2\/types\/product"}],"replies":[{"embeddable":true,"href":"https:\/\/provek.com.tr\/de\/wp-json\/wp\/v2\/comments?post=11079"}],"version-history":[{"count":5,"href":"https:\/\/provek.com.tr\/de\/wp-json\/wp\/v2\/product\/11079\/revisions"}],"predecessor-version":[{"id":12329,"href":"https:\/\/provek.com.tr\/de\/wp-json\/wp\/v2\/product\/11079\/revisions\/12329"}],"wp:featuredmedia":[{"embeddable":true,"href":"https:\/\/provek.com.tr\/de\/wp-json\/wp\/v2\/media\/11732"}],"wp:attachment":[{"href":"https:\/\/provek.com.tr\/de\/wp-json\/wp\/v2\/media?parent=11079"}],"curies":[{"name":"wp","href":"https:\/\/api.w.org\/{rel}","templated":true}]}}