{"id":11049,"date":"2021-06-08T17:34:59","date_gmt":"2021-06-08T14:34:59","guid":{"rendered":"https:\/\/provek.com.tr\/de\/?post_type=product&#038;p=11049"},"modified":"2022-03-28T19:37:16","modified_gmt":"2022-03-28T16:37:16","slug":"pro-prep","status":"publish","type":"product","link":"https:\/\/provek.com.tr\/de\/product\/pro-prep\/","title":{"rendered":"PRO PREP: METALLOBERFL\u00c4CHENVORBEREITER"},"content":{"rendered":"<p>PRO PREP: METALLOBERFL\u00c4CHENVORBEREITER<\/p>\n<p>&#8211;\tEin Mittel zur Vorbereitung von Oberfl\u00e4chen vor der Beschichtung oder dem Anstrich.<br \/>\n&#8211;\tEntfernt den \u00d6l-Belag auf Metalloberfl\u00e4chen in einem Arbeitsgang, beschichtet die Oberfl\u00e4che mit Phosphat und verhindert korrosives Anlaufen und Rost.<br \/>\n&#8211;\tErfordert kein Nachsp\u00fclen; sch\u00fctzt Oberfl\u00e4chen lange vor Korrosion und Rost, selbst wenn sie der Witterung ausgesetzt sind.<\/p>\n","protected":false},"excerpt":{"rendered":"<p>PRO PREP: METALLOBERFL\u00c4CHENVORBEREITER &#8211; Ein Mittel zur Vorbereitung von Oberfl\u00e4chen vor der Beschichtung oder dem Anstrich. &#8211; Entfernt den \u00d6l-Belag<\/p>\n","protected":false},"featured_media":11764,"comment_status":"open","ping_status":"closed","template":"","meta":[],"yoast_head":"<!-- This site is optimized with the Yoast SEO plugin v17.2.1 - https:\/\/yoast.com\/wordpress\/plugins\/seo\/ -->\n<title>PRO PREP: METALLOBERFL\u00c4CHENVORBEREITER - Provek De<\/title>\n<meta name=\"robots\" content=\"index, follow, max-snippet:-1, max-image-preview:large, max-video-preview:-1\" \/>\n<link rel=\"canonical\" href=\"https:\/\/provek.com.tr\/de\/product\/pro-prep\/\" \/>\n<meta property=\"og:locale\" content=\"de_DE\" \/>\n<meta property=\"og:type\" content=\"article\" \/>\n<meta property=\"og:title\" content=\"PRO PREP: METALLOBERFL\u00c4CHENVORBEREITER - Provek De\" \/>\n<meta property=\"og:description\" content=\"PRO PREP: METALLOBERFL\u00c4CHENVORBEREITER &#8211; Ein Mittel zur Vorbereitung von Oberfl\u00e4chen vor der Beschichtung oder dem Anstrich. &#8211; Entfernt den \u00d6l-Belag\" \/>\n<meta property=\"og:url\" content=\"https:\/\/provek.com.tr\/de\/product\/pro-prep\/\" \/>\n<meta property=\"og:site_name\" content=\"Provek De\" \/>\n<meta property=\"article:modified_time\" content=\"2022-03-28T16:37:16+00:00\" \/>\n<meta property=\"og:image\" content=\"https:\/\/provek.com.tr\/de\/wp-content\/uploads\/sites\/6\/2021\/06\/PRO-PREP1.jpg\" \/>\n\t<meta property=\"og:image:width\" content=\"2500\" \/>\n\t<meta property=\"og:image:height\" content=\"2502\" \/>\n<meta name=\"twitter:card\" content=\"summary_large_image\" \/>\n<script type=\"application\/ld+json\" class=\"yoast-schema-graph\">{\"@context\":\"https:\/\/schema.org\",\"@graph\":[{\"@type\":\"WebSite\",\"@id\":\"https:\/\/provek.com.tr\/de\/#website\",\"url\":\"https:\/\/provek.com.tr\/de\/\",\"name\":\"Provek De\",\"description\":\"En Do\\u011frusu\",\"potentialAction\":[{\"@type\":\"SearchAction\",\"target\":{\"@type\":\"EntryPoint\",\"urlTemplate\":\"https:\/\/provek.com.tr\/de\/?s={search_term_string}\"},\"query-input\":\"required name=search_term_string\"}],\"inLanguage\":\"de\"},{\"@type\":\"ImageObject\",\"@id\":\"https:\/\/provek.com.tr\/de\/product\/pro-prep\/#primaryimage\",\"inLanguage\":\"de\",\"url\":\"https:\/\/provek.com.tr\/de\/wp-content\/uploads\/sites\/6\/2021\/06\/PRO-PREP1.jpg\",\"contentUrl\":\"https:\/\/provek.com.tr\/de\/wp-content\/uploads\/sites\/6\/2021\/06\/PRO-PREP1.jpg\",\"width\":2500,\"height\":2502},{\"@type\":\"WebPage\",\"@id\":\"https:\/\/provek.com.tr\/de\/product\/pro-prep\/#webpage\",\"url\":\"https:\/\/provek.com.tr\/de\/product\/pro-prep\/\",\"name\":\"PRO PREP: METALLOBERFL\\u00c4CHENVORBEREITER - Provek De\",\"isPartOf\":{\"@id\":\"https:\/\/provek.com.tr\/de\/#website\"},\"primaryImageOfPage\":{\"@id\":\"https:\/\/provek.com.tr\/de\/product\/pro-prep\/#primaryimage\"},\"datePublished\":\"2021-06-08T14:34:59+00:00\",\"dateModified\":\"2022-03-28T16:37:16+00:00\",\"breadcrumb\":{\"@id\":\"https:\/\/provek.com.tr\/de\/product\/pro-prep\/#breadcrumb\"},\"inLanguage\":\"de\",\"potentialAction\":[{\"@type\":\"ReadAction\",\"target\":[\"https:\/\/provek.com.tr\/de\/product\/pro-prep\/\"]}]},{\"@type\":\"BreadcrumbList\",\"@id\":\"https:\/\/provek.com.tr\/de\/product\/pro-prep\/#breadcrumb\",\"itemListElement\":[{\"@type\":\"ListItem\",\"position\":1,\"name\":\"Anasayfa\",\"item\":\"https:\/\/provek.com.tr\/de\/\"},{\"@type\":\"ListItem\",\"position\":2,\"name\":\"Produkte\",\"item\":\"https:\/\/provek.com.tr\/de\/produkte\/\"},{\"@type\":\"ListItem\",\"position\":3,\"name\":\"PRO PREP: METALLOBERFL\\u00c4CHENVORBEREITER\"}]}]}<\/script>\n<!-- \/ Yoast SEO plugin. -->","yoast_head_json":{"title":"PRO PREP: METALLOBERFL\u00c4CHENVORBEREITER - Provek De","robots":{"index":"index","follow":"follow","max-snippet":"max-snippet:-1","max-image-preview":"max-image-preview:large","max-video-preview":"max-video-preview:-1"},"canonical":"https:\/\/provek.com.tr\/de\/product\/pro-prep\/","og_locale":"de_DE","og_type":"article","og_title":"PRO PREP: METALLOBERFL\u00c4CHENVORBEREITER - Provek De","og_description":"PRO PREP: METALLOBERFL\u00c4CHENVORBEREITER &#8211; Ein Mittel zur Vorbereitung von Oberfl\u00e4chen vor der Beschichtung oder dem Anstrich. &#8211; Entfernt den \u00d6l-Belag","og_url":"https:\/\/provek.com.tr\/de\/product\/pro-prep\/","og_site_name":"Provek De","article_modified_time":"2022-03-28T16:37:16+00:00","og_image":[{"width":2500,"height":2502,"url":"https:\/\/provek.com.tr\/de\/wp-content\/uploads\/sites\/6\/2021\/06\/PRO-PREP1.jpg","path":"\/var\/www\/vhosts\/provek.com.tr\/httpdocs\/wp-content\/uploads\/sites\/6\/2021\/06\/PRO-PREP1.jpg","size":"full","id":11764,"alt":"","pixels":6255000,"type":"image\/jpeg"}],"twitter_card":"summary_large_image","schema":{"@context":"https:\/\/schema.org","@graph":[{"@type":"WebSite","@id":"https:\/\/provek.com.tr\/de\/#website","url":"https:\/\/provek.com.tr\/de\/","name":"Provek De","description":"En Do\u011frusu","potentialAction":[{"@type":"SearchAction","target":{"@type":"EntryPoint","urlTemplate":"https:\/\/provek.com.tr\/de\/?s={search_term_string}"},"query-input":"required name=search_term_string"}],"inLanguage":"de"},{"@type":"ImageObject","@id":"https:\/\/provek.com.tr\/de\/product\/pro-prep\/#primaryimage","inLanguage":"de","url":"https:\/\/provek.com.tr\/de\/wp-content\/uploads\/sites\/6\/2021\/06\/PRO-PREP1.jpg","contentUrl":"https:\/\/provek.com.tr\/de\/wp-content\/uploads\/sites\/6\/2021\/06\/PRO-PREP1.jpg","width":2500,"height":2502},{"@type":"WebPage","@id":"https:\/\/provek.com.tr\/de\/product\/pro-prep\/#webpage","url":"https:\/\/provek.com.tr\/de\/product\/pro-prep\/","name":"PRO PREP: METALLOBERFL\u00c4CHENVORBEREITER - Provek De","isPartOf":{"@id":"https:\/\/provek.com.tr\/de\/#website"},"primaryImageOfPage":{"@id":"https:\/\/provek.com.tr\/de\/product\/pro-prep\/#primaryimage"},"datePublished":"2021-06-08T14:34:59+00:00","dateModified":"2022-03-28T16:37:16+00:00","breadcrumb":{"@id":"https:\/\/provek.com.tr\/de\/product\/pro-prep\/#breadcrumb"},"inLanguage":"de","potentialAction":[{"@type":"ReadAction","target":["https:\/\/provek.com.tr\/de\/product\/pro-prep\/"]}]},{"@type":"BreadcrumbList","@id":"https:\/\/provek.com.tr\/de\/product\/pro-prep\/#breadcrumb","itemListElement":[{"@type":"ListItem","position":1,"name":"Anasayfa","item":"https:\/\/provek.com.tr\/de\/"},{"@type":"ListItem","position":2,"name":"Produkte","item":"https:\/\/provek.com.tr\/de\/produkte\/"},{"@type":"ListItem","position":3,"name":"PRO PREP: METALLOBERFL\u00c4CHENVORBEREITER"}]}]}},"_links":{"self":[{"href":"https:\/\/provek.com.tr\/de\/wp-json\/wp\/v2\/product\/11049"}],"collection":[{"href":"https:\/\/provek.com.tr\/de\/wp-json\/wp\/v2\/product"}],"about":[{"href":"https:\/\/provek.com.tr\/de\/wp-json\/wp\/v2\/types\/product"}],"replies":[{"embeddable":true,"href":"https:\/\/provek.com.tr\/de\/wp-json\/wp\/v2\/comments?post=11049"}],"version-history":[{"count":5,"href":"https:\/\/provek.com.tr\/de\/wp-json\/wp\/v2\/product\/11049\/revisions"}],"predecessor-version":[{"id":12361,"href":"https:\/\/provek.com.tr\/de\/wp-json\/wp\/v2\/product\/11049\/revisions\/12361"}],"wp:featuredmedia":[{"embeddable":true,"href":"https:\/\/provek.com.tr\/de\/wp-json\/wp\/v2\/media\/11764"}],"wp:attachment":[{"href":"https:\/\/provek.com.tr\/de\/wp-json\/wp\/v2\/media?parent=11049"}],"curies":[{"name":"wp","href":"https:\/\/api.w.org\/{rel}","templated":true}]}}