{"id":10875,"date":"2021-06-03T11:23:52","date_gmt":"2021-06-03T08:23:52","guid":{"rendered":"https:\/\/provek.com.tr\/de\/?post_type=product&#038;p=10875"},"modified":"2022-03-31T17:25:24","modified_gmt":"2022-03-31T14:25:24","slug":"extraction","status":"publish","type":"product","link":"https:\/\/provek.com.tr\/de\/product\/extraction\/","title":{"rendered":"EXTRACTION: KALK UND SED\u0130MENTENTFERNER"},"content":{"rendered":"<p>EXTRACTION: Kalk und Sedimententferner<\/p>\n<p>&#8211;\tHochkonzentriertes saures Reinigungsmittel zur Anwendung f\u00fcr alle Heiz- und K\u00fchlsysteme.<br \/>\n&#8211;\tEntfernt Verkalkungen, Mineralablagerungen, Kondensatbildungen und Rost auf der gereinigten Oberfl\u00e4che.<br \/>\n&#8211;\tEinsetzbar auf Dampfkesseln, W\u00e4rmeaustauschern und K\u00fchlsystemen ohne die Metalloberfl\u00e4che zu sch\u00e4digen.<\/p>\n","protected":false},"excerpt":{"rendered":"<p>EXTRACTION: Kalk und Sedimententferner &#8211; Hochkonzentriertes saures Reinigungsmittel zur Anwendung f\u00fcr alle Heiz- und K\u00fchlsysteme. &#8211; Entfernt Verkalkungen, Mineralablagerungen, Kondensatbildungen<\/p>\n","protected":false},"featured_media":11702,"comment_status":"open","ping_status":"closed","template":"","meta":[],"yoast_head":"<!-- This site is optimized with the Yoast SEO plugin v17.2.1 - https:\/\/yoast.com\/wordpress\/plugins\/seo\/ -->\n<title>EXTRACTION: KALK UND SED\u0130MENTENTFERNER - Provek De<\/title>\n<meta name=\"robots\" content=\"index, follow, max-snippet:-1, max-image-preview:large, max-video-preview:-1\" \/>\n<link rel=\"canonical\" href=\"https:\/\/provek.com.tr\/de\/product\/extraction\/\" \/>\n<meta property=\"og:locale\" content=\"de_DE\" \/>\n<meta property=\"og:type\" content=\"article\" \/>\n<meta property=\"og:title\" content=\"EXTRACTION: KALK UND SED\u0130MENTENTFERNER - Provek De\" \/>\n<meta property=\"og:description\" content=\"EXTRACTION: Kalk und Sedimententferner &#8211; Hochkonzentriertes saures Reinigungsmittel zur Anwendung f\u00fcr alle Heiz- und K\u00fchlsysteme. &#8211; Entfernt Verkalkungen, Mineralablagerungen, Kondensatbildungen\" \/>\n<meta property=\"og:url\" content=\"https:\/\/provek.com.tr\/de\/product\/extraction\/\" \/>\n<meta property=\"og:site_name\" content=\"Provek De\" \/>\n<meta property=\"article:modified_time\" content=\"2022-03-31T14:25:24+00:00\" \/>\n<meta property=\"og:image\" content=\"https:\/\/provek.com.tr\/de\/wp-content\/uploads\/sites\/6\/2021\/06\/EXTRACTION1.jpg\" \/>\n\t<meta property=\"og:image:width\" content=\"2500\" \/>\n\t<meta property=\"og:image:height\" content=\"2502\" \/>\n<meta name=\"twitter:card\" content=\"summary_large_image\" \/>\n<script type=\"application\/ld+json\" class=\"yoast-schema-graph\">{\"@context\":\"https:\/\/schema.org\",\"@graph\":[{\"@type\":\"WebSite\",\"@id\":\"https:\/\/provek.com.tr\/de\/#website\",\"url\":\"https:\/\/provek.com.tr\/de\/\",\"name\":\"Provek De\",\"description\":\"En Do\\u011frusu\",\"potentialAction\":[{\"@type\":\"SearchAction\",\"target\":{\"@type\":\"EntryPoint\",\"urlTemplate\":\"https:\/\/provek.com.tr\/de\/?s={search_term_string}\"},\"query-input\":\"required name=search_term_string\"}],\"inLanguage\":\"de\"},{\"@type\":\"ImageObject\",\"@id\":\"https:\/\/provek.com.tr\/de\/product\/extraction\/#primaryimage\",\"inLanguage\":\"de\",\"url\":\"https:\/\/provek.com.tr\/de\/wp-content\/uploads\/sites\/6\/2021\/06\/EXTRACTION1.jpg\",\"contentUrl\":\"https:\/\/provek.com.tr\/de\/wp-content\/uploads\/sites\/6\/2021\/06\/EXTRACTION1.jpg\",\"width\":2500,\"height\":2502},{\"@type\":\"WebPage\",\"@id\":\"https:\/\/provek.com.tr\/de\/product\/extraction\/#webpage\",\"url\":\"https:\/\/provek.com.tr\/de\/product\/extraction\/\",\"name\":\"EXTRACTION: KALK UND SED\\u0130MENTENTFERNER - Provek De\",\"isPartOf\":{\"@id\":\"https:\/\/provek.com.tr\/de\/#website\"},\"primaryImageOfPage\":{\"@id\":\"https:\/\/provek.com.tr\/de\/product\/extraction\/#primaryimage\"},\"datePublished\":\"2021-06-03T08:23:52+00:00\",\"dateModified\":\"2022-03-31T14:25:24+00:00\",\"breadcrumb\":{\"@id\":\"https:\/\/provek.com.tr\/de\/product\/extraction\/#breadcrumb\"},\"inLanguage\":\"de\",\"potentialAction\":[{\"@type\":\"ReadAction\",\"target\":[\"https:\/\/provek.com.tr\/de\/product\/extraction\/\"]}]},{\"@type\":\"BreadcrumbList\",\"@id\":\"https:\/\/provek.com.tr\/de\/product\/extraction\/#breadcrumb\",\"itemListElement\":[{\"@type\":\"ListItem\",\"position\":1,\"name\":\"Anasayfa\",\"item\":\"https:\/\/provek.com.tr\/de\/\"},{\"@type\":\"ListItem\",\"position\":2,\"name\":\"Produkte\",\"item\":\"https:\/\/provek.com.tr\/de\/produkte\/\"},{\"@type\":\"ListItem\",\"position\":3,\"name\":\"EXTRACTION: KALK UND SED\\u0130MENTENTFERNER\"}]}]}<\/script>\n<!-- \/ Yoast SEO plugin. -->","yoast_head_json":{"title":"EXTRACTION: KALK UND SED\u0130MENTENTFERNER - Provek De","robots":{"index":"index","follow":"follow","max-snippet":"max-snippet:-1","max-image-preview":"max-image-preview:large","max-video-preview":"max-video-preview:-1"},"canonical":"https:\/\/provek.com.tr\/de\/product\/extraction\/","og_locale":"de_DE","og_type":"article","og_title":"EXTRACTION: KALK UND SED\u0130MENTENTFERNER - Provek De","og_description":"EXTRACTION: Kalk und Sedimententferner &#8211; Hochkonzentriertes saures Reinigungsmittel zur Anwendung f\u00fcr alle Heiz- und K\u00fchlsysteme. &#8211; Entfernt Verkalkungen, Mineralablagerungen, Kondensatbildungen","og_url":"https:\/\/provek.com.tr\/de\/product\/extraction\/","og_site_name":"Provek De","article_modified_time":"2022-03-31T14:25:24+00:00","og_image":[{"width":2500,"height":2502,"url":"https:\/\/provek.com.tr\/de\/wp-content\/uploads\/sites\/6\/2021\/06\/EXTRACTION1.jpg","path":"\/var\/www\/vhosts\/provek.com.tr\/httpdocs\/wp-content\/uploads\/sites\/6\/2021\/06\/EXTRACTION1.jpg","size":"full","id":11702,"alt":"","pixels":6255000,"type":"image\/jpeg"}],"twitter_card":"summary_large_image","schema":{"@context":"https:\/\/schema.org","@graph":[{"@type":"WebSite","@id":"https:\/\/provek.com.tr\/de\/#website","url":"https:\/\/provek.com.tr\/de\/","name":"Provek De","description":"En Do\u011frusu","potentialAction":[{"@type":"SearchAction","target":{"@type":"EntryPoint","urlTemplate":"https:\/\/provek.com.tr\/de\/?s={search_term_string}"},"query-input":"required name=search_term_string"}],"inLanguage":"de"},{"@type":"ImageObject","@id":"https:\/\/provek.com.tr\/de\/product\/extraction\/#primaryimage","inLanguage":"de","url":"https:\/\/provek.com.tr\/de\/wp-content\/uploads\/sites\/6\/2021\/06\/EXTRACTION1.jpg","contentUrl":"https:\/\/provek.com.tr\/de\/wp-content\/uploads\/sites\/6\/2021\/06\/EXTRACTION1.jpg","width":2500,"height":2502},{"@type":"WebPage","@id":"https:\/\/provek.com.tr\/de\/product\/extraction\/#webpage","url":"https:\/\/provek.com.tr\/de\/product\/extraction\/","name":"EXTRACTION: KALK UND SED\u0130MENTENTFERNER - Provek De","isPartOf":{"@id":"https:\/\/provek.com.tr\/de\/#website"},"primaryImageOfPage":{"@id":"https:\/\/provek.com.tr\/de\/product\/extraction\/#primaryimage"},"datePublished":"2021-06-03T08:23:52+00:00","dateModified":"2022-03-31T14:25:24+00:00","breadcrumb":{"@id":"https:\/\/provek.com.tr\/de\/product\/extraction\/#breadcrumb"},"inLanguage":"de","potentialAction":[{"@type":"ReadAction","target":["https:\/\/provek.com.tr\/de\/product\/extraction\/"]}]},{"@type":"BreadcrumbList","@id":"https:\/\/provek.com.tr\/de\/product\/extraction\/#breadcrumb","itemListElement":[{"@type":"ListItem","position":1,"name":"Anasayfa","item":"https:\/\/provek.com.tr\/de\/"},{"@type":"ListItem","position":2,"name":"Produkte","item":"https:\/\/provek.com.tr\/de\/produkte\/"},{"@type":"ListItem","position":3,"name":"EXTRACTION: KALK UND SED\u0130MENTENTFERNER"}]}]}},"_links":{"self":[{"href":"https:\/\/provek.com.tr\/de\/wp-json\/wp\/v2\/product\/10875"}],"collection":[{"href":"https:\/\/provek.com.tr\/de\/wp-json\/wp\/v2\/product"}],"about":[{"href":"https:\/\/provek.com.tr\/de\/wp-json\/wp\/v2\/types\/product"}],"replies":[{"embeddable":true,"href":"https:\/\/provek.com.tr\/de\/wp-json\/wp\/v2\/comments?post=10875"}],"version-history":[{"count":7,"href":"https:\/\/provek.com.tr\/de\/wp-json\/wp\/v2\/product\/10875\/revisions"}],"predecessor-version":[{"id":12387,"href":"https:\/\/provek.com.tr\/de\/wp-json\/wp\/v2\/product\/10875\/revisions\/12387"}],"wp:featuredmedia":[{"embeddable":true,"href":"https:\/\/provek.com.tr\/de\/wp-json\/wp\/v2\/media\/11702"}],"wp:attachment":[{"href":"https:\/\/provek.com.tr\/de\/wp-json\/wp\/v2\/media?parent=10875"}],"curies":[{"name":"wp","href":"https:\/\/api.w.org\/{rel}","templated":true}]}}