{"id":10867,"date":"2021-06-03T11:01:00","date_gmt":"2021-06-03T08:01:00","guid":{"rendered":"https:\/\/provek.com.tr\/de\/?post_type=product&#038;p=10867"},"modified":"2022-03-28T19:30:34","modified_gmt":"2022-03-28T16:30:34","slug":"krt-guard","status":"publish","type":"product","link":"https:\/\/provek.com.tr\/de\/product\/krt-guard\/","title":{"rendered":"KRT GUARD: SCHUTZ F\u00dcR ELEKTRONISCHE KARTEN"},"content":{"rendered":"<p>KRT GUARD: SCHUTZ F\u00dcR ELEKTRONISCHE KARTEN<\/p>\n<p>&#8211;\tAnwendung zum Schutz elektronischer Bauteile vor Staub, \u00d6l, Feuchtigkeit und anderen Einfl\u00fcssen.<br \/>\n&#8211;\tHaftet rasch auf der Oberfl\u00e4che, sorgt f\u00fcr Widerstand gegen externe Einfl\u00fcsse wie Feuchtigkeit, Korrosion und Rost.<br \/>\n&#8211;\tAnwendbar auf jede Art von Platine und Stromkreise.<br \/>\n&#8211;\tRegelm\u00e4ssige Anwendung verl\u00e4ngert die Lebensdauer von Teilen.<br \/>\n&#8211;\tNichtleitend und nicht korrosiv.<\/p>\n","protected":false},"excerpt":{"rendered":"<p>KRT GUARD: SCHUTZ F\u00dcR ELEKTRONISCHE KARTEN &#8211; Anwendung zum Schutz elektronischer Bauteile vor Staub, \u00d6l, Feuchtigkeit und anderen Einfl\u00fcssen. &#8211;<\/p>\n","protected":false},"featured_media":11730,"comment_status":"open","ping_status":"closed","template":"","meta":[],"yoast_head":"<!-- This site is optimized with the Yoast SEO plugin v17.2.1 - https:\/\/yoast.com\/wordpress\/plugins\/seo\/ -->\n<title>KRT GUARD: SCHUTZ F\u00dcR ELEKTRONISCHE KARTEN - Provek De<\/title>\n<meta name=\"robots\" content=\"index, follow, max-snippet:-1, max-image-preview:large, max-video-preview:-1\" \/>\n<link rel=\"canonical\" href=\"https:\/\/provek.com.tr\/de\/product\/krt-guard\/\" \/>\n<meta property=\"og:locale\" content=\"de_DE\" \/>\n<meta property=\"og:type\" content=\"article\" \/>\n<meta property=\"og:title\" content=\"KRT GUARD: SCHUTZ F\u00dcR ELEKTRONISCHE KARTEN - Provek De\" \/>\n<meta property=\"og:description\" content=\"KRT GUARD: SCHUTZ F\u00dcR ELEKTRONISCHE KARTEN &#8211; Anwendung zum Schutz elektronischer Bauteile vor Staub, \u00d6l, Feuchtigkeit und anderen Einfl\u00fcssen. &#8211;\" \/>\n<meta property=\"og:url\" content=\"https:\/\/provek.com.tr\/de\/product\/krt-guard\/\" \/>\n<meta property=\"og:site_name\" content=\"Provek De\" \/>\n<meta property=\"article:modified_time\" content=\"2022-03-28T16:30:34+00:00\" \/>\n<meta property=\"og:image\" content=\"https:\/\/provek.com.tr\/de\/wp-content\/uploads\/sites\/6\/2021\/06\/KRT-GUARD1.jpg\" \/>\n\t<meta property=\"og:image:width\" content=\"2500\" \/>\n\t<meta property=\"og:image:height\" content=\"2502\" \/>\n<meta name=\"twitter:card\" content=\"summary_large_image\" \/>\n<meta name=\"twitter:label1\" content=\"Gesch\u00e4tzte Lesezeit\" \/>\n\t<meta name=\"twitter:data1\" content=\"1\u00a0Minute\" \/>\n<script type=\"application\/ld+json\" class=\"yoast-schema-graph\">{\"@context\":\"https:\/\/schema.org\",\"@graph\":[{\"@type\":\"WebSite\",\"@id\":\"https:\/\/provek.com.tr\/de\/#website\",\"url\":\"https:\/\/provek.com.tr\/de\/\",\"name\":\"Provek De\",\"description\":\"En Do\\u011frusu\",\"potentialAction\":[{\"@type\":\"SearchAction\",\"target\":{\"@type\":\"EntryPoint\",\"urlTemplate\":\"https:\/\/provek.com.tr\/de\/?s={search_term_string}\"},\"query-input\":\"required name=search_term_string\"}],\"inLanguage\":\"de\"},{\"@type\":\"ImageObject\",\"@id\":\"https:\/\/provek.com.tr\/de\/product\/krt-guard\/#primaryimage\",\"inLanguage\":\"de\",\"url\":\"https:\/\/provek.com.tr\/de\/wp-content\/uploads\/sites\/6\/2021\/06\/KRT-GUARD1.jpg\",\"contentUrl\":\"https:\/\/provek.com.tr\/de\/wp-content\/uploads\/sites\/6\/2021\/06\/KRT-GUARD1.jpg\",\"width\":2500,\"height\":2502},{\"@type\":\"WebPage\",\"@id\":\"https:\/\/provek.com.tr\/de\/product\/krt-guard\/#webpage\",\"url\":\"https:\/\/provek.com.tr\/de\/product\/krt-guard\/\",\"name\":\"KRT GUARD: SCHUTZ F\\u00dcR ELEKTRONISCHE KARTEN - Provek De\",\"isPartOf\":{\"@id\":\"https:\/\/provek.com.tr\/de\/#website\"},\"primaryImageOfPage\":{\"@id\":\"https:\/\/provek.com.tr\/de\/product\/krt-guard\/#primaryimage\"},\"datePublished\":\"2021-06-03T08:01:00+00:00\",\"dateModified\":\"2022-03-28T16:30:34+00:00\",\"breadcrumb\":{\"@id\":\"https:\/\/provek.com.tr\/de\/product\/krt-guard\/#breadcrumb\"},\"inLanguage\":\"de\",\"potentialAction\":[{\"@type\":\"ReadAction\",\"target\":[\"https:\/\/provek.com.tr\/de\/product\/krt-guard\/\"]}]},{\"@type\":\"BreadcrumbList\",\"@id\":\"https:\/\/provek.com.tr\/de\/product\/krt-guard\/#breadcrumb\",\"itemListElement\":[{\"@type\":\"ListItem\",\"position\":1,\"name\":\"Anasayfa\",\"item\":\"https:\/\/provek.com.tr\/de\/\"},{\"@type\":\"ListItem\",\"position\":2,\"name\":\"Produkte\",\"item\":\"https:\/\/provek.com.tr\/de\/produkte\/\"},{\"@type\":\"ListItem\",\"position\":3,\"name\":\"KRT GUARD: SCHUTZ F\\u00dcR ELEKTRONISCHE KARTEN\"}]}]}<\/script>\n<!-- \/ Yoast SEO plugin. -->","yoast_head_json":{"title":"KRT GUARD: SCHUTZ F\u00dcR ELEKTRONISCHE KARTEN - Provek De","robots":{"index":"index","follow":"follow","max-snippet":"max-snippet:-1","max-image-preview":"max-image-preview:large","max-video-preview":"max-video-preview:-1"},"canonical":"https:\/\/provek.com.tr\/de\/product\/krt-guard\/","og_locale":"de_DE","og_type":"article","og_title":"KRT GUARD: SCHUTZ F\u00dcR ELEKTRONISCHE KARTEN - Provek De","og_description":"KRT GUARD: SCHUTZ F\u00dcR ELEKTRONISCHE KARTEN &#8211; Anwendung zum Schutz elektronischer Bauteile vor Staub, \u00d6l, Feuchtigkeit und anderen Einfl\u00fcssen. &#8211;","og_url":"https:\/\/provek.com.tr\/de\/product\/krt-guard\/","og_site_name":"Provek De","article_modified_time":"2022-03-28T16:30:34+00:00","og_image":[{"width":2500,"height":2502,"url":"https:\/\/provek.com.tr\/de\/wp-content\/uploads\/sites\/6\/2021\/06\/KRT-GUARD1.jpg","path":"\/var\/www\/vhosts\/provek.com.tr\/httpdocs\/wp-content\/uploads\/sites\/6\/2021\/06\/KRT-GUARD1.jpg","size":"full","id":11730,"alt":"","pixels":6255000,"type":"image\/jpeg"}],"twitter_card":"summary_large_image","twitter_misc":{"Gesch\u00e4tzte Lesezeit":"1\u00a0Minute"},"schema":{"@context":"https:\/\/schema.org","@graph":[{"@type":"WebSite","@id":"https:\/\/provek.com.tr\/de\/#website","url":"https:\/\/provek.com.tr\/de\/","name":"Provek De","description":"En Do\u011frusu","potentialAction":[{"@type":"SearchAction","target":{"@type":"EntryPoint","urlTemplate":"https:\/\/provek.com.tr\/de\/?s={search_term_string}"},"query-input":"required name=search_term_string"}],"inLanguage":"de"},{"@type":"ImageObject","@id":"https:\/\/provek.com.tr\/de\/product\/krt-guard\/#primaryimage","inLanguage":"de","url":"https:\/\/provek.com.tr\/de\/wp-content\/uploads\/sites\/6\/2021\/06\/KRT-GUARD1.jpg","contentUrl":"https:\/\/provek.com.tr\/de\/wp-content\/uploads\/sites\/6\/2021\/06\/KRT-GUARD1.jpg","width":2500,"height":2502},{"@type":"WebPage","@id":"https:\/\/provek.com.tr\/de\/product\/krt-guard\/#webpage","url":"https:\/\/provek.com.tr\/de\/product\/krt-guard\/","name":"KRT GUARD: SCHUTZ F\u00dcR ELEKTRONISCHE KARTEN - Provek De","isPartOf":{"@id":"https:\/\/provek.com.tr\/de\/#website"},"primaryImageOfPage":{"@id":"https:\/\/provek.com.tr\/de\/product\/krt-guard\/#primaryimage"},"datePublished":"2021-06-03T08:01:00+00:00","dateModified":"2022-03-28T16:30:34+00:00","breadcrumb":{"@id":"https:\/\/provek.com.tr\/de\/product\/krt-guard\/#breadcrumb"},"inLanguage":"de","potentialAction":[{"@type":"ReadAction","target":["https:\/\/provek.com.tr\/de\/product\/krt-guard\/"]}]},{"@type":"BreadcrumbList","@id":"https:\/\/provek.com.tr\/de\/product\/krt-guard\/#breadcrumb","itemListElement":[{"@type":"ListItem","position":1,"name":"Anasayfa","item":"https:\/\/provek.com.tr\/de\/"},{"@type":"ListItem","position":2,"name":"Produkte","item":"https:\/\/provek.com.tr\/de\/produkte\/"},{"@type":"ListItem","position":3,"name":"KRT GUARD: SCHUTZ F\u00dcR ELEKTRONISCHE KARTEN"}]}]}},"_links":{"self":[{"href":"https:\/\/provek.com.tr\/de\/wp-json\/wp\/v2\/product\/10867"}],"collection":[{"href":"https:\/\/provek.com.tr\/de\/wp-json\/wp\/v2\/product"}],"about":[{"href":"https:\/\/provek.com.tr\/de\/wp-json\/wp\/v2\/types\/product"}],"replies":[{"embeddable":true,"href":"https:\/\/provek.com.tr\/de\/wp-json\/wp\/v2\/comments?post=10867"}],"version-history":[{"count":5,"href":"https:\/\/provek.com.tr\/de\/wp-json\/wp\/v2\/product\/10867\/revisions"}],"predecessor-version":[{"id":12353,"href":"https:\/\/provek.com.tr\/de\/wp-json\/wp\/v2\/product\/10867\/revisions\/12353"}],"wp:featuredmedia":[{"embeddable":true,"href":"https:\/\/provek.com.tr\/de\/wp-json\/wp\/v2\/media\/11730"}],"wp:attachment":[{"href":"https:\/\/provek.com.tr\/de\/wp-json\/wp\/v2\/media?parent=10867"}],"curies":[{"name":"wp","href":"https:\/\/api.w.org\/{rel}","templated":true}]}}