{"id":10865,"date":"2021-06-03T10:58:37","date_gmt":"2021-06-03T07:58:37","guid":{"rendered":"https:\/\/provek.com.tr\/de\/?post_type=product&#038;p=10865"},"modified":"2022-03-28T19:30:04","modified_gmt":"2022-03-28T16:30:04","slug":"krt-electronic","status":"publish","type":"product","link":"https:\/\/provek.com.tr\/de\/product\/krt-electronic\/","title":{"rendered":"KRT ELECTRONIC: REINIGER F\u00dcR ELEKTRONISCHE KARTEN"},"content":{"rendered":"<p>KRT ELECTRONIC: REINIGER F\u00dcR ELEKTRONISCHE KARTEN<\/p>\n<p>&#8211;\tEin f\u00fcr die industrielle Anwendung speziell entwickeltes Vielzweckl\u00f6sungsmittel.<br \/>\n&#8211;\tF\u00fcr die sichere Reinigung von Platinen, Schaltern, elektrischen\/elektromechanischen Ger\u00e4ten und Ausr\u00fcstungen; verdunstet schnell und hinterl\u00e4sst keine \u00d6lreste oder R\u00fcckst\u00e4nde.<br \/>\n&#8211;\tSichere Anwendung f\u00fcr Z\u00e4hler, Schalttafeln, Computer, Tastaturen, Bildschirme und Kunststoffzubeh\u00f6r.<br \/>\n&#8211;\tWird als Spray aufgetragen und reinigt rasch, wirksam und sparsam von \u00d6l\/Fett, Schmutz und Verkrustungen.<br \/>\n&#8211;\tIdeal geeignet zur Tauchreinigung.<\/p>\n","protected":false},"excerpt":{"rendered":"<p>KRT ELECTRONIC: REINIGER F\u00dcR ELEKTRONISCHE KARTEN &#8211; Ein f\u00fcr die industrielle Anwendung speziell entwickeltes Vielzweckl\u00f6sungsmittel. &#8211; F\u00fcr die sichere Reinigung<\/p>\n","protected":false},"featured_media":11728,"comment_status":"open","ping_status":"closed","template":"","meta":[],"yoast_head":"<!-- This site is optimized with the Yoast SEO plugin v17.2.1 - https:\/\/yoast.com\/wordpress\/plugins\/seo\/ -->\n<title>KRT ELECTRONIC: REINIGER F\u00dcR ELEKTRONISCHE KARTEN - Provek De<\/title>\n<meta name=\"robots\" content=\"index, follow, max-snippet:-1, max-image-preview:large, max-video-preview:-1\" \/>\n<link rel=\"canonical\" href=\"https:\/\/provek.com.tr\/de\/product\/krt-electronic\/\" \/>\n<meta property=\"og:locale\" content=\"de_DE\" \/>\n<meta property=\"og:type\" content=\"article\" \/>\n<meta property=\"og:title\" content=\"KRT ELECTRONIC: REINIGER F\u00dcR ELEKTRONISCHE KARTEN - Provek De\" \/>\n<meta property=\"og:description\" content=\"KRT ELECTRONIC: REINIGER F\u00dcR ELEKTRONISCHE KARTEN &#8211; Ein f\u00fcr die industrielle Anwendung speziell entwickeltes Vielzweckl\u00f6sungsmittel. &#8211; F\u00fcr die sichere Reinigung\" \/>\n<meta property=\"og:url\" content=\"https:\/\/provek.com.tr\/de\/product\/krt-electronic\/\" \/>\n<meta property=\"og:site_name\" content=\"Provek De\" \/>\n<meta property=\"article:modified_time\" content=\"2022-03-28T16:30:04+00:00\" \/>\n<meta property=\"og:image\" content=\"https:\/\/provek.com.tr\/de\/wp-content\/uploads\/sites\/6\/2021\/06\/KRT-ELECTRONIC1.jpg\" \/>\n\t<meta property=\"og:image:width\" content=\"2500\" \/>\n\t<meta property=\"og:image:height\" content=\"2502\" \/>\n<meta name=\"twitter:card\" content=\"summary_large_image\" \/>\n<meta name=\"twitter:label1\" content=\"Gesch\u00e4tzte Lesezeit\" \/>\n\t<meta name=\"twitter:data1\" content=\"1\u00a0Minute\" \/>\n<script type=\"application\/ld+json\" class=\"yoast-schema-graph\">{\"@context\":\"https:\/\/schema.org\",\"@graph\":[{\"@type\":\"WebSite\",\"@id\":\"https:\/\/provek.com.tr\/de\/#website\",\"url\":\"https:\/\/provek.com.tr\/de\/\",\"name\":\"Provek De\",\"description\":\"En Do\\u011frusu\",\"potentialAction\":[{\"@type\":\"SearchAction\",\"target\":{\"@type\":\"EntryPoint\",\"urlTemplate\":\"https:\/\/provek.com.tr\/de\/?s={search_term_string}\"},\"query-input\":\"required name=search_term_string\"}],\"inLanguage\":\"de\"},{\"@type\":\"ImageObject\",\"@id\":\"https:\/\/provek.com.tr\/de\/product\/krt-electronic\/#primaryimage\",\"inLanguage\":\"de\",\"url\":\"https:\/\/provek.com.tr\/de\/wp-content\/uploads\/sites\/6\/2021\/06\/KRT-ELECTRONIC1.jpg\",\"contentUrl\":\"https:\/\/provek.com.tr\/de\/wp-content\/uploads\/sites\/6\/2021\/06\/KRT-ELECTRONIC1.jpg\",\"width\":2500,\"height\":2502},{\"@type\":\"WebPage\",\"@id\":\"https:\/\/provek.com.tr\/de\/product\/krt-electronic\/#webpage\",\"url\":\"https:\/\/provek.com.tr\/de\/product\/krt-electronic\/\",\"name\":\"KRT ELECTRONIC: REINIGER F\\u00dcR ELEKTRONISCHE KARTEN - Provek De\",\"isPartOf\":{\"@id\":\"https:\/\/provek.com.tr\/de\/#website\"},\"primaryImageOfPage\":{\"@id\":\"https:\/\/provek.com.tr\/de\/product\/krt-electronic\/#primaryimage\"},\"datePublished\":\"2021-06-03T07:58:37+00:00\",\"dateModified\":\"2022-03-28T16:30:04+00:00\",\"breadcrumb\":{\"@id\":\"https:\/\/provek.com.tr\/de\/product\/krt-electronic\/#breadcrumb\"},\"inLanguage\":\"de\",\"potentialAction\":[{\"@type\":\"ReadAction\",\"target\":[\"https:\/\/provek.com.tr\/de\/product\/krt-electronic\/\"]}]},{\"@type\":\"BreadcrumbList\",\"@id\":\"https:\/\/provek.com.tr\/de\/product\/krt-electronic\/#breadcrumb\",\"itemListElement\":[{\"@type\":\"ListItem\",\"position\":1,\"name\":\"Anasayfa\",\"item\":\"https:\/\/provek.com.tr\/de\/\"},{\"@type\":\"ListItem\",\"position\":2,\"name\":\"Produkte\",\"item\":\"https:\/\/provek.com.tr\/de\/produkte\/\"},{\"@type\":\"ListItem\",\"position\":3,\"name\":\"KRT ELECTRONIC: REINIGER F\\u00dcR ELEKTRONISCHE KARTEN\"}]}]}<\/script>\n<!-- \/ Yoast SEO plugin. -->","yoast_head_json":{"title":"KRT ELECTRONIC: REINIGER F\u00dcR ELEKTRONISCHE KARTEN - Provek De","robots":{"index":"index","follow":"follow","max-snippet":"max-snippet:-1","max-image-preview":"max-image-preview:large","max-video-preview":"max-video-preview:-1"},"canonical":"https:\/\/provek.com.tr\/de\/product\/krt-electronic\/","og_locale":"de_DE","og_type":"article","og_title":"KRT ELECTRONIC: REINIGER F\u00dcR ELEKTRONISCHE KARTEN - Provek De","og_description":"KRT ELECTRONIC: REINIGER F\u00dcR ELEKTRONISCHE KARTEN &#8211; Ein f\u00fcr die industrielle Anwendung speziell entwickeltes Vielzweckl\u00f6sungsmittel. &#8211; F\u00fcr die sichere Reinigung","og_url":"https:\/\/provek.com.tr\/de\/product\/krt-electronic\/","og_site_name":"Provek De","article_modified_time":"2022-03-28T16:30:04+00:00","og_image":[{"width":2500,"height":2502,"url":"https:\/\/provek.com.tr\/de\/wp-content\/uploads\/sites\/6\/2021\/06\/KRT-ELECTRONIC1.jpg","path":"\/var\/www\/vhosts\/provek.com.tr\/httpdocs\/wp-content\/uploads\/sites\/6\/2021\/06\/KRT-ELECTRONIC1.jpg","size":"full","id":11728,"alt":"","pixels":6255000,"type":"image\/jpeg"}],"twitter_card":"summary_large_image","twitter_misc":{"Gesch\u00e4tzte Lesezeit":"1\u00a0Minute"},"schema":{"@context":"https:\/\/schema.org","@graph":[{"@type":"WebSite","@id":"https:\/\/provek.com.tr\/de\/#website","url":"https:\/\/provek.com.tr\/de\/","name":"Provek De","description":"En Do\u011frusu","potentialAction":[{"@type":"SearchAction","target":{"@type":"EntryPoint","urlTemplate":"https:\/\/provek.com.tr\/de\/?s={search_term_string}"},"query-input":"required name=search_term_string"}],"inLanguage":"de"},{"@type":"ImageObject","@id":"https:\/\/provek.com.tr\/de\/product\/krt-electronic\/#primaryimage","inLanguage":"de","url":"https:\/\/provek.com.tr\/de\/wp-content\/uploads\/sites\/6\/2021\/06\/KRT-ELECTRONIC1.jpg","contentUrl":"https:\/\/provek.com.tr\/de\/wp-content\/uploads\/sites\/6\/2021\/06\/KRT-ELECTRONIC1.jpg","width":2500,"height":2502},{"@type":"WebPage","@id":"https:\/\/provek.com.tr\/de\/product\/krt-electronic\/#webpage","url":"https:\/\/provek.com.tr\/de\/product\/krt-electronic\/","name":"KRT ELECTRONIC: REINIGER F\u00dcR ELEKTRONISCHE KARTEN - Provek De","isPartOf":{"@id":"https:\/\/provek.com.tr\/de\/#website"},"primaryImageOfPage":{"@id":"https:\/\/provek.com.tr\/de\/product\/krt-electronic\/#primaryimage"},"datePublished":"2021-06-03T07:58:37+00:00","dateModified":"2022-03-28T16:30:04+00:00","breadcrumb":{"@id":"https:\/\/provek.com.tr\/de\/product\/krt-electronic\/#breadcrumb"},"inLanguage":"de","potentialAction":[{"@type":"ReadAction","target":["https:\/\/provek.com.tr\/de\/product\/krt-electronic\/"]}]},{"@type":"BreadcrumbList","@id":"https:\/\/provek.com.tr\/de\/product\/krt-electronic\/#breadcrumb","itemListElement":[{"@type":"ListItem","position":1,"name":"Anasayfa","item":"https:\/\/provek.com.tr\/de\/"},{"@type":"ListItem","position":2,"name":"Produkte","item":"https:\/\/provek.com.tr\/de\/produkte\/"},{"@type":"ListItem","position":3,"name":"KRT ELECTRONIC: REINIGER F\u00dcR ELEKTRONISCHE KARTEN"}]}]}},"_links":{"self":[{"href":"https:\/\/provek.com.tr\/de\/wp-json\/wp\/v2\/product\/10865"}],"collection":[{"href":"https:\/\/provek.com.tr\/de\/wp-json\/wp\/v2\/product"}],"about":[{"href":"https:\/\/provek.com.tr\/de\/wp-json\/wp\/v2\/types\/product"}],"replies":[{"embeddable":true,"href":"https:\/\/provek.com.tr\/de\/wp-json\/wp\/v2\/comments?post=10865"}],"version-history":[{"count":5,"href":"https:\/\/provek.com.tr\/de\/wp-json\/wp\/v2\/product\/10865\/revisions"}],"predecessor-version":[{"id":12352,"href":"https:\/\/provek.com.tr\/de\/wp-json\/wp\/v2\/product\/10865\/revisions\/12352"}],"wp:featuredmedia":[{"embeddable":true,"href":"https:\/\/provek.com.tr\/de\/wp-json\/wp\/v2\/media\/11728"}],"wp:attachment":[{"href":"https:\/\/provek.com.tr\/de\/wp-json\/wp\/v2\/media?parent=10865"}],"curies":[{"name":"wp","href":"https:\/\/api.w.org\/{rel}","templated":true}]}}