{"id":10861,"date":"2021-06-03T10:55:02","date_gmt":"2021-06-03T07:55:02","guid":{"rendered":"https:\/\/provek.com.tr\/de\/?post_type=product&#038;p=10861"},"modified":"2022-03-28T19:29:06","modified_gmt":"2022-03-28T16:29:06","slug":"elk-clipboard","status":"publish","type":"product","link":"https:\/\/provek.com.tr\/de\/product\/elk-clipboard\/","title":{"rendered":"ELK CLIPBOARD: SCHALTTAFEL- UND MOTORREINIGER"},"content":{"rendered":"<p>ELK CLIPBOARD: SCHALTTAFEL- UND MOTORREINIGER<\/p>\n<p>&#8211;\tEin Produkt entwickelt speziell f\u00fcr die Reinigung von Elektromotoren und Schalttafeln; l\u00f6st \u00d6l, Fett und Russ leicht auf.<br \/>\n&#8211;\tAnwendbar f\u00fcr jede Art von elektrischem oder elektronischem Schaltkreis.<br \/>\n&#8211;\tAnwendung zur Reinigung von verstaubten Kontakten und der sonstigen Ausr\u00fcstung von elektrischen Schalttafeln; geeignet zur Reinigung von Klemmverbindungen und kleinvolumigen Schaltern.<br \/>\n&#8211;\tSichere Anwendung auf Platinen, bei Schaltern, Kn\u00f6pfen und Steuerkonsolen selbst im stromf\u00fchrenden Zustand.<br \/>\n&#8211;\tGeruchsfrei, verfl\u00fcchtigt sich rasch; geeignet f\u00fcr Lack und Kautschuk.<br \/>\n&#8211;\tDichte geringer als die von Wasser; hinterl\u00e4sst auf der Oberfl\u00e4che keine R\u00fcckst\u00e4nde.<\/p>\n","protected":false},"excerpt":{"rendered":"<p>ELK CLIPBOARD: SCHALTTAFEL- UND MOTORREINIGER &#8211; Ein Produkt entwickelt speziell f\u00fcr die Reinigung von Elektromotoren und Schalttafeln; l\u00f6st \u00d6l, Fett<\/p>\n","protected":false},"featured_media":11697,"comment_status":"open","ping_status":"closed","template":"","meta":[],"yoast_head":"<!-- This site is optimized with the Yoast SEO plugin v17.2.1 - https:\/\/yoast.com\/wordpress\/plugins\/seo\/ -->\n<title>ELK CLIPBOARD: SCHALTTAFEL- UND MOTORREINIGER - Provek De<\/title>\n<meta name=\"robots\" content=\"index, follow, max-snippet:-1, max-image-preview:large, max-video-preview:-1\" \/>\n<link rel=\"canonical\" href=\"https:\/\/provek.com.tr\/de\/product\/elk-clipboard\/\" \/>\n<meta property=\"og:locale\" content=\"de_DE\" \/>\n<meta property=\"og:type\" content=\"article\" \/>\n<meta property=\"og:title\" content=\"ELK CLIPBOARD: SCHALTTAFEL- UND MOTORREINIGER - Provek De\" \/>\n<meta property=\"og:description\" content=\"ELK CLIPBOARD: SCHALTTAFEL- UND MOTORREINIGER &#8211; Ein Produkt entwickelt speziell f\u00fcr die Reinigung von Elektromotoren und Schalttafeln; l\u00f6st \u00d6l, Fett\" \/>\n<meta property=\"og:url\" content=\"https:\/\/provek.com.tr\/de\/product\/elk-clipboard\/\" \/>\n<meta property=\"og:site_name\" content=\"Provek De\" \/>\n<meta property=\"article:modified_time\" content=\"2022-03-28T16:29:06+00:00\" \/>\n<meta property=\"og:image\" content=\"https:\/\/provek.com.tr\/de\/wp-content\/uploads\/sites\/6\/2021\/06\/ELK-CLIPBOARD1.jpg\" \/>\n\t<meta property=\"og:image:width\" content=\"2500\" \/>\n\t<meta property=\"og:image:height\" content=\"2502\" \/>\n<meta name=\"twitter:card\" content=\"summary_large_image\" \/>\n<meta name=\"twitter:label1\" content=\"Gesch\u00e4tzte Lesezeit\" \/>\n\t<meta name=\"twitter:data1\" content=\"1\u00a0Minute\" \/>\n<script type=\"application\/ld+json\" class=\"yoast-schema-graph\">{\"@context\":\"https:\/\/schema.org\",\"@graph\":[{\"@type\":\"WebSite\",\"@id\":\"https:\/\/provek.com.tr\/de\/#website\",\"url\":\"https:\/\/provek.com.tr\/de\/\",\"name\":\"Provek De\",\"description\":\"En Do\\u011frusu\",\"potentialAction\":[{\"@type\":\"SearchAction\",\"target\":{\"@type\":\"EntryPoint\",\"urlTemplate\":\"https:\/\/provek.com.tr\/de\/?s={search_term_string}\"},\"query-input\":\"required name=search_term_string\"}],\"inLanguage\":\"de\"},{\"@type\":\"ImageObject\",\"@id\":\"https:\/\/provek.com.tr\/de\/product\/elk-clipboard\/#primaryimage\",\"inLanguage\":\"de\",\"url\":\"https:\/\/provek.com.tr\/de\/wp-content\/uploads\/sites\/6\/2021\/06\/ELK-CLIPBOARD1.jpg\",\"contentUrl\":\"https:\/\/provek.com.tr\/de\/wp-content\/uploads\/sites\/6\/2021\/06\/ELK-CLIPBOARD1.jpg\",\"width\":2500,\"height\":2502},{\"@type\":\"WebPage\",\"@id\":\"https:\/\/provek.com.tr\/de\/product\/elk-clipboard\/#webpage\",\"url\":\"https:\/\/provek.com.tr\/de\/product\/elk-clipboard\/\",\"name\":\"ELK CLIPBOARD: SCHALTTAFEL- UND MOTORREINIGER - Provek De\",\"isPartOf\":{\"@id\":\"https:\/\/provek.com.tr\/de\/#website\"},\"primaryImageOfPage\":{\"@id\":\"https:\/\/provek.com.tr\/de\/product\/elk-clipboard\/#primaryimage\"},\"datePublished\":\"2021-06-03T07:55:02+00:00\",\"dateModified\":\"2022-03-28T16:29:06+00:00\",\"breadcrumb\":{\"@id\":\"https:\/\/provek.com.tr\/de\/product\/elk-clipboard\/#breadcrumb\"},\"inLanguage\":\"de\",\"potentialAction\":[{\"@type\":\"ReadAction\",\"target\":[\"https:\/\/provek.com.tr\/de\/product\/elk-clipboard\/\"]}]},{\"@type\":\"BreadcrumbList\",\"@id\":\"https:\/\/provek.com.tr\/de\/product\/elk-clipboard\/#breadcrumb\",\"itemListElement\":[{\"@type\":\"ListItem\",\"position\":1,\"name\":\"Anasayfa\",\"item\":\"https:\/\/provek.com.tr\/de\/\"},{\"@type\":\"ListItem\",\"position\":2,\"name\":\"Produkte\",\"item\":\"https:\/\/provek.com.tr\/de\/produkte\/\"},{\"@type\":\"ListItem\",\"position\":3,\"name\":\"ELK CLIPBOARD: SCHALTTAFEL- UND MOTORREINIGER\"}]}]}<\/script>\n<!-- \/ Yoast SEO plugin. -->","yoast_head_json":{"title":"ELK CLIPBOARD: SCHALTTAFEL- UND MOTORREINIGER - Provek De","robots":{"index":"index","follow":"follow","max-snippet":"max-snippet:-1","max-image-preview":"max-image-preview:large","max-video-preview":"max-video-preview:-1"},"canonical":"https:\/\/provek.com.tr\/de\/product\/elk-clipboard\/","og_locale":"de_DE","og_type":"article","og_title":"ELK CLIPBOARD: SCHALTTAFEL- UND MOTORREINIGER - Provek De","og_description":"ELK CLIPBOARD: SCHALTTAFEL- UND MOTORREINIGER &#8211; Ein Produkt entwickelt speziell f\u00fcr die Reinigung von Elektromotoren und Schalttafeln; l\u00f6st \u00d6l, Fett","og_url":"https:\/\/provek.com.tr\/de\/product\/elk-clipboard\/","og_site_name":"Provek De","article_modified_time":"2022-03-28T16:29:06+00:00","og_image":[{"width":2500,"height":2502,"url":"https:\/\/provek.com.tr\/de\/wp-content\/uploads\/sites\/6\/2021\/06\/ELK-CLIPBOARD1.jpg","path":"\/var\/www\/vhosts\/provek.com.tr\/httpdocs\/wp-content\/uploads\/sites\/6\/2021\/06\/ELK-CLIPBOARD1.jpg","size":"full","id":11697,"alt":"","pixels":6255000,"type":"image\/jpeg"}],"twitter_card":"summary_large_image","twitter_misc":{"Gesch\u00e4tzte Lesezeit":"1\u00a0Minute"},"schema":{"@context":"https:\/\/schema.org","@graph":[{"@type":"WebSite","@id":"https:\/\/provek.com.tr\/de\/#website","url":"https:\/\/provek.com.tr\/de\/","name":"Provek De","description":"En Do\u011frusu","potentialAction":[{"@type":"SearchAction","target":{"@type":"EntryPoint","urlTemplate":"https:\/\/provek.com.tr\/de\/?s={search_term_string}"},"query-input":"required name=search_term_string"}],"inLanguage":"de"},{"@type":"ImageObject","@id":"https:\/\/provek.com.tr\/de\/product\/elk-clipboard\/#primaryimage","inLanguage":"de","url":"https:\/\/provek.com.tr\/de\/wp-content\/uploads\/sites\/6\/2021\/06\/ELK-CLIPBOARD1.jpg","contentUrl":"https:\/\/provek.com.tr\/de\/wp-content\/uploads\/sites\/6\/2021\/06\/ELK-CLIPBOARD1.jpg","width":2500,"height":2502},{"@type":"WebPage","@id":"https:\/\/provek.com.tr\/de\/product\/elk-clipboard\/#webpage","url":"https:\/\/provek.com.tr\/de\/product\/elk-clipboard\/","name":"ELK CLIPBOARD: SCHALTTAFEL- UND MOTORREINIGER - Provek De","isPartOf":{"@id":"https:\/\/provek.com.tr\/de\/#website"},"primaryImageOfPage":{"@id":"https:\/\/provek.com.tr\/de\/product\/elk-clipboard\/#primaryimage"},"datePublished":"2021-06-03T07:55:02+00:00","dateModified":"2022-03-28T16:29:06+00:00","breadcrumb":{"@id":"https:\/\/provek.com.tr\/de\/product\/elk-clipboard\/#breadcrumb"},"inLanguage":"de","potentialAction":[{"@type":"ReadAction","target":["https:\/\/provek.com.tr\/de\/product\/elk-clipboard\/"]}]},{"@type":"BreadcrumbList","@id":"https:\/\/provek.com.tr\/de\/product\/elk-clipboard\/#breadcrumb","itemListElement":[{"@type":"ListItem","position":1,"name":"Anasayfa","item":"https:\/\/provek.com.tr\/de\/"},{"@type":"ListItem","position":2,"name":"Produkte","item":"https:\/\/provek.com.tr\/de\/produkte\/"},{"@type":"ListItem","position":3,"name":"ELK CLIPBOARD: SCHALTTAFEL- UND MOTORREINIGER"}]}]}},"_links":{"self":[{"href":"https:\/\/provek.com.tr\/de\/wp-json\/wp\/v2\/product\/10861"}],"collection":[{"href":"https:\/\/provek.com.tr\/de\/wp-json\/wp\/v2\/product"}],"about":[{"href":"https:\/\/provek.com.tr\/de\/wp-json\/wp\/v2\/types\/product"}],"replies":[{"embeddable":true,"href":"https:\/\/provek.com.tr\/de\/wp-json\/wp\/v2\/comments?post=10861"}],"version-history":[{"count":6,"href":"https:\/\/provek.com.tr\/de\/wp-json\/wp\/v2\/product\/10861\/revisions"}],"predecessor-version":[{"id":12349,"href":"https:\/\/provek.com.tr\/de\/wp-json\/wp\/v2\/product\/10861\/revisions\/12349"}],"wp:featuredmedia":[{"embeddable":true,"href":"https:\/\/provek.com.tr\/de\/wp-json\/wp\/v2\/media\/11697"}],"wp:attachment":[{"href":"https:\/\/provek.com.tr\/de\/wp-json\/wp\/v2\/media?parent=10861"}],"curies":[{"name":"wp","href":"https:\/\/api.w.org\/{rel}","templated":true}]}}