{"id":10857,"date":"2021-06-03T10:52:59","date_gmt":"2021-06-03T07:52:59","guid":{"rendered":"https:\/\/provek.com.tr\/de\/?post_type=product&#038;p=10857"},"modified":"2022-03-28T19:28:06","modified_gmt":"2022-03-28T16:28:06","slug":"solvek-p","status":"publish","type":"product","link":"https:\/\/provek.com.tr\/de\/product\/solvek-p\/","title":{"rendered":"SOLVEK-P: L\u00d6SUNGSMITTEL ZUR REINIGUNG VON METALLTEILEN"},"content":{"rendered":"<p>SOLVEK-P: L\u00d6SUNGSMITTEL ZUR REINIGUNG VON METALLTEILEN<\/p>\n<p>&#8211;\tEin starker Fett- und Schmutzl\u00f6ser f\u00fcr Bremsbel\u00e4ge, Kugellager, Ketten, Zahnr\u00e4der, Schrauben und M\u00fctter.<br \/>\n&#8211;\tDie L\u00f6sungsmittel des Fettl\u00f6sers entfernen auf chemischem Wege Schmutz, Verunreinigungen, Feuchtigkeit, Fette und \u00d6le.<br \/>\n&#8211;\tEntfernt Flecken und Fette sehr schnell, ist leicht fl\u00fcchtig und hinterl\u00e4sst keine R\u00fcckst\u00e4nde.<br \/>\n&#8211;\tLiefert sehr gute Ergebnisse auf Gebieten, in denen Verd\u00fcnnungsmittel und deren Derivate eingesetzt werden.<br \/>\n&#8211;\tAnwendung zur Vorbereitung von s\u00e4mtlichen Metallteilen vor Beschichtung oder Anstrich.<br \/>\n&#8211;\tAnwendung als Spray oder durch Eintauchen; kein Nachsp\u00fclen erforderlich.<br \/>\n&#8211;\tBrennbar. <\/p>\n","protected":false},"excerpt":{"rendered":"<p>SOLVEK-P: L\u00d6SUNGSMITTEL ZUR REINIGUNG VON METALLTEILEN &#8211; Ein starker Fett- und Schmutzl\u00f6ser f\u00fcr Bremsbel\u00e4ge, Kugellager, Ketten, Zahnr\u00e4der, Schrauben und M\u00fctter.<\/p>\n","protected":false},"featured_media":11795,"comment_status":"open","ping_status":"closed","template":"","meta":[],"yoast_head":"<!-- This site is optimized with the Yoast SEO plugin v17.2.1 - https:\/\/yoast.com\/wordpress\/plugins\/seo\/ -->\n<title>SOLVEK-P: L\u00d6SUNGSMITTEL ZUR REINIGUNG VON METALLTEILEN - Provek De<\/title>\n<meta name=\"robots\" content=\"index, follow, max-snippet:-1, max-image-preview:large, max-video-preview:-1\" \/>\n<link rel=\"canonical\" href=\"https:\/\/provek.com.tr\/de\/product\/solvek-p\/\" \/>\n<meta property=\"og:locale\" content=\"de_DE\" \/>\n<meta property=\"og:type\" content=\"article\" \/>\n<meta property=\"og:title\" content=\"SOLVEK-P: L\u00d6SUNGSMITTEL ZUR REINIGUNG VON METALLTEILEN - Provek De\" \/>\n<meta property=\"og:description\" content=\"SOLVEK-P: L\u00d6SUNGSMITTEL ZUR REINIGUNG VON METALLTEILEN &#8211; Ein starker Fett- und Schmutzl\u00f6ser f\u00fcr Bremsbel\u00e4ge, Kugellager, Ketten, Zahnr\u00e4der, Schrauben und M\u00fctter.\" \/>\n<meta property=\"og:url\" content=\"https:\/\/provek.com.tr\/de\/product\/solvek-p\/\" \/>\n<meta property=\"og:site_name\" content=\"Provek De\" \/>\n<meta property=\"article:modified_time\" content=\"2022-03-28T16:28:06+00:00\" \/>\n<meta property=\"og:image\" content=\"https:\/\/provek.com.tr\/de\/wp-content\/uploads\/sites\/6\/2021\/06\/SOLVEK-P1.jpg\" \/>\n\t<meta property=\"og:image:width\" content=\"2500\" \/>\n\t<meta property=\"og:image:height\" content=\"2502\" \/>\n<meta name=\"twitter:card\" content=\"summary_large_image\" \/>\n<meta name=\"twitter:label1\" content=\"Gesch\u00e4tzte Lesezeit\" \/>\n\t<meta name=\"twitter:data1\" content=\"1\u00a0Minute\" \/>\n<script type=\"application\/ld+json\" class=\"yoast-schema-graph\">{\"@context\":\"https:\/\/schema.org\",\"@graph\":[{\"@type\":\"WebSite\",\"@id\":\"https:\/\/provek.com.tr\/de\/#website\",\"url\":\"https:\/\/provek.com.tr\/de\/\",\"name\":\"Provek De\",\"description\":\"En Do\\u011frusu\",\"potentialAction\":[{\"@type\":\"SearchAction\",\"target\":{\"@type\":\"EntryPoint\",\"urlTemplate\":\"https:\/\/provek.com.tr\/de\/?s={search_term_string}\"},\"query-input\":\"required name=search_term_string\"}],\"inLanguage\":\"de\"},{\"@type\":\"ImageObject\",\"@id\":\"https:\/\/provek.com.tr\/de\/product\/solvek-p\/#primaryimage\",\"inLanguage\":\"de\",\"url\":\"https:\/\/provek.com.tr\/de\/wp-content\/uploads\/sites\/6\/2021\/06\/SOLVEK-P1.jpg\",\"contentUrl\":\"https:\/\/provek.com.tr\/de\/wp-content\/uploads\/sites\/6\/2021\/06\/SOLVEK-P1.jpg\",\"width\":2500,\"height\":2502},{\"@type\":\"WebPage\",\"@id\":\"https:\/\/provek.com.tr\/de\/product\/solvek-p\/#webpage\",\"url\":\"https:\/\/provek.com.tr\/de\/product\/solvek-p\/\",\"name\":\"SOLVEK-P: L\\u00d6SUNGSMITTEL ZUR REINIGUNG VON METALLTEILEN - Provek De\",\"isPartOf\":{\"@id\":\"https:\/\/provek.com.tr\/de\/#website\"},\"primaryImageOfPage\":{\"@id\":\"https:\/\/provek.com.tr\/de\/product\/solvek-p\/#primaryimage\"},\"datePublished\":\"2021-06-03T07:52:59+00:00\",\"dateModified\":\"2022-03-28T16:28:06+00:00\",\"breadcrumb\":{\"@id\":\"https:\/\/provek.com.tr\/de\/product\/solvek-p\/#breadcrumb\"},\"inLanguage\":\"de\",\"potentialAction\":[{\"@type\":\"ReadAction\",\"target\":[\"https:\/\/provek.com.tr\/de\/product\/solvek-p\/\"]}]},{\"@type\":\"BreadcrumbList\",\"@id\":\"https:\/\/provek.com.tr\/de\/product\/solvek-p\/#breadcrumb\",\"itemListElement\":[{\"@type\":\"ListItem\",\"position\":1,\"name\":\"Anasayfa\",\"item\":\"https:\/\/provek.com.tr\/de\/\"},{\"@type\":\"ListItem\",\"position\":2,\"name\":\"Produkte\",\"item\":\"https:\/\/provek.com.tr\/de\/produkte\/\"},{\"@type\":\"ListItem\",\"position\":3,\"name\":\"SOLVEK-P: L\\u00d6SUNGSMITTEL ZUR REINIGUNG VON METALLTEILEN\"}]}]}<\/script>\n<!-- \/ Yoast SEO plugin. -->","yoast_head_json":{"title":"SOLVEK-P: L\u00d6SUNGSMITTEL ZUR REINIGUNG VON METALLTEILEN - Provek De","robots":{"index":"index","follow":"follow","max-snippet":"max-snippet:-1","max-image-preview":"max-image-preview:large","max-video-preview":"max-video-preview:-1"},"canonical":"https:\/\/provek.com.tr\/de\/product\/solvek-p\/","og_locale":"de_DE","og_type":"article","og_title":"SOLVEK-P: L\u00d6SUNGSMITTEL ZUR REINIGUNG VON METALLTEILEN - Provek De","og_description":"SOLVEK-P: L\u00d6SUNGSMITTEL ZUR REINIGUNG VON METALLTEILEN &#8211; Ein starker Fett- und Schmutzl\u00f6ser f\u00fcr Bremsbel\u00e4ge, Kugellager, Ketten, Zahnr\u00e4der, Schrauben und M\u00fctter.","og_url":"https:\/\/provek.com.tr\/de\/product\/solvek-p\/","og_site_name":"Provek De","article_modified_time":"2022-03-28T16:28:06+00:00","og_image":[{"width":2500,"height":2502,"url":"https:\/\/provek.com.tr\/de\/wp-content\/uploads\/sites\/6\/2021\/06\/SOLVEK-P1.jpg","path":"\/var\/www\/vhosts\/provek.com.tr\/httpdocs\/wp-content\/uploads\/sites\/6\/2021\/06\/SOLVEK-P1.jpg","size":"full","id":11795,"alt":"","pixels":6255000,"type":"image\/jpeg"}],"twitter_card":"summary_large_image","twitter_misc":{"Gesch\u00e4tzte Lesezeit":"1\u00a0Minute"},"schema":{"@context":"https:\/\/schema.org","@graph":[{"@type":"WebSite","@id":"https:\/\/provek.com.tr\/de\/#website","url":"https:\/\/provek.com.tr\/de\/","name":"Provek De","description":"En Do\u011frusu","potentialAction":[{"@type":"SearchAction","target":{"@type":"EntryPoint","urlTemplate":"https:\/\/provek.com.tr\/de\/?s={search_term_string}"},"query-input":"required name=search_term_string"}],"inLanguage":"de"},{"@type":"ImageObject","@id":"https:\/\/provek.com.tr\/de\/product\/solvek-p\/#primaryimage","inLanguage":"de","url":"https:\/\/provek.com.tr\/de\/wp-content\/uploads\/sites\/6\/2021\/06\/SOLVEK-P1.jpg","contentUrl":"https:\/\/provek.com.tr\/de\/wp-content\/uploads\/sites\/6\/2021\/06\/SOLVEK-P1.jpg","width":2500,"height":2502},{"@type":"WebPage","@id":"https:\/\/provek.com.tr\/de\/product\/solvek-p\/#webpage","url":"https:\/\/provek.com.tr\/de\/product\/solvek-p\/","name":"SOLVEK-P: L\u00d6SUNGSMITTEL ZUR REINIGUNG VON METALLTEILEN - Provek De","isPartOf":{"@id":"https:\/\/provek.com.tr\/de\/#website"},"primaryImageOfPage":{"@id":"https:\/\/provek.com.tr\/de\/product\/solvek-p\/#primaryimage"},"datePublished":"2021-06-03T07:52:59+00:00","dateModified":"2022-03-28T16:28:06+00:00","breadcrumb":{"@id":"https:\/\/provek.com.tr\/de\/product\/solvek-p\/#breadcrumb"},"inLanguage":"de","potentialAction":[{"@type":"ReadAction","target":["https:\/\/provek.com.tr\/de\/product\/solvek-p\/"]}]},{"@type":"BreadcrumbList","@id":"https:\/\/provek.com.tr\/de\/product\/solvek-p\/#breadcrumb","itemListElement":[{"@type":"ListItem","position":1,"name":"Anasayfa","item":"https:\/\/provek.com.tr\/de\/"},{"@type":"ListItem","position":2,"name":"Produkte","item":"https:\/\/provek.com.tr\/de\/produkte\/"},{"@type":"ListItem","position":3,"name":"SOLVEK-P: L\u00d6SUNGSMITTEL ZUR REINIGUNG VON METALLTEILEN"}]}]}},"_links":{"self":[{"href":"https:\/\/provek.com.tr\/de\/wp-json\/wp\/v2\/product\/10857"}],"collection":[{"href":"https:\/\/provek.com.tr\/de\/wp-json\/wp\/v2\/product"}],"about":[{"href":"https:\/\/provek.com.tr\/de\/wp-json\/wp\/v2\/types\/product"}],"replies":[{"embeddable":true,"href":"https:\/\/provek.com.tr\/de\/wp-json\/wp\/v2\/comments?post=10857"}],"version-history":[{"count":6,"href":"https:\/\/provek.com.tr\/de\/wp-json\/wp\/v2\/product\/10857\/revisions"}],"predecessor-version":[{"id":12347,"href":"https:\/\/provek.com.tr\/de\/wp-json\/wp\/v2\/product\/10857\/revisions\/12347"}],"wp:featuredmedia":[{"embeddable":true,"href":"https:\/\/provek.com.tr\/de\/wp-json\/wp\/v2\/media\/11795"}],"wp:attachment":[{"href":"https:\/\/provek.com.tr\/de\/wp-json\/wp\/v2\/media?parent=10857"}],"curies":[{"name":"wp","href":"https:\/\/api.w.org\/{rel}","templated":true}]}}