{"id":10855,"date":"2021-06-03T10:52:14","date_gmt":"2021-06-03T07:52:14","guid":{"rendered":"https:\/\/provek.com.tr\/de\/?post_type=product&#038;p=10855"},"modified":"2022-03-28T19:27:41","modified_gmt":"2022-03-28T16:27:41","slug":"solvek-f","status":"publish","type":"product","link":"https:\/\/provek.com.tr\/de\/product\/solvek-f\/","title":{"rendered":"SOLVEK-F: SCHNELL VERFL\u00dcCHTIGENDES \u00d6L-L\u00d6SUNGSMITTEL"},"content":{"rendered":"<p>SOLVEK-F: SCHNELL VERFL\u00dcCHTIGENDES \u00d6L-L\u00d6SUNGSMITTEL<\/p>\n<p>&#8211;\tAnwendung zur Reinigung von jeder Art von \u00f6l- oder fettverschmutzten empfindlichen Teilen aus Metall, Kunststoff, Aluminium oder galvanisierten Materialien.<br \/>\n&#8211;\tReagiert dank seiner starken Zusammensetzung mit den Fett- und Schmutzschichten auf den Anwendungsoberfl\u00e4chen, baut sie ab und nimmt sie auf.<br \/>\n&#8211;\tEin sehr starker Fettl\u00f6ser, der auch bei ausgesprochen fettigen Teilen sehr schnell eine wirksame Reinigung erzielt.<br \/>\n&#8211;\tVerfl\u00fcchtigt sich rasch von den Anwendungsfl\u00e4chen aufgrund seiner Inhaltsstoffe auf L\u00f6sungsmittelbasis und seiner leicht fl\u00fcchtigen Eigenschaften.<br \/>\n&#8211;\tHaftet nicht auf Oberfl\u00e4chen, insbesondere nicht auf Metalloberfl\u00e4chen, und hat keine korrosive Wirkung.<br \/>\n&#8211;\tAnwendung als Spray oder durch Eintauchen; kein Nachsp\u00fclen erforderlich.<\/p>\n","protected":false},"excerpt":{"rendered":"<p>SOLVEK-F: SCHNELL VERFL\u00dcCHTIGENDES \u00d6L-L\u00d6SUNGSMITTEL &#8211; Anwendung zur Reinigung von jeder Art von \u00f6l- oder fettverschmutzten empfindlichen Teilen aus Metall, Kunststoff,<\/p>\n","protected":false},"featured_media":11792,"comment_status":"open","ping_status":"closed","template":"","meta":[],"yoast_head":"<!-- This site is optimized with the Yoast SEO plugin v17.2.1 - https:\/\/yoast.com\/wordpress\/plugins\/seo\/ -->\n<title>SOLVEK-F: SCHNELL VERFL\u00dcCHTIGENDES \u00d6L-L\u00d6SUNGSMITTEL - Provek De<\/title>\n<meta name=\"robots\" content=\"index, follow, max-snippet:-1, max-image-preview:large, max-video-preview:-1\" \/>\n<link rel=\"canonical\" href=\"https:\/\/provek.com.tr\/de\/product\/solvek-f\/\" \/>\n<meta property=\"og:locale\" content=\"de_DE\" \/>\n<meta property=\"og:type\" content=\"article\" \/>\n<meta property=\"og:title\" content=\"SOLVEK-F: SCHNELL VERFL\u00dcCHTIGENDES \u00d6L-L\u00d6SUNGSMITTEL - Provek De\" \/>\n<meta property=\"og:description\" content=\"SOLVEK-F: SCHNELL VERFL\u00dcCHTIGENDES \u00d6L-L\u00d6SUNGSMITTEL &#8211; Anwendung zur Reinigung von jeder Art von \u00f6l- oder fettverschmutzten empfindlichen Teilen aus Metall, Kunststoff,\" \/>\n<meta property=\"og:url\" content=\"https:\/\/provek.com.tr\/de\/product\/solvek-f\/\" \/>\n<meta property=\"og:site_name\" content=\"Provek De\" \/>\n<meta property=\"article:modified_time\" content=\"2022-03-28T16:27:41+00:00\" \/>\n<meta property=\"og:image\" content=\"https:\/\/provek.com.tr\/de\/wp-content\/uploads\/sites\/6\/2021\/06\/SOLVEK-F1.jpg\" \/>\n\t<meta property=\"og:image:width\" content=\"2500\" \/>\n\t<meta property=\"og:image:height\" content=\"2502\" \/>\n<meta name=\"twitter:card\" content=\"summary_large_image\" \/>\n<meta name=\"twitter:label1\" content=\"Gesch\u00e4tzte Lesezeit\" \/>\n\t<meta name=\"twitter:data1\" content=\"1\u00a0Minute\" \/>\n<script type=\"application\/ld+json\" class=\"yoast-schema-graph\">{\"@context\":\"https:\/\/schema.org\",\"@graph\":[{\"@type\":\"WebSite\",\"@id\":\"https:\/\/provek.com.tr\/de\/#website\",\"url\":\"https:\/\/provek.com.tr\/de\/\",\"name\":\"Provek De\",\"description\":\"En Do\\u011frusu\",\"potentialAction\":[{\"@type\":\"SearchAction\",\"target\":{\"@type\":\"EntryPoint\",\"urlTemplate\":\"https:\/\/provek.com.tr\/de\/?s={search_term_string}\"},\"query-input\":\"required name=search_term_string\"}],\"inLanguage\":\"de\"},{\"@type\":\"ImageObject\",\"@id\":\"https:\/\/provek.com.tr\/de\/product\/solvek-f\/#primaryimage\",\"inLanguage\":\"de\",\"url\":\"https:\/\/provek.com.tr\/de\/wp-content\/uploads\/sites\/6\/2021\/06\/SOLVEK-F1.jpg\",\"contentUrl\":\"https:\/\/provek.com.tr\/de\/wp-content\/uploads\/sites\/6\/2021\/06\/SOLVEK-F1.jpg\",\"width\":2500,\"height\":2502},{\"@type\":\"WebPage\",\"@id\":\"https:\/\/provek.com.tr\/de\/product\/solvek-f\/#webpage\",\"url\":\"https:\/\/provek.com.tr\/de\/product\/solvek-f\/\",\"name\":\"SOLVEK-F: SCHNELL VERFL\\u00dcCHTIGENDES \\u00d6L-L\\u00d6SUNGSMITTEL - Provek De\",\"isPartOf\":{\"@id\":\"https:\/\/provek.com.tr\/de\/#website\"},\"primaryImageOfPage\":{\"@id\":\"https:\/\/provek.com.tr\/de\/product\/solvek-f\/#primaryimage\"},\"datePublished\":\"2021-06-03T07:52:14+00:00\",\"dateModified\":\"2022-03-28T16:27:41+00:00\",\"breadcrumb\":{\"@id\":\"https:\/\/provek.com.tr\/de\/product\/solvek-f\/#breadcrumb\"},\"inLanguage\":\"de\",\"potentialAction\":[{\"@type\":\"ReadAction\",\"target\":[\"https:\/\/provek.com.tr\/de\/product\/solvek-f\/\"]}]},{\"@type\":\"BreadcrumbList\",\"@id\":\"https:\/\/provek.com.tr\/de\/product\/solvek-f\/#breadcrumb\",\"itemListElement\":[{\"@type\":\"ListItem\",\"position\":1,\"name\":\"Anasayfa\",\"item\":\"https:\/\/provek.com.tr\/de\/\"},{\"@type\":\"ListItem\",\"position\":2,\"name\":\"Produkte\",\"item\":\"https:\/\/provek.com.tr\/de\/produkte\/\"},{\"@type\":\"ListItem\",\"position\":3,\"name\":\"SOLVEK-F: SCHNELL VERFL\\u00dcCHTIGENDES \\u00d6L-L\\u00d6SUNGSMITTEL\"}]}]}<\/script>\n<!-- \/ Yoast SEO plugin. -->","yoast_head_json":{"title":"SOLVEK-F: SCHNELL VERFL\u00dcCHTIGENDES \u00d6L-L\u00d6SUNGSMITTEL - Provek De","robots":{"index":"index","follow":"follow","max-snippet":"max-snippet:-1","max-image-preview":"max-image-preview:large","max-video-preview":"max-video-preview:-1"},"canonical":"https:\/\/provek.com.tr\/de\/product\/solvek-f\/","og_locale":"de_DE","og_type":"article","og_title":"SOLVEK-F: SCHNELL VERFL\u00dcCHTIGENDES \u00d6L-L\u00d6SUNGSMITTEL - Provek De","og_description":"SOLVEK-F: SCHNELL VERFL\u00dcCHTIGENDES \u00d6L-L\u00d6SUNGSMITTEL &#8211; Anwendung zur Reinigung von jeder Art von \u00f6l- oder fettverschmutzten empfindlichen Teilen aus Metall, Kunststoff,","og_url":"https:\/\/provek.com.tr\/de\/product\/solvek-f\/","og_site_name":"Provek De","article_modified_time":"2022-03-28T16:27:41+00:00","og_image":[{"width":2500,"height":2502,"url":"https:\/\/provek.com.tr\/de\/wp-content\/uploads\/sites\/6\/2021\/06\/SOLVEK-F1.jpg","path":"\/var\/www\/vhosts\/provek.com.tr\/httpdocs\/wp-content\/uploads\/sites\/6\/2021\/06\/SOLVEK-F1.jpg","size":"full","id":11792,"alt":"","pixels":6255000,"type":"image\/jpeg"}],"twitter_card":"summary_large_image","twitter_misc":{"Gesch\u00e4tzte Lesezeit":"1\u00a0Minute"},"schema":{"@context":"https:\/\/schema.org","@graph":[{"@type":"WebSite","@id":"https:\/\/provek.com.tr\/de\/#website","url":"https:\/\/provek.com.tr\/de\/","name":"Provek De","description":"En Do\u011frusu","potentialAction":[{"@type":"SearchAction","target":{"@type":"EntryPoint","urlTemplate":"https:\/\/provek.com.tr\/de\/?s={search_term_string}"},"query-input":"required name=search_term_string"}],"inLanguage":"de"},{"@type":"ImageObject","@id":"https:\/\/provek.com.tr\/de\/product\/solvek-f\/#primaryimage","inLanguage":"de","url":"https:\/\/provek.com.tr\/de\/wp-content\/uploads\/sites\/6\/2021\/06\/SOLVEK-F1.jpg","contentUrl":"https:\/\/provek.com.tr\/de\/wp-content\/uploads\/sites\/6\/2021\/06\/SOLVEK-F1.jpg","width":2500,"height":2502},{"@type":"WebPage","@id":"https:\/\/provek.com.tr\/de\/product\/solvek-f\/#webpage","url":"https:\/\/provek.com.tr\/de\/product\/solvek-f\/","name":"SOLVEK-F: SCHNELL VERFL\u00dcCHTIGENDES \u00d6L-L\u00d6SUNGSMITTEL - Provek De","isPartOf":{"@id":"https:\/\/provek.com.tr\/de\/#website"},"primaryImageOfPage":{"@id":"https:\/\/provek.com.tr\/de\/product\/solvek-f\/#primaryimage"},"datePublished":"2021-06-03T07:52:14+00:00","dateModified":"2022-03-28T16:27:41+00:00","breadcrumb":{"@id":"https:\/\/provek.com.tr\/de\/product\/solvek-f\/#breadcrumb"},"inLanguage":"de","potentialAction":[{"@type":"ReadAction","target":["https:\/\/provek.com.tr\/de\/product\/solvek-f\/"]}]},{"@type":"BreadcrumbList","@id":"https:\/\/provek.com.tr\/de\/product\/solvek-f\/#breadcrumb","itemListElement":[{"@type":"ListItem","position":1,"name":"Anasayfa","item":"https:\/\/provek.com.tr\/de\/"},{"@type":"ListItem","position":2,"name":"Produkte","item":"https:\/\/provek.com.tr\/de\/produkte\/"},{"@type":"ListItem","position":3,"name":"SOLVEK-F: SCHNELL VERFL\u00dcCHTIGENDES \u00d6L-L\u00d6SUNGSMITTEL"}]}]}},"_links":{"self":[{"href":"https:\/\/provek.com.tr\/de\/wp-json\/wp\/v2\/product\/10855"}],"collection":[{"href":"https:\/\/provek.com.tr\/de\/wp-json\/wp\/v2\/product"}],"about":[{"href":"https:\/\/provek.com.tr\/de\/wp-json\/wp\/v2\/types\/product"}],"replies":[{"embeddable":true,"href":"https:\/\/provek.com.tr\/de\/wp-json\/wp\/v2\/comments?post=10855"}],"version-history":[{"count":7,"href":"https:\/\/provek.com.tr\/de\/wp-json\/wp\/v2\/product\/10855\/revisions"}],"predecessor-version":[{"id":12345,"href":"https:\/\/provek.com.tr\/de\/wp-json\/wp\/v2\/product\/10855\/revisions\/12345"}],"wp:featuredmedia":[{"embeddable":true,"href":"https:\/\/provek.com.tr\/de\/wp-json\/wp\/v2\/media\/11792"}],"wp:attachment":[{"href":"https:\/\/provek.com.tr\/de\/wp-json\/wp\/v2\/media?parent=10855"}],"curies":[{"name":"wp","href":"https:\/\/api.w.org\/{rel}","templated":true}]}}