{"id":10846,"date":"2021-06-03T10:48:24","date_gmt":"2021-06-03T07:48:24","guid":{"rendered":"https:\/\/provek.com.tr\/de\/?post_type=product&#038;p=10846"},"modified":"2022-03-28T19:24:08","modified_gmt":"2022-03-28T16:24:08","slug":"power-light","status":"publish","type":"product","link":"https:\/\/provek.com.tr\/de\/product\/power-light\/","title":{"rendered":"POWER LIGHT: ALKOHOLBASIERTER REINIGUNGSMITTEL F\u00dcR REINIGUNGSMASCHINEN"},"content":{"rendered":"<p>POWER LIGHT: ALKOHOLBASIERTER REINIGUNGSMITTEL F\u00dcR REINIGUNGSMASCHINEN<\/p>\n<p>&#8211;\tF\u00fcr den Einsatz in Reinigungsmaschinen zur Reinigung von allen abwaschbaren Oberfl\u00e4chen in Krankenh\u00e4usern, Hotels, Schulen, Industriek\u00fcchen, Fertigungsanlagen, usw..<br \/>\n&#8211;\tVerleiht B\u00f6den Glanz, ohne sie zu zerkratzen oder zu mattieren.<br \/>\n&#8211;\tEnth\u00e4lt Inhibitoren, die eine Schw\u00e4rzung von rostfreier Ausr\u00fcstung verhindern.<br \/>\n&#8211;\tEnth\u00e4lt Schaumunterdr\u00fccker zur kontrollierten Schaumentwicklung.<br \/>\n&#8211;\tZur sicheren Anwendung auf empfindlichen B\u00f6den wie Granit-, Epoxy- und PVC-B\u00f6den.<br \/>\n&#8211;\tEntfernt \u00d6l, Schmutz und sonstige Flecken von allen Oberfl\u00e4chen, die nicht von Wasser beeinflusst werden, und sorgt f\u00fcr ein hygienisches Umfeld.<\/p>\n","protected":false},"excerpt":{"rendered":"<p>POWER LIGHT: ALKOHOLBASIERTER REINIGUNGSMITTEL F\u00dcR REINIGUNGSMASCHINEN &#8211; F\u00fcr den Einsatz in Reinigungsmaschinen zur Reinigung von allen abwaschbaren Oberfl\u00e4chen in Krankenh\u00e4usern,<\/p>\n","protected":false},"featured_media":11912,"comment_status":"open","ping_status":"closed","template":"","meta":[],"yoast_head":"<!-- This site is optimized with the Yoast SEO plugin v17.2.1 - https:\/\/yoast.com\/wordpress\/plugins\/seo\/ -->\n<title>POWER LIGHT: ALKOHOLBASIERTER REINIGUNGSMITTEL F\u00dcR REINIGUNGSMASCHINEN - Provek De<\/title>\n<meta name=\"robots\" content=\"index, follow, max-snippet:-1, max-image-preview:large, max-video-preview:-1\" \/>\n<link rel=\"canonical\" href=\"https:\/\/provek.com.tr\/de\/product\/power-light\/\" \/>\n<meta property=\"og:locale\" content=\"de_DE\" \/>\n<meta property=\"og:type\" content=\"article\" \/>\n<meta property=\"og:title\" content=\"POWER LIGHT: ALKOHOLBASIERTER REINIGUNGSMITTEL F\u00dcR REINIGUNGSMASCHINEN - Provek De\" \/>\n<meta property=\"og:description\" content=\"POWER LIGHT: ALKOHOLBASIERTER REINIGUNGSMITTEL F\u00dcR REINIGUNGSMASCHINEN &#8211; F\u00fcr den Einsatz in Reinigungsmaschinen zur Reinigung von allen abwaschbaren Oberfl\u00e4chen in Krankenh\u00e4usern,\" \/>\n<meta property=\"og:url\" content=\"https:\/\/provek.com.tr\/de\/product\/power-light\/\" \/>\n<meta property=\"og:site_name\" content=\"Provek De\" \/>\n<meta property=\"article:modified_time\" content=\"2022-03-28T16:24:08+00:00\" \/>\n<meta property=\"og:image\" content=\"https:\/\/provek.com.tr\/de\/wp-content\/uploads\/sites\/6\/2021\/06\/PWR.jpg\" \/>\n\t<meta property=\"og:image:width\" content=\"2500\" \/>\n\t<meta property=\"og:image:height\" content=\"2502\" \/>\n<meta name=\"twitter:card\" content=\"summary_large_image\" \/>\n<meta name=\"twitter:label1\" content=\"Gesch\u00e4tzte Lesezeit\" \/>\n\t<meta name=\"twitter:data1\" content=\"1\u00a0Minute\" \/>\n<script type=\"application\/ld+json\" class=\"yoast-schema-graph\">{\"@context\":\"https:\/\/schema.org\",\"@graph\":[{\"@type\":\"WebSite\",\"@id\":\"https:\/\/provek.com.tr\/de\/#website\",\"url\":\"https:\/\/provek.com.tr\/de\/\",\"name\":\"Provek De\",\"description\":\"En Do\\u011frusu\",\"potentialAction\":[{\"@type\":\"SearchAction\",\"target\":{\"@type\":\"EntryPoint\",\"urlTemplate\":\"https:\/\/provek.com.tr\/de\/?s={search_term_string}\"},\"query-input\":\"required name=search_term_string\"}],\"inLanguage\":\"de\"},{\"@type\":\"ImageObject\",\"@id\":\"https:\/\/provek.com.tr\/de\/product\/power-light\/#primaryimage\",\"inLanguage\":\"de\",\"url\":\"https:\/\/provek.com.tr\/de\/wp-content\/uploads\/sites\/6\/2021\/06\/PWR.jpg\",\"contentUrl\":\"https:\/\/provek.com.tr\/de\/wp-content\/uploads\/sites\/6\/2021\/06\/PWR.jpg\",\"width\":2500,\"height\":2502},{\"@type\":\"WebPage\",\"@id\":\"https:\/\/provek.com.tr\/de\/product\/power-light\/#webpage\",\"url\":\"https:\/\/provek.com.tr\/de\/product\/power-light\/\",\"name\":\"POWER LIGHT: ALKOHOLBASIERTER REINIGUNGSMITTEL F\\u00dcR REINIGUNGSMASCHINEN - Provek De\",\"isPartOf\":{\"@id\":\"https:\/\/provek.com.tr\/de\/#website\"},\"primaryImageOfPage\":{\"@id\":\"https:\/\/provek.com.tr\/de\/product\/power-light\/#primaryimage\"},\"datePublished\":\"2021-06-03T07:48:24+00:00\",\"dateModified\":\"2022-03-28T16:24:08+00:00\",\"breadcrumb\":{\"@id\":\"https:\/\/provek.com.tr\/de\/product\/power-light\/#breadcrumb\"},\"inLanguage\":\"de\",\"potentialAction\":[{\"@type\":\"ReadAction\",\"target\":[\"https:\/\/provek.com.tr\/de\/product\/power-light\/\"]}]},{\"@type\":\"BreadcrumbList\",\"@id\":\"https:\/\/provek.com.tr\/de\/product\/power-light\/#breadcrumb\",\"itemListElement\":[{\"@type\":\"ListItem\",\"position\":1,\"name\":\"Anasayfa\",\"item\":\"https:\/\/provek.com.tr\/de\/\"},{\"@type\":\"ListItem\",\"position\":2,\"name\":\"Produkte\",\"item\":\"https:\/\/provek.com.tr\/de\/produkte\/\"},{\"@type\":\"ListItem\",\"position\":3,\"name\":\"POWER LIGHT: ALKOHOLBASIERTER REINIGUNGSMITTEL F\\u00dcR REINIGUNGSMASCHINEN\"}]}]}<\/script>\n<!-- \/ Yoast SEO plugin. -->","yoast_head_json":{"title":"POWER LIGHT: ALKOHOLBASIERTER REINIGUNGSMITTEL F\u00dcR REINIGUNGSMASCHINEN - Provek De","robots":{"index":"index","follow":"follow","max-snippet":"max-snippet:-1","max-image-preview":"max-image-preview:large","max-video-preview":"max-video-preview:-1"},"canonical":"https:\/\/provek.com.tr\/de\/product\/power-light\/","og_locale":"de_DE","og_type":"article","og_title":"POWER LIGHT: ALKOHOLBASIERTER REINIGUNGSMITTEL F\u00dcR REINIGUNGSMASCHINEN - Provek De","og_description":"POWER LIGHT: ALKOHOLBASIERTER REINIGUNGSMITTEL F\u00dcR REINIGUNGSMASCHINEN &#8211; F\u00fcr den Einsatz in Reinigungsmaschinen zur Reinigung von allen abwaschbaren Oberfl\u00e4chen in Krankenh\u00e4usern,","og_url":"https:\/\/provek.com.tr\/de\/product\/power-light\/","og_site_name":"Provek De","article_modified_time":"2022-03-28T16:24:08+00:00","og_image":[{"width":2500,"height":2502,"url":"https:\/\/provek.com.tr\/de\/wp-content\/uploads\/sites\/6\/2021\/06\/PWR.jpg","path":"\/var\/www\/vhosts\/provek.com.tr\/httpdocs\/wp-content\/uploads\/sites\/6\/2021\/06\/PWR.jpg","size":"full","id":11912,"alt":"","pixels":6255000,"type":"image\/jpeg"}],"twitter_card":"summary_large_image","twitter_misc":{"Gesch\u00e4tzte Lesezeit":"1\u00a0Minute"},"schema":{"@context":"https:\/\/schema.org","@graph":[{"@type":"WebSite","@id":"https:\/\/provek.com.tr\/de\/#website","url":"https:\/\/provek.com.tr\/de\/","name":"Provek De","description":"En Do\u011frusu","potentialAction":[{"@type":"SearchAction","target":{"@type":"EntryPoint","urlTemplate":"https:\/\/provek.com.tr\/de\/?s={search_term_string}"},"query-input":"required name=search_term_string"}],"inLanguage":"de"},{"@type":"ImageObject","@id":"https:\/\/provek.com.tr\/de\/product\/power-light\/#primaryimage","inLanguage":"de","url":"https:\/\/provek.com.tr\/de\/wp-content\/uploads\/sites\/6\/2021\/06\/PWR.jpg","contentUrl":"https:\/\/provek.com.tr\/de\/wp-content\/uploads\/sites\/6\/2021\/06\/PWR.jpg","width":2500,"height":2502},{"@type":"WebPage","@id":"https:\/\/provek.com.tr\/de\/product\/power-light\/#webpage","url":"https:\/\/provek.com.tr\/de\/product\/power-light\/","name":"POWER LIGHT: ALKOHOLBASIERTER REINIGUNGSMITTEL F\u00dcR REINIGUNGSMASCHINEN - Provek De","isPartOf":{"@id":"https:\/\/provek.com.tr\/de\/#website"},"primaryImageOfPage":{"@id":"https:\/\/provek.com.tr\/de\/product\/power-light\/#primaryimage"},"datePublished":"2021-06-03T07:48:24+00:00","dateModified":"2022-03-28T16:24:08+00:00","breadcrumb":{"@id":"https:\/\/provek.com.tr\/de\/product\/power-light\/#breadcrumb"},"inLanguage":"de","potentialAction":[{"@type":"ReadAction","target":["https:\/\/provek.com.tr\/de\/product\/power-light\/"]}]},{"@type":"BreadcrumbList","@id":"https:\/\/provek.com.tr\/de\/product\/power-light\/#breadcrumb","itemListElement":[{"@type":"ListItem","position":1,"name":"Anasayfa","item":"https:\/\/provek.com.tr\/de\/"},{"@type":"ListItem","position":2,"name":"Produkte","item":"https:\/\/provek.com.tr\/de\/produkte\/"},{"@type":"ListItem","position":3,"name":"POWER LIGHT: ALKOHOLBASIERTER REINIGUNGSMITTEL F\u00dcR REINIGUNGSMASCHINEN"}]}]}},"_links":{"self":[{"href":"https:\/\/provek.com.tr\/de\/wp-json\/wp\/v2\/product\/10846"}],"collection":[{"href":"https:\/\/provek.com.tr\/de\/wp-json\/wp\/v2\/product"}],"about":[{"href":"https:\/\/provek.com.tr\/de\/wp-json\/wp\/v2\/types\/product"}],"replies":[{"embeddable":true,"href":"https:\/\/provek.com.tr\/de\/wp-json\/wp\/v2\/comments?post=10846"}],"version-history":[{"count":6,"href":"https:\/\/provek.com.tr\/de\/wp-json\/wp\/v2\/product\/10846\/revisions"}],"predecessor-version":[{"id":12338,"href":"https:\/\/provek.com.tr\/de\/wp-json\/wp\/v2\/product\/10846\/revisions\/12338"}],"wp:featuredmedia":[{"embeddable":true,"href":"https:\/\/provek.com.tr\/de\/wp-json\/wp\/v2\/media\/11912"}],"wp:attachment":[{"href":"https:\/\/provek.com.tr\/de\/wp-json\/wp\/v2\/media?parent=10846"}],"curies":[{"name":"wp","href":"https:\/\/api.w.org\/{rel}","templated":true}]}}