{"id":10836,"date":"2021-06-02T18:51:49","date_gmt":"2021-06-02T15:51:49","guid":{"rendered":"https:\/\/provek.com.tr\/de\/?post_type=product&#038;p=10836"},"modified":"2022-03-28T19:22:23","modified_gmt":"2022-03-28T16:22:23","slug":"prosol-extra","status":"publish","type":"product","link":"https:\/\/provek.com.tr\/de\/product\/prosol-extra\/","title":{"rendered":"PROSOL EXTRA: KONZENTRIERTER \u00d6L- UND TEERENTFERNER"},"content":{"rendered":"<p>PROSOL EXTRA: KONZENTRIERTER \u00d6L- UND TEERENTFERNER<\/p>\n<p>&#8211;\tAnwendung auf Werksb\u00f6den und bei der Reinigung von Maschinen und mechanischen Teilen.<br \/>\n&#8211;\tEinsetzbar in allen Bereichen mit starker \u00f6liger Verschmutzung.<br \/>\n&#8211;\tEin sehr wirksamer Fettl\u00f6ser; sorgt f\u00fcr rasche und wirksame Reinigung.<br \/>\n&#8211;\tEntfernt eingetrocknetes und verteertes \u00d6l und Fett.<br \/>\n&#8211;\tBiologisch abbaubar.<\/p>\n","protected":false},"excerpt":{"rendered":"<p>PROSOL EXTRA: KONZENTRIERTER \u00d6L- UND TEERENTFERNER &#8211; Anwendung auf Werksb\u00f6den und bei der Reinigung von Maschinen und mechanischen Teilen. &#8211;<\/p>\n","protected":false},"featured_media":11774,"comment_status":"open","ping_status":"closed","template":"","meta":[],"yoast_head":"<!-- This site is optimized with the Yoast SEO plugin v17.2.1 - https:\/\/yoast.com\/wordpress\/plugins\/seo\/ -->\n<title>PROSOL EXTRA: KONZENTRIERTER \u00d6L- UND TEERENTFERNER - Provek De<\/title>\n<meta name=\"robots\" content=\"index, follow, max-snippet:-1, max-image-preview:large, max-video-preview:-1\" \/>\n<link rel=\"canonical\" href=\"https:\/\/provek.com.tr\/de\/product\/prosol-extra\/\" \/>\n<meta property=\"og:locale\" content=\"de_DE\" \/>\n<meta property=\"og:type\" content=\"article\" \/>\n<meta property=\"og:title\" content=\"PROSOL EXTRA: KONZENTRIERTER \u00d6L- UND TEERENTFERNER - Provek De\" \/>\n<meta property=\"og:description\" content=\"PROSOL EXTRA: KONZENTRIERTER \u00d6L- UND TEERENTFERNER &#8211; Anwendung auf Werksb\u00f6den und bei der Reinigung von Maschinen und mechanischen Teilen. &#8211;\" \/>\n<meta property=\"og:url\" content=\"https:\/\/provek.com.tr\/de\/product\/prosol-extra\/\" \/>\n<meta property=\"og:site_name\" content=\"Provek De\" \/>\n<meta property=\"article:modified_time\" content=\"2022-03-28T16:22:23+00:00\" \/>\n<meta property=\"og:image\" content=\"https:\/\/provek.com.tr\/de\/wp-content\/uploads\/sites\/6\/2021\/06\/PROSOL-EXTRA1.jpg\" \/>\n\t<meta property=\"og:image:width\" content=\"2500\" \/>\n\t<meta property=\"og:image:height\" content=\"2502\" \/>\n<meta name=\"twitter:card\" content=\"summary_large_image\" \/>\n<script type=\"application\/ld+json\" class=\"yoast-schema-graph\">{\"@context\":\"https:\/\/schema.org\",\"@graph\":[{\"@type\":\"WebSite\",\"@id\":\"https:\/\/provek.com.tr\/de\/#website\",\"url\":\"https:\/\/provek.com.tr\/de\/\",\"name\":\"Provek De\",\"description\":\"En Do\\u011frusu\",\"potentialAction\":[{\"@type\":\"SearchAction\",\"target\":{\"@type\":\"EntryPoint\",\"urlTemplate\":\"https:\/\/provek.com.tr\/de\/?s={search_term_string}\"},\"query-input\":\"required name=search_term_string\"}],\"inLanguage\":\"de\"},{\"@type\":\"ImageObject\",\"@id\":\"https:\/\/provek.com.tr\/de\/product\/prosol-extra\/#primaryimage\",\"inLanguage\":\"de\",\"url\":\"https:\/\/provek.com.tr\/de\/wp-content\/uploads\/sites\/6\/2021\/06\/PROSOL-EXTRA1.jpg\",\"contentUrl\":\"https:\/\/provek.com.tr\/de\/wp-content\/uploads\/sites\/6\/2021\/06\/PROSOL-EXTRA1.jpg\",\"width\":2500,\"height\":2502},{\"@type\":\"WebPage\",\"@id\":\"https:\/\/provek.com.tr\/de\/product\/prosol-extra\/#webpage\",\"url\":\"https:\/\/provek.com.tr\/de\/product\/prosol-extra\/\",\"name\":\"PROSOL EXTRA: KONZENTRIERTER \\u00d6L- UND TEERENTFERNER - Provek De\",\"isPartOf\":{\"@id\":\"https:\/\/provek.com.tr\/de\/#website\"},\"primaryImageOfPage\":{\"@id\":\"https:\/\/provek.com.tr\/de\/product\/prosol-extra\/#primaryimage\"},\"datePublished\":\"2021-06-02T15:51:49+00:00\",\"dateModified\":\"2022-03-28T16:22:23+00:00\",\"breadcrumb\":{\"@id\":\"https:\/\/provek.com.tr\/de\/product\/prosol-extra\/#breadcrumb\"},\"inLanguage\":\"de\",\"potentialAction\":[{\"@type\":\"ReadAction\",\"target\":[\"https:\/\/provek.com.tr\/de\/product\/prosol-extra\/\"]}]},{\"@type\":\"BreadcrumbList\",\"@id\":\"https:\/\/provek.com.tr\/de\/product\/prosol-extra\/#breadcrumb\",\"itemListElement\":[{\"@type\":\"ListItem\",\"position\":1,\"name\":\"Anasayfa\",\"item\":\"https:\/\/provek.com.tr\/de\/\"},{\"@type\":\"ListItem\",\"position\":2,\"name\":\"Produkte\",\"item\":\"https:\/\/provek.com.tr\/de\/produkte\/\"},{\"@type\":\"ListItem\",\"position\":3,\"name\":\"PROSOL EXTRA: KONZENTRIERTER \\u00d6L- UND TEERENTFERNER\"}]}]}<\/script>\n<!-- \/ Yoast SEO plugin. -->","yoast_head_json":{"title":"PROSOL EXTRA: KONZENTRIERTER \u00d6L- UND TEERENTFERNER - Provek De","robots":{"index":"index","follow":"follow","max-snippet":"max-snippet:-1","max-image-preview":"max-image-preview:large","max-video-preview":"max-video-preview:-1"},"canonical":"https:\/\/provek.com.tr\/de\/product\/prosol-extra\/","og_locale":"de_DE","og_type":"article","og_title":"PROSOL EXTRA: KONZENTRIERTER \u00d6L- UND TEERENTFERNER - Provek De","og_description":"PROSOL EXTRA: KONZENTRIERTER \u00d6L- UND TEERENTFERNER &#8211; Anwendung auf Werksb\u00f6den und bei der Reinigung von Maschinen und mechanischen Teilen. &#8211;","og_url":"https:\/\/provek.com.tr\/de\/product\/prosol-extra\/","og_site_name":"Provek De","article_modified_time":"2022-03-28T16:22:23+00:00","og_image":[{"width":2500,"height":2502,"url":"https:\/\/provek.com.tr\/de\/wp-content\/uploads\/sites\/6\/2021\/06\/PROSOL-EXTRA1.jpg","path":"\/var\/www\/vhosts\/provek.com.tr\/httpdocs\/wp-content\/uploads\/sites\/6\/2021\/06\/PROSOL-EXTRA1.jpg","size":"full","id":11774,"alt":"","pixels":6255000,"type":"image\/jpeg"}],"twitter_card":"summary_large_image","schema":{"@context":"https:\/\/schema.org","@graph":[{"@type":"WebSite","@id":"https:\/\/provek.com.tr\/de\/#website","url":"https:\/\/provek.com.tr\/de\/","name":"Provek De","description":"En Do\u011frusu","potentialAction":[{"@type":"SearchAction","target":{"@type":"EntryPoint","urlTemplate":"https:\/\/provek.com.tr\/de\/?s={search_term_string}"},"query-input":"required name=search_term_string"}],"inLanguage":"de"},{"@type":"ImageObject","@id":"https:\/\/provek.com.tr\/de\/product\/prosol-extra\/#primaryimage","inLanguage":"de","url":"https:\/\/provek.com.tr\/de\/wp-content\/uploads\/sites\/6\/2021\/06\/PROSOL-EXTRA1.jpg","contentUrl":"https:\/\/provek.com.tr\/de\/wp-content\/uploads\/sites\/6\/2021\/06\/PROSOL-EXTRA1.jpg","width":2500,"height":2502},{"@type":"WebPage","@id":"https:\/\/provek.com.tr\/de\/product\/prosol-extra\/#webpage","url":"https:\/\/provek.com.tr\/de\/product\/prosol-extra\/","name":"PROSOL EXTRA: KONZENTRIERTER \u00d6L- UND TEERENTFERNER - Provek De","isPartOf":{"@id":"https:\/\/provek.com.tr\/de\/#website"},"primaryImageOfPage":{"@id":"https:\/\/provek.com.tr\/de\/product\/prosol-extra\/#primaryimage"},"datePublished":"2021-06-02T15:51:49+00:00","dateModified":"2022-03-28T16:22:23+00:00","breadcrumb":{"@id":"https:\/\/provek.com.tr\/de\/product\/prosol-extra\/#breadcrumb"},"inLanguage":"de","potentialAction":[{"@type":"ReadAction","target":["https:\/\/provek.com.tr\/de\/product\/prosol-extra\/"]}]},{"@type":"BreadcrumbList","@id":"https:\/\/provek.com.tr\/de\/product\/prosol-extra\/#breadcrumb","itemListElement":[{"@type":"ListItem","position":1,"name":"Anasayfa","item":"https:\/\/provek.com.tr\/de\/"},{"@type":"ListItem","position":2,"name":"Produkte","item":"https:\/\/provek.com.tr\/de\/produkte\/"},{"@type":"ListItem","position":3,"name":"PROSOL EXTRA: KONZENTRIERTER \u00d6L- UND TEERENTFERNER"}]}]}},"_links":{"self":[{"href":"https:\/\/provek.com.tr\/de\/wp-json\/wp\/v2\/product\/10836"}],"collection":[{"href":"https:\/\/provek.com.tr\/de\/wp-json\/wp\/v2\/product"}],"about":[{"href":"https:\/\/provek.com.tr\/de\/wp-json\/wp\/v2\/types\/product"}],"replies":[{"embeddable":true,"href":"https:\/\/provek.com.tr\/de\/wp-json\/wp\/v2\/comments?post=10836"}],"version-history":[{"count":5,"href":"https:\/\/provek.com.tr\/de\/wp-json\/wp\/v2\/product\/10836\/revisions"}],"predecessor-version":[{"id":12332,"href":"https:\/\/provek.com.tr\/de\/wp-json\/wp\/v2\/product\/10836\/revisions\/12332"}],"wp:featuredmedia":[{"embeddable":true,"href":"https:\/\/provek.com.tr\/de\/wp-json\/wp\/v2\/media\/11774"}],"wp:attachment":[{"href":"https:\/\/provek.com.tr\/de\/wp-json\/wp\/v2\/media?parent=10836"}],"curies":[{"name":"wp","href":"https:\/\/api.w.org\/{rel}","templated":true}]}}