{"id":10022,"date":"2021-03-18T12:42:03","date_gmt":"2021-03-18T09:42:03","guid":{"rendered":"http:\/\/dummy.xtemos.com\/woodmart-elementor\/demos\/?page_id=10022"},"modified":"2021-10-16T12:15:14","modified_gmt":"2021-10-16T09:15:14","slug":"uber-uns","status":"publish","type":"page","link":"https:\/\/provek.com.tr\/de\/uber-uns\/","title":{"rendered":"\u00dcber uns"},"content":{"rendered":"\t\t<div data-elementor-type=\"wp-page\" data-elementor-id=\"10022\" class=\"elementor elementor-10022\" data-elementor-settings=\"[]\">\n\t\t\t\t\t\t\t<div class=\"elementor-section-wrap\">\n\t\t\t\t\t\t\t<section class=\"elementor-section elementor-top-section elementor-element elementor-element-627683f elementor-section-content-middle wd-section-stretch elementor-section-boxed elementor-section-height-default elementor-section-height-default\" data-id=\"627683f\" data-element_type=\"section\" data-settings=\"{&quot;background_background&quot;:&quot;classic&quot;}\">\n\t\t\t\t\t\t<div class=\"elementor-container elementor-column-gap-default\">\n\t\t\t\t\t<div class=\"elementor-column elementor-col-50 elementor-top-column elementor-element elementor-element-ca24dbb\" data-id=\"ca24dbb\" data-element_type=\"column\">\n\t\t\t<div class=\"elementor-widget-wrap elementor-element-populated\">\n\t\t\t\t\t\t\t\t<div class=\"elementor-element elementor-element-330c604 elementor-widget elementor-widget-wd_title\" data-id=\"330c604\" data-element_type=\"widget\" data-widget_type=\"wd_title.default\">\n\t\t\t\t<div class=\"elementor-widget-container\">\n\t\t\t\t\t<div class=\"title-wrapper set-mb-s reset-last-child wd-title-color-white wd-title-style-default wd-title-size-large text-left\">\n\n\t\t\t\n\t\t\t<div class=\"liner-continer\">\n\n\t\t\t\t<h4 class=\"woodmart-title-container title wd-fontsize-xxl\">\n\t\t\t\t\tZuverl\u00e4ssigkeit, Gerechtigkeit, Effizienz, Transparenz, Initiative, Kreativit\u00e4t, Teamwork, Umweltwissenschaftler (Bewusstsein), Hingabe und Respekt.\t\t\t\t<\/h4>\n\n\t\t\t\t\n\t\t\t<\/div>\n\n\t\t\t\t\t<\/div>\n\t\t\t\t<\/div>\n\t\t\t\t<\/div>\n\t\t\t\t\t<\/div>\n\t\t<\/div>\n\t\t\t\t<div class=\"elementor-column elementor-col-50 elementor-top-column elementor-element elementor-element-d8f6aee\" data-id=\"d8f6aee\" data-element_type=\"column\">\n\t\t\t<div class=\"elementor-widget-wrap elementor-element-populated\">\n\t\t\t\t\t\t\t\t<div class=\"elementor-element elementor-element-f960897 color-scheme-light text-left elementor-widget elementor-widget-text-editor\" data-id=\"f960897\" data-element_type=\"widget\" data-widget_type=\"text-editor.default\">\n\t\t\t\t<div class=\"elementor-widget-container\">\n\t\t\t\t\t\t\t\t<p>Wir haben uns auf diesen Weg begeben, indem wir \u201eDas Richtigste\u201c gesagt haben. Mit unserer Erfahrung und Infrastruktur produzieren wir die genauesten und vorteilhaftesten L\u00f6sungen f\u00fcr unsere Mitarbeiter und unsere Kunden, die einen Mehrwert f\u00fcr unsere Gesellschaft und unser Land schaffen. Wir bieten eine zuverl\u00e4ssige, transparente, effektive, faire, innovative, wettbewerbsf\u00e4hige und nachhaltige Gesch\u00e4ftsplattform. Wir stehen Ihnen mit unseren Produkten zur Verf\u00fcgung, die wir f\u00fcr die Bed\u00fcrfnisse der Branche entwickelt haben.<\/p><p>Wir haben die Vision, mit den am besten geeigneten Produkten f\u00fcr jeden Bedarf die richtige Wahl in der Branche zu sein. Unsere Mission ist es, unsere Branche und unser Land weltweit mit nachhaltiger Qualit\u00e4t und Erfolg zu vertreten.<\/p><p>\u00a0<\/p>\t\t\t\t\t\t<\/div>\n\t\t\t\t<\/div>\n\t\t\t\t\t<\/div>\n\t\t<\/div>\n\t\t\t\t\t\t\t<\/div>\n\t\t<\/section>\n\t\t\t\t<section class=\"elementor-section elementor-top-section elementor-element elementor-element-623cd78 elementor-section-boxed elementor-section-height-default elementor-section-height-default wd-section-disabled\" data-id=\"623cd78\" data-element_type=\"section\">\n\t\t\t\t\t\t<div class=\"elementor-container elementor-column-gap-default\">\n\t\t\t\t\t<div class=\"elementor-column elementor-col-100 elementor-top-column elementor-element elementor-element-0bf5e4d\" data-id=\"0bf5e4d\" data-element_type=\"column\">\n\t\t\t<div class=\"elementor-widget-wrap elementor-element-populated\">\n\t\t\t\t\t\t\t\t<div class=\"elementor-element elementor-element-e01e591 elementor-widget elementor-widget-wd_title\" data-id=\"e01e591\" data-element_type=\"widget\" data-widget_type=\"wd_title.default\">\n\t\t\t\t<div class=\"elementor-widget-container\">\n\t\t\t\t\t<div class=\"title-wrapper set-mb-s reset-last-child wd-title-color-default wd-title-style-default wd-title-size-default text-center\">\n\n\t\t\t\t\t\t\t<div class=\"title-subtitle subtitle-color-default subtitle-style-default wd-fontsize-xs\">\n\t\t\t\t\tAlle Unsere Produktkategorien<br \/>\n\t\t\t\t<\/div>\n\t\t\t\n\t\t\t<div class=\"liner-continer\">\n\n\t\t\t\t<h2 class=\"woodmart-title-container title wd-fontsize-l\">\n\t\t\t\t\tProdukte\t\t\t\t<\/h2>\n\n\t\t\t\t\n\t\t\t<\/div>\n\n\t\t\t\t\t\t\t<div class=\"title-after_title set-cont-mb-s reset-last-child wd-fontsize-xs\">\n\t\t\t\t\tDas Richtigste Provek\u00a0\t\t\t\t<\/div>\n\t\t\t\t\t<\/div>\n\t\t\t\t<\/div>\n\t\t\t\t<\/div>\n\t\t\t\t\t<\/div>\n\t\t<\/div>\n\t\t\t\t\t\t\t<\/div>\n\t\t<\/section>\n\t\t\t\t<section class=\"elementor-section elementor-top-section elementor-element elementor-element-2e62269 elementor-section-boxed elementor-section-height-default elementor-section-height-default wd-section-disabled\" data-id=\"2e62269\" data-element_type=\"section\">\n\t\t\t\t\t\t<div class=\"elementor-container elementor-column-gap-default\">\n\t\t\t\t\t<div class=\"elementor-column elementor-col-100 elementor-top-column elementor-element elementor-element-92a6154\" data-id=\"92a6154\" data-element_type=\"column\">\n\t\t\t<div class=\"elementor-widget-wrap elementor-element-populated\">\n\t\t\t\t\t\t\t\t<div class=\"elementor-element elementor-element-5455e5d elementor-widget elementor-widget-wd_product_categories\" data-id=\"5455e5d\" data-element_type=\"widget\" data-widget_type=\"wd_product_categories.default\">\n\t\t\t\t<div class=\"elementor-widget-container\">\n\t\t\t\t\t\t\t\t\t\t\t\t\n\t\t\t\t<div class=\"products woocommerce columns4 categories-style-default row wd-spacing-30\">\n\t\t\t\t\t\t\t\t\t\t\t<div class=\" col-md-3 col-sm-4 col-6 first  category-grid-item cat-design-replace-title product-category product first\" data-loop=\"1\">\n\t<div class=\"wrapp-category\">\n\t\t<div class=\"category-image-wrapp\">\n\t\t\t<a href=\"https:\/\/provek.com.tr\/de\/product-category\/olentferner\/\" class=\"category-image\">\n\t\t\t\t\n\t\t\t\t<img src=\"https:\/\/provek.com.tr\/de\/wp-content\/uploads\/sites\/6\/2021\/06\/Calisma-Yuzeyi-1-10-600x600.png\" alt=\"\u00d6lentferner\" width=\"600\"  \/>\t\t\t<\/a>\n\t\t<\/div>\n\t\t<div class=\"hover-mask\">\n\t\t\t<h3 class=\"wd-entities-title\">\n\t\t\t\t\u00d6lentferner <mark class=\"count\">(6)<\/mark>\t\t\t<\/h3>\n\n\t\t\t\t\t\t\t<div class=\"more-products\"><a href=\"https:\/\/provek.com.tr\/de\/product-category\/olentferner\/\">6 products<\/a><\/div>\n\t\t\t\n\t\t\t\t\t<\/div>\n\t\t<a href=\"https:\/\/provek.com.tr\/de\/product-category\/olentferner\/\" class=\"category-link\"><\/a>\n\t\t\t<\/div>\n<\/div>\t\t\t\t\t\t\t\t\t\t\t<div class=\" col-md-3 col-sm-4 col-6 category-grid-item cat-design-replace-title product-category product\" data-loop=\"2\">\n\t<div class=\"wrapp-category\">\n\t\t<div class=\"category-image-wrapp\">\n\t\t\t<a href=\"https:\/\/provek.com.tr\/de\/product-category\/kalk-und-rostentferner\/\" class=\"category-image\">\n\t\t\t\t\n\t\t\t\t<img src=\"https:\/\/provek.com.tr\/de\/wp-content\/uploads\/sites\/6\/2021\/06\/stoner-600x600.jpg\" alt=\"Kalk- und Rostentferner\" width=\"600\"  \/>\t\t\t<\/a>\n\t\t<\/div>\n\t\t<div class=\"hover-mask\">\n\t\t\t<h3 class=\"wd-entities-title\">\n\t\t\t\tKalk- und Rostentferner <mark class=\"count\">(5)<\/mark>\t\t\t<\/h3>\n\n\t\t\t\t\t\t\t<div class=\"more-products\"><a href=\"https:\/\/provek.com.tr\/de\/product-category\/kalk-und-rostentferner\/\">5 products<\/a><\/div>\n\t\t\t\n\t\t\t\t\t<\/div>\n\t\t<a href=\"https:\/\/provek.com.tr\/de\/product-category\/kalk-und-rostentferner\/\" class=\"category-link\"><\/a>\n\t\t\t<\/div>\n<\/div>\t\t\t\t\t\t\t\t\t\t\t<div class=\" col-md-3 col-sm-4 col-6 category-grid-item cat-design-replace-title product-category product\" data-loop=\"3\">\n\t<div class=\"wrapp-category\">\n\t\t<div class=\"category-image-wrapp\">\n\t\t\t<a href=\"https:\/\/provek.com.tr\/de\/product-category\/losungsmittel\/\" class=\"category-image\">\n\t\t\t\t\n\t\t\t\t<img src=\"https:\/\/provek.com.tr\/de\/wp-content\/uploads\/sites\/6\/2021\/06\/Calisma-Yuzeyi-1-9-600x600.png\" alt=\"L\u00f6sungsmittel\" width=\"600\"  \/>\t\t\t<\/a>\n\t\t<\/div>\n\t\t<div class=\"hover-mask\">\n\t\t\t<h3 class=\"wd-entities-title\">\n\t\t\t\tL\u00f6sungsmittel <mark class=\"count\">(8)<\/mark>\t\t\t<\/h3>\n\n\t\t\t\t\t\t\t<div class=\"more-products\"><a href=\"https:\/\/provek.com.tr\/de\/product-category\/losungsmittel\/\">8 products<\/a><\/div>\n\t\t\t\n\t\t\t\t\t<\/div>\n\t\t<a href=\"https:\/\/provek.com.tr\/de\/product-category\/losungsmittel\/\" class=\"category-link\"><\/a>\n\t\t\t<\/div>\n<\/div>\t\t\t\t\t\t\t\t\t\t\t<div class=\" col-md-3 col-sm-4 col-6 last  category-grid-item cat-design-replace-title product-category product last\" data-loop=\"4\">\n\t<div class=\"wrapp-category\">\n\t\t<div class=\"category-image-wrapp\">\n\t\t\t<a href=\"https:\/\/provek.com.tr\/de\/product-category\/farb-und-kleberentferner\/\" class=\"category-image\">\n\t\t\t\t\n\t\t\t\t<img src=\"https:\/\/provek.com.tr\/de\/wp-content\/uploads\/sites\/6\/2021\/06\/Calisma-Yuzeyi-1-1-600x600.png\" alt=\"Farb- und Kleberentferner\" width=\"600\"  \/>\t\t\t<\/a>\n\t\t<\/div>\n\t\t<div class=\"hover-mask\">\n\t\t\t<h3 class=\"wd-entities-title\">\n\t\t\t\tFarb- und Kleberentferner <mark class=\"count\">(1)<\/mark>\t\t\t<\/h3>\n\n\t\t\t\t\t\t\t<div class=\"more-products\"><a href=\"https:\/\/provek.com.tr\/de\/product-category\/farb-und-kleberentferner\/\">1 product<\/a><\/div>\n\t\t\t\n\t\t\t\t\t<\/div>\n\t\t<a href=\"https:\/\/provek.com.tr\/de\/product-category\/farb-und-kleberentferner\/\" class=\"category-link\"><\/a>\n\t\t\t<\/div>\n<\/div>\t\t\t\t\t\t\t\t\t\t\t<div class=\" col-md-3 col-sm-4 col-6 first  category-grid-item cat-design-replace-title product-category product first\" data-loop=\"5\">\n\t<div class=\"wrapp-category\">\n\t\t<div class=\"category-image-wrapp\">\n\t\t\t<a href=\"https:\/\/provek.com.tr\/de\/product-category\/kuchen-reinigungsmittel\/\" class=\"category-image\">\n\t\t\t\t\n\t\t\t\t<img src=\"https:\/\/provek.com.tr\/de\/wp-content\/uploads\/sites\/6\/2021\/06\/Calisma-Yuzeyi-1-4-600x600.png\" alt=\"K\u00fcchen Reinigungsmittel\" width=\"600\"  \/>\t\t\t<\/a>\n\t\t<\/div>\n\t\t<div class=\"hover-mask\">\n\t\t\t<h3 class=\"wd-entities-title\">\n\t\t\t\tK\u00fcchen Reinigungsmittel <mark class=\"count\">(8)<\/mark>\t\t\t<\/h3>\n\n\t\t\t\t\t\t\t<div class=\"more-products\"><a href=\"https:\/\/provek.com.tr\/de\/product-category\/kuchen-reinigungsmittel\/\">8 products<\/a><\/div>\n\t\t\t\n\t\t\t\t\t<\/div>\n\t\t<a href=\"https:\/\/provek.com.tr\/de\/product-category\/kuchen-reinigungsmittel\/\" class=\"category-link\"><\/a>\n\t\t\t<\/div>\n<\/div>\t\t\t\t\t\t\t\t\t\t\t<div class=\" col-md-3 col-sm-4 col-6 category-grid-item cat-design-replace-title product-category product\" data-loop=\"6\">\n\t<div class=\"wrapp-category\">\n\t\t<div class=\"category-image-wrapp\">\n\t\t\t<a href=\"https:\/\/provek.com.tr\/de\/product-category\/boden-reinigungsmittel\/\" class=\"category-image\">\n\t\t\t\t\n\t\t\t\t<img src=\"https:\/\/provek.com.tr\/de\/wp-content\/uploads\/sites\/6\/2021\/06\/Calisma-Yuzeyi-1-11-600x600.png\" alt=\"Boden reinigungsmittel\" width=\"600\"  \/>\t\t\t<\/a>\n\t\t<\/div>\n\t\t<div class=\"hover-mask\">\n\t\t\t<h3 class=\"wd-entities-title\">\n\t\t\t\tBoden reinigungsmittel <mark class=\"count\">(5)<\/mark>\t\t\t<\/h3>\n\n\t\t\t\t\t\t\t<div class=\"more-products\"><a href=\"https:\/\/provek.com.tr\/de\/product-category\/boden-reinigungsmittel\/\">5 products<\/a><\/div>\n\t\t\t\n\t\t\t\t\t<\/div>\n\t\t<a href=\"https:\/\/provek.com.tr\/de\/product-category\/boden-reinigungsmittel\/\" class=\"category-link\"><\/a>\n\t\t\t<\/div>\n<\/div>\t\t\t\t\t\t\t\t\t\t\t<div class=\" col-md-3 col-sm-4 col-6 category-grid-item cat-design-replace-title product-category product\" data-loop=\"7\">\n\t<div class=\"wrapp-category\">\n\t\t<div class=\"category-image-wrapp\">\n\t\t\t<a href=\"https:\/\/provek.com.tr\/de\/product-category\/raum-conditioner-und-parfums\/\" class=\"category-image\">\n\t\t\t\t\n\t\t\t\t<img src=\"https:\/\/provek.com.tr\/de\/wp-content\/uploads\/sites\/6\/2021\/06\/Calisma-Yuzeyi-1-6-600x600.png\" alt=\"Raum-Conditioner und Parfums\" width=\"600\"  \/>\t\t\t<\/a>\n\t\t<\/div>\n\t\t<div class=\"hover-mask\">\n\t\t\t<h3 class=\"wd-entities-title\">\n\t\t\t\tRaum-Conditioner und Parfums <mark class=\"count\">(3)<\/mark>\t\t\t<\/h3>\n\n\t\t\t\t\t\t\t<div class=\"more-products\"><a href=\"https:\/\/provek.com.tr\/de\/product-category\/raum-conditioner-und-parfums\/\">3 products<\/a><\/div>\n\t\t\t\n\t\t\t\t\t<\/div>\n\t\t<a href=\"https:\/\/provek.com.tr\/de\/product-category\/raum-conditioner-und-parfums\/\" class=\"category-link\"><\/a>\n\t\t\t<\/div>\n<\/div>\t\t\t\t\t\t\t\t\t\t\t<div class=\" col-md-3 col-sm-4 col-6 last  category-grid-item cat-design-replace-title product-category product last\" data-loop=\"8\">\n\t<div class=\"wrapp-category\">\n\t\t<div class=\"category-image-wrapp\">\n\t\t\t<a href=\"https:\/\/provek.com.tr\/de\/product-category\/spezielle-produkte\/\" class=\"category-image\">\n\t\t\t\t\n\t\t\t\t<img src=\"https:\/\/provek.com.tr\/de\/wp-content\/uploads\/sites\/6\/2021\/06\/Calisma-Yuzeyi-1-8-600x600.png\" alt=\"Spezielle Produkte\" width=\"600\"  \/>\t\t\t<\/a>\n\t\t<\/div>\n\t\t<div class=\"hover-mask\">\n\t\t\t<h3 class=\"wd-entities-title\">\n\t\t\t\tSpezielle Produkte <mark class=\"count\">(5)<\/mark>\t\t\t<\/h3>\n\n\t\t\t\t\t\t\t<div class=\"more-products\"><a href=\"https:\/\/provek.com.tr\/de\/product-category\/spezielle-produkte\/\">5 products<\/a><\/div>\n\t\t\t\n\t\t\t\t\t<\/div>\n\t\t<a href=\"https:\/\/provek.com.tr\/de\/product-category\/spezielle-produkte\/\" class=\"category-link\"><\/a>\n\t\t\t<\/div>\n<\/div>\t\t\t\t\t\t\t\t\t\t\t<div class=\" col-md-3 col-sm-4 col-6 first  category-grid-item cat-design-replace-title product-category product first\" data-loop=\"9\">\n\t<div class=\"wrapp-category\">\n\t\t<div class=\"category-image-wrapp\">\n\t\t\t<a href=\"https:\/\/provek.com.tr\/de\/product-category\/autopflege-produkte\/\" class=\"category-image\">\n\t\t\t\t\n\t\t\t\t<img src=\"https:\/\/provek.com.tr\/de\/wp-content\/uploads\/sites\/6\/2021\/06\/Calisma-Yuzeyi-1-7-600x600.png\" alt=\"Autopflege Produkte\" width=\"600\"  \/>\t\t\t<\/a>\n\t\t<\/div>\n\t\t<div class=\"hover-mask\">\n\t\t\t<h3 class=\"wd-entities-title\">\n\t\t\t\tAutopflege Produkte <mark class=\"count\">(2)<\/mark>\t\t\t<\/h3>\n\n\t\t\t\t\t\t\t<div class=\"more-products\"><a href=\"https:\/\/provek.com.tr\/de\/product-category\/autopflege-produkte\/\">2 products<\/a><\/div>\n\t\t\t\n\t\t\t\t\t<\/div>\n\t\t<a href=\"https:\/\/provek.com.tr\/de\/product-category\/autopflege-produkte\/\" class=\"category-link\"><\/a>\n\t\t\t<\/div>\n<\/div>\t\t\t\t\t\t\t\t\t\t\t<div class=\" col-md-3 col-sm-4 col-6 category-grid-item cat-design-replace-title product-category product\" data-loop=\"10\">\n\t<div class=\"wrapp-category\">\n\t\t<div class=\"category-image-wrapp\">\n\t\t\t<a href=\"https:\/\/provek.com.tr\/de\/product-category\/kesselchemikalien\/\" class=\"category-image\">\n\t\t\t\t\n\t\t\t\t<img src=\"https:\/\/provek.com.tr\/de\/wp-content\/uploads\/sites\/6\/2021\/06\/WhatsApp-Image-2021-05-28-at-19.44.08-1-600x600.jpeg\" alt=\"Kesselchemikalien\" width=\"600\"  \/>\t\t\t<\/a>\n\t\t<\/div>\n\t\t<div class=\"hover-mask\">\n\t\t\t<h3 class=\"wd-entities-title\">\n\t\t\t\tKesselchemikalien <mark class=\"count\">(1)<\/mark>\t\t\t<\/h3>\n\n\t\t\t\t\t\t\t<div class=\"more-products\"><a href=\"https:\/\/provek.com.tr\/de\/product-category\/kesselchemikalien\/\">1 product<\/a><\/div>\n\t\t\t\n\t\t\t\t\t<\/div>\n\t\t<a href=\"https:\/\/provek.com.tr\/de\/product-category\/kesselchemikalien\/\" class=\"category-link\"><\/a>\n\t\t\t<\/div>\n<\/div>\t\t\t\t\t\t\t\t\t\t\t<div class=\" col-md-3 col-sm-4 col-6 category-grid-item cat-design-replace-title product-category product\" data-loop=\"11\">\n\t<div class=\"wrapp-category\">\n\t\t<div class=\"category-image-wrapp\">\n\t\t\t<a href=\"https:\/\/provek.com.tr\/de\/product-category\/produkte-zur-direkten-verwendung\/\" class=\"category-image\">\n\t\t\t\t\n\t\t\t\t<img src=\"https:\/\/provek.com.tr\/de\/wp-content\/uploads\/sites\/6\/2021\/06\/0_All-mauritius-images-06394605-Highres-600x600.jpg\" alt=\"Produkte Zur Direkten Verwendung\" width=\"600\"  \/>\t\t\t<\/a>\n\t\t<\/div>\n\t\t<div class=\"hover-mask\">\n\t\t\t<h3 class=\"wd-entities-title\">\n\t\t\t\tProdukte Zur Direkten Verwendung <mark class=\"count\">(9)<\/mark>\t\t\t<\/h3>\n\n\t\t\t\t\t\t\t<div class=\"more-products\"><a href=\"https:\/\/provek.com.tr\/de\/product-category\/produkte-zur-direkten-verwendung\/\">9 products<\/a><\/div>\n\t\t\t\n\t\t\t\t\t<\/div>\n\t\t<a href=\"https:\/\/provek.com.tr\/de\/product-category\/produkte-zur-direkten-verwendung\/\" class=\"category-link\"><\/a>\n\t\t\t<\/div>\n<\/div>\t\t\t\t\t\t\t\t\t<\/div>\n\t\t\t\t\t\t\t\t\t<\/div>\n\t\t\t\t<\/div>\n\t\t\t\t\t<\/div>\n\t\t<\/div>\n\t\t\t\t\t\t\t<\/div>\n\t\t<\/section>\n\t\t\t\t\t\t<\/div>\n\t\t\t\t\t<\/div>\n\t\t","protected":false},"excerpt":{"rendered":"<p>Zuverl\u00e4ssigkeit, Gerechtigkeit, Effizienz, Transparenz, Initiative, Kreativit\u00e4t, Teamwork, Umweltwissenschaftler (Bewusstsein), Hingabe und Respekt. Wir haben uns auf diesen Weg begeben, indem<\/p>\n","protected":false},"author":1,"featured_media":0,"parent":0,"menu_order":0,"comment_status":"closed","ping_status":"closed","template":"","meta":[],"yoast_head":"<!-- This site is optimized with the Yoast SEO plugin v17.2.1 - https:\/\/yoast.com\/wordpress\/plugins\/seo\/ -->\n<title>\u00dcber uns - Provek De<\/title>\n<meta name=\"robots\" content=\"index, follow, max-snippet:-1, max-image-preview:large, max-video-preview:-1\" \/>\n<link rel=\"canonical\" href=\"https:\/\/provek.com.tr\/de\/uber-uns\/\" \/>\n<meta property=\"og:locale\" content=\"de_DE\" \/>\n<meta property=\"og:type\" content=\"article\" \/>\n<meta property=\"og:title\" content=\"\u00dcber uns - Provek De\" \/>\n<meta property=\"og:description\" content=\"Zuverl\u00e4ssigkeit, Gerechtigkeit, Effizienz, Transparenz, Initiative, Kreativit\u00e4t, Teamwork, Umweltwissenschaftler (Bewusstsein), Hingabe und Respekt. Wir haben uns auf diesen Weg begeben, indem\" \/>\n<meta property=\"og:url\" content=\"https:\/\/provek.com.tr\/de\/uber-uns\/\" \/>\n<meta property=\"og:site_name\" content=\"Provek De\" \/>\n<meta property=\"article:modified_time\" content=\"2021-10-16T09:15:14+00:00\" \/>\n<meta property=\"og:image\" content=\"https:\/\/provek.com.tr\/de\/wp-content\/uploads\/sites\/6\/2021\/06\/Calisma-Yuzeyi-1-10-600x600.png\" \/>\n<meta name=\"twitter:card\" content=\"summary_large_image\" \/>\n<meta name=\"twitter:label1\" content=\"Gesch\u00e4tzte Lesezeit\" \/>\n\t<meta name=\"twitter:data1\" content=\"4\u00a0Minuten\" \/>\n<script type=\"application\/ld+json\" class=\"yoast-schema-graph\">{\"@context\":\"https:\/\/schema.org\",\"@graph\":[{\"@type\":\"WebSite\",\"@id\":\"https:\/\/provek.com.tr\/de\/#website\",\"url\":\"https:\/\/provek.com.tr\/de\/\",\"name\":\"Provek De\",\"description\":\"En Do\\u011frusu\",\"potentialAction\":[{\"@type\":\"SearchAction\",\"target\":{\"@type\":\"EntryPoint\",\"urlTemplate\":\"https:\/\/provek.com.tr\/de\/?s={search_term_string}\"},\"query-input\":\"required name=search_term_string\"}],\"inLanguage\":\"de\"},{\"@type\":\"ImageObject\",\"@id\":\"https:\/\/provek.com.tr\/de\/uber-uns\/#primaryimage\",\"inLanguage\":\"de\",\"url\":\"https:\/\/provek.com.tr\/de\/wp-content\/uploads\/sites\/6\/2021\/06\/Calisma-Yuzeyi-1-10.png\",\"contentUrl\":\"https:\/\/provek.com.tr\/de\/wp-content\/uploads\/sites\/6\/2021\/06\/Calisma-Yuzeyi-1-10.png\",\"width\":600,\"height\":600},{\"@type\":\"WebPage\",\"@id\":\"https:\/\/provek.com.tr\/de\/uber-uns\/#webpage\",\"url\":\"https:\/\/provek.com.tr\/de\/uber-uns\/\",\"name\":\"\\u00dcber uns - Provek De\",\"isPartOf\":{\"@id\":\"https:\/\/provek.com.tr\/de\/#website\"},\"primaryImageOfPage\":{\"@id\":\"https:\/\/provek.com.tr\/de\/uber-uns\/#primaryimage\"},\"datePublished\":\"2021-03-18T09:42:03+00:00\",\"dateModified\":\"2021-10-16T09:15:14+00:00\",\"breadcrumb\":{\"@id\":\"https:\/\/provek.com.tr\/de\/uber-uns\/#breadcrumb\"},\"inLanguage\":\"de\",\"potentialAction\":[{\"@type\":\"ReadAction\",\"target\":[\"https:\/\/provek.com.tr\/de\/uber-uns\/\"]}]},{\"@type\":\"BreadcrumbList\",\"@id\":\"https:\/\/provek.com.tr\/de\/uber-uns\/#breadcrumb\",\"itemListElement\":[{\"@type\":\"ListItem\",\"position\":1,\"name\":\"Anasayfa\",\"item\":\"https:\/\/provek.com.tr\/de\/\"},{\"@type\":\"ListItem\",\"position\":2,\"name\":\"\\u00dcber uns\"}]}]}<\/script>\n<!-- \/ Yoast SEO plugin. -->","yoast_head_json":{"title":"\u00dcber uns - Provek De","robots":{"index":"index","follow":"follow","max-snippet":"max-snippet:-1","max-image-preview":"max-image-preview:large","max-video-preview":"max-video-preview:-1"},"canonical":"https:\/\/provek.com.tr\/de\/uber-uns\/","og_locale":"de_DE","og_type":"article","og_title":"\u00dcber uns - Provek De","og_description":"Zuverl\u00e4ssigkeit, Gerechtigkeit, Effizienz, Transparenz, Initiative, Kreativit\u00e4t, Teamwork, Umweltwissenschaftler (Bewusstsein), Hingabe und Respekt. Wir haben uns auf diesen Weg begeben, indem","og_url":"https:\/\/provek.com.tr\/de\/uber-uns\/","og_site_name":"Provek De","article_modified_time":"2021-10-16T09:15:14+00:00","og_image":[{"url":"https:\/\/provek.com.tr\/de\/wp-content\/uploads\/sites\/6\/2021\/06\/Calisma-Yuzeyi-1-10-600x600.png"}],"twitter_card":"summary_large_image","twitter_misc":{"Gesch\u00e4tzte Lesezeit":"4\u00a0Minuten"},"schema":{"@context":"https:\/\/schema.org","@graph":[{"@type":"WebSite","@id":"https:\/\/provek.com.tr\/de\/#website","url":"https:\/\/provek.com.tr\/de\/","name":"Provek De","description":"En Do\u011frusu","potentialAction":[{"@type":"SearchAction","target":{"@type":"EntryPoint","urlTemplate":"https:\/\/provek.com.tr\/de\/?s={search_term_string}"},"query-input":"required name=search_term_string"}],"inLanguage":"de"},{"@type":"ImageObject","@id":"https:\/\/provek.com.tr\/de\/uber-uns\/#primaryimage","inLanguage":"de","url":"https:\/\/provek.com.tr\/de\/wp-content\/uploads\/sites\/6\/2021\/06\/Calisma-Yuzeyi-1-10.png","contentUrl":"https:\/\/provek.com.tr\/de\/wp-content\/uploads\/sites\/6\/2021\/06\/Calisma-Yuzeyi-1-10.png","width":600,"height":600},{"@type":"WebPage","@id":"https:\/\/provek.com.tr\/de\/uber-uns\/#webpage","url":"https:\/\/provek.com.tr\/de\/uber-uns\/","name":"\u00dcber uns - Provek De","isPartOf":{"@id":"https:\/\/provek.com.tr\/de\/#website"},"primaryImageOfPage":{"@id":"https:\/\/provek.com.tr\/de\/uber-uns\/#primaryimage"},"datePublished":"2021-03-18T09:42:03+00:00","dateModified":"2021-10-16T09:15:14+00:00","breadcrumb":{"@id":"https:\/\/provek.com.tr\/de\/uber-uns\/#breadcrumb"},"inLanguage":"de","potentialAction":[{"@type":"ReadAction","target":["https:\/\/provek.com.tr\/de\/uber-uns\/"]}]},{"@type":"BreadcrumbList","@id":"https:\/\/provek.com.tr\/de\/uber-uns\/#breadcrumb","itemListElement":[{"@type":"ListItem","position":1,"name":"Anasayfa","item":"https:\/\/provek.com.tr\/de\/"},{"@type":"ListItem","position":2,"name":"\u00dcber uns"}]}]}},"_links":{"self":[{"href":"https:\/\/provek.com.tr\/de\/wp-json\/wp\/v2\/pages\/10022"}],"collection":[{"href":"https:\/\/provek.com.tr\/de\/wp-json\/wp\/v2\/pages"}],"about":[{"href":"https:\/\/provek.com.tr\/de\/wp-json\/wp\/v2\/types\/page"}],"author":[{"embeddable":true,"href":"https:\/\/provek.com.tr\/de\/wp-json\/wp\/v2\/users\/1"}],"replies":[{"embeddable":true,"href":"https:\/\/provek.com.tr\/de\/wp-json\/wp\/v2\/comments?post=10022"}],"version-history":[{"count":83,"href":"https:\/\/provek.com.tr\/de\/wp-json\/wp\/v2\/pages\/10022\/revisions"}],"predecessor-version":[{"id":11401,"href":"https:\/\/provek.com.tr\/de\/wp-json\/wp\/v2\/pages\/10022\/revisions\/11401"}],"wp:attachment":[{"href":"https:\/\/provek.com.tr\/de\/wp-json\/wp\/v2\/media?parent=10022"}],"curies":[{"name":"wp","href":"https:\/\/api.w.org\/{rel}","templated":true}]}}